{"id":31171,"date":"2025-06-09T18:15:57","date_gmt":"2025-06-09T15:15:57","guid":{"rendered":"https:\/\/vitavia.ee\/kasvuhoone\/toode\/siltnamio-efekta-sukelianciu-uzuolaidu\/"},"modified":"2025-08-04T15:27:16","modified_gmt":"2025-08-04T12:27:16","slug":"siltnamio-efekta-sukelianciu-uzuolaidu","status":"publish","type":"product","link":"https:\/\/vitavia.lt\/kasvuhoone\/toode\/siltnamio-efekta-sukelianciu-uzuolaidu\/","title":{"rendered":"\u0160iltnamio efekt\u0105 sukelian\u010di\u0173 u\u017euolaid\u0173"},"content":{"rendered":"<h4><strong>U\u017euolaida nuo saul\u0117s augalams, esantiems \u0161iltnamio \u0161one arba stogo ir \u0161ono pus\u0117je, apsaugoti.<\/strong><\/h4>\n<p>Patraukli \u0161e\u0161\u0117lin\u0117 u\u017euolaida, apsauganti \u0161iltnamio augalus nuo pernelyg aktyvios saul\u0117s, taip pat patraukli ir dekoratyvi.<br \/>\nU\u017euolaidas lengva sumontuoti ir nuimti valymui.<\/p>\n<p>U\u017euolaidos, nepraleid\u017eian\u010dios \u0161viesos, b\u016bna keturi\u0173 dyd\u017ei\u0173:<\/p>\n<ul>\n<li>130 x 146 cm \u2013 \u0161onin\u0117s sienos u\u017euolaida, tinkanti daugumai \u201eVitavia\u201c modeli\u0173<\/li>\n<li>130 x 164 cm \u2013 \u0161onin\u0117s sienos u\u017euolaida, tinkanti \u201eVitavia\u201c ir ACD modeliams su auk\u0161tesn\u0117mis \u0161onin\u0117mis sienel\u0117mis<\/li>\n<li>130 x 277 cm \u2013 ilga u\u017euolaida, dengianti ir stog\u0105, ir \u0161onus vienu metu. Tinka daugumai \u201eVitavia\u201c modeli\u0173. <\/li>\n<li>130 x 328 cm \u2013 ilga u\u017euolaida, dengianti ir stog\u0105, ir \u0161onus vienu metu. Tinka daugumai \u201eVitavia\u201c ir ACD modeli\u0173 su auk\u0161tesniais \u0161onais. <\/li>\n<\/ul>\n<p>U\u017euolaid\u0173 komplekt\u0105 sudaro baltas audinys, pakabinimo viela, viela ir u\u017euolaid\u0173 pakabinimo spaustukai, atsi\u017evelgiant \u012f \u0161iltnamio tip\u0105.<\/p>\n","protected":false},"excerpt":{"rendered":"<p>U\u017euolaida nuo saul\u0117s augalams, esantiems \u0161iltnamio \u0161one arba stogo ir \u0161ono pus\u0117je, apsaugoti. Patraukli \u0161e\u0161\u0117lin\u0117 u\u017euolaida, apsauganti \u0161iltnamio augalus nuo pernelyg aktyvios saul\u0117s, taip pat patraukli ir dekoratyvi. U\u017euolaidas lengva sumontuoti ir nuimti valymui. U\u017euolaidos, nepraleid\u017eian\u010dios \u0161viesos, b\u016bna keturi\u0173 dyd\u017ei\u0173: 130 x 146 cm \u2013 \u0161onin\u0117s sienos u\u017euolaida, tinkanti daugumai \u201eVitavia\u201c modeli\u0173 130 x 164 &#8230; <\/p>\n<p class=\"read-more-container\"><a title=\"\u0160iltnamio efekt\u0105 sukelian\u010di\u0173 u\u017euolaid\u0173\" class=\"read-more button\" href=\"https:\/\/vitavia.lt\/kasvuhoone\/toode\/siltnamio-efekta-sukelianciu-uzuolaidu\/#more-31171\" aria-label=\"Read more about \u0160iltnamio efekt\u0105 sukelian\u010di\u0173 u\u017euolaid\u0173\">Read more<\/a><\/p>\n","protected":false},"featured_media":31024,"comment_status":"closed","ping_status":"closed","template":"","meta":[],"product_brand":[],"product_cat":[993],"product_tag":[2125,399,400],"class_list":{"0":"post-31171","1":"product","2":"type-product","3":"status-publish","4":"has-post-thumbnail","6":"product_cat-siltnamio-priedas","7":"product_tag-uztemdanti-uzuolaida","8":"product_tag-siltnamis","9":"product_tag-siltnamiai","10":"infinite-scroll-item","11":"no-featured-image-padding","12":"sales-flash-overlay","13":"woocommerce-text-align-left","14":"woocommerce-image-align-center","15":"do-quantity-buttons","17":"first","18":"instock","19":"shipping-taxable","20":"purchasable","21":"product-type-variable"},"_links":{"self":[{"href":"https:\/\/vitavia.lt\/kasvuhoone\/wp-json\/wp\/v2\/product\/31171","targetHints":{"allow":["GET"]}}],"collection":[{"href":"https:\/\/vitavia.lt\/kasvuhoone\/wp-json\/wp\/v2\/product"}],"about":[{"href":"https:\/\/vitavia.lt\/kasvuhoone\/wp-json\/wp\/v2\/types\/product"}],"replies":[{"embeddable":true,"href":"https:\/\/vitavia.lt\/kasvuhoone\/wp-json\/wp\/v2\/comments?post=31171"}],"wp:featuredmedia":[{"embeddable":true,"href":"https:\/\/vitavia.lt\/kasvuhoone\/wp-json\/wp\/v2\/media\/31024"}],"wp:attachment":[{"href":"https:\/\/vitavia.lt\/kasvuhoone\/wp-json\/wp\/v2\/media?parent=31171"}],"wp:term":[{"taxonomy":"product_brand","embeddable":true,"href":"https:\/\/vitavia.lt\/kasvuhoone\/wp-json\/wp\/v2\/product_brand?post=31171"},{"taxonomy":"product_cat","embeddable":true,"href":"https:\/\/vitavia.lt\/kasvuhoone\/wp-json\/wp\/v2\/product_cat?post=31171"},{"taxonomy":"product_tag","embeddable":true,"href":"https:\/\/vitavia.lt\/kasvuhoone\/wp-json\/wp\/v2\/product_tag?post=31171"}],"curies":[{"name":"wp","href":"https:\/\/api.w.org\/{rel}","templated":true}]}}