{"id":30822,"date":"2025-05-31T11:45:45","date_gmt":"2025-05-31T08:45:45","guid":{"rendered":"https:\/\/vitavia.ee\/kasvuhoone\/?post_type=product&#038;p=30822"},"modified":"2025-08-25T08:24:11","modified_gmt":"2025-08-25T05:24:11","slug":"prie-sienos-tvirtinamas-siltnamis-acd-mr3h","status":"publish","type":"product","link":"https:\/\/vitavia.lt\/kasvuhoone\/toode\/prie-sienos-tvirtinamas-siltnamis-acd-mr3h\/","title":{"rendered":"Prie sienos tvirtinamas \u0161iltnamis ACD MR3H"},"content":{"rendered":"<p>Patrauklus ir auk\u0161tos kokyb\u0117s prie sienos tvirtinamas \u0161iltnamis sodininkyst\u0117s entuziastams, kurie, <strong>be praktini\u0173 poreiki\u0173,<\/strong> \u0161iltnam\u012f mato ir <strong>kaip dekoratyvin\u012f element\u0105, harmoningai derant\u012f prie sodo<\/strong> .<br \/>\nM\u016bs\u0173 <strong>auk\u0161tos klas\u0117s \u0161iltnamiai<\/strong> idealiai tinka kiekvienam sodininkui \u2013 tiek tiems, kurie planuoja juose auginti dar\u017eoves, tiek tiems, kurie nori juos naudoti kaip poilsio ir atsipalaidavimo viet\u0105.<br \/>\nIr visa tai <strong>su geriausiu kainos ir kokyb\u0117s<\/strong> santykiu!<br \/>\n<strong>R\u0117mo spalva:<\/strong> \u0160iltnam\u012f galima \u012fsigyti su aliuminio pilku arba milteliniu b\u016bdu dengtu juodu r\u0117mu. U\u017e papildom\u0105 mokest\u012f galime nuda\u017eyti \u0161iltnamio karkas\u0105 kitomis RAL spalvomis.<\/p>\n<p>MATMENYS IR INFORMACIJA:<\/p>\n<ul>\n<li style=\"list-style-type: none;\">\n<ul>\n<li>Klasikinis 232 cm plo\u010dio \u0161iltnamis, kur\u012f galima rinktis i\u0161 7 skirting\u0173 ilgi\u0173 arba 7 skirting\u0173 dyd\u017ei\u0173.<\/li>\n<li>Vien\u0173 dur\u0173 matmenys 185 x 68 cm. Galima u\u017esisakyti papildomas duris galinei \u0161iltnamio sienai. Taip pat galima u\u017esakyti papildomas duris \u0161onuose, tada vienos durys yra 165 cm x 74 cm dyd\u017eio.<\/li>\n<li>Dideli 84 cm x 73 cm stogo langai u\u017etikrina ger\u0105 oro cirkuliacij\u0105. Stoglangi\u0173 skai\u010dius priklauso nuo \u0161iltnamio dyd\u017eio. Jei reikia, galima u\u017esisakyti papildom\u0173 stoglangi\u0173.<\/li>\n<li>Kraigo auk\u0161tis, \u012fskaitant pagrindin\u012f r\u0117m\u0105, yra 298 cm, o \u0161onin\u0117s sienos auk\u0161tis, \u012fskaitant pagrindin\u012f r\u0117m\u0105, \u2013 179 cm. Jame yra du aliumininiai lietaus vandens vamzd\u017eiai.<\/li>\n<li>\u0160iltnamiui suteikiama 12 met\u0173 gamyklin\u0117 garantija.<\/li>\n<\/ul>\n<\/li>\n<\/ul>\n<p><strong>\u0160iltnam\u012f su pagrindiniu karkasu galima tvirtinti tiesiai prie \u017eem\u0117s, prie bet kokio paruo\u0161to akmeninio ar medinio pavir\u0161iaus ir b\u016btinai prie betoninio ar blokinio pamato.<\/strong><br \/>\nTvirtas aliuminio pagrindo r\u0117mas suteikia \u0161iltnamiui didesn\u012f stabilum\u0105 ir palengvina surinkim\u0105. Pagrindo r\u0117mas pagamintas i\u0161 tvirto karpinio ir yra dviej\u0173 kamer\u0173, tod\u0117l yra ypa\u010d tvirtas, pavyzd\u017eiui, prie\u0161 \u0161alt\u012f. Prie pagrindo r\u0117mo pritvirtinti inkariniai lynai, kuriuos galima \u012fkasti \u012f \u017eem\u0119 arba supilti \u012f mi\u0161in\u012f. Tod\u0117l subr\u0117mas taip pat gali b\u016bti atskiro pamato pakaitalas.<\/p>\n<p>\u0160iltnamio <strong>4 mm gr\u016bdintas stiklas<\/strong> yra iki 7 kart\u0173 tvirtesnis u\u017e \u012fprast\u0105 \u0161iltnamio stikl\u0105. Tai rei\u0161kia didesn\u012f saugum\u0105 montuojant ir v\u0117liau naudojant. Jei stiklas sudu\u017et\u0173, nelikt\u0173 pavojing\u0173 a\u0161tri\u0173 \u0161uki\u0173, o tik stiklo \u0161uk\u0117s, kaip kad sudu\u017eus automobilio langui. \u0160ios skaldos nepa\u017eeis ir nesutrikdys \u0161iltnamio dirvo\u017eemio.<\/p>\n<p><img loading=\"lazy\" decoding=\"async\" class=\"alignnone size-medium wp-image-10160\" src=\"https:\/\/mwlconstruct.eu\/e-pood\/wp-content\/uploads\/2020\/10\/Tugeva_raamiga_kasvuhoone-300x202.jpg\" alt=\"\" width=\"300\" height=\"202\" \/><a href=\"https:\/\/mwlconstruct.eu\/e-pood\/wp-content\/uploads\/2020\/10\/ACD-kasvuhooned-ja-aiapaviljonid.jpg\"><img loading=\"lazy\" decoding=\"async\" class=\"alignnone wp-image-10172 size-medium\" src=\"https:\/\/mwlconstruct.eu\/e-pood\/wp-content\/uploads\/2020\/10\/ACD-kasvuhooned-ja-aiapaviljonid-300x225.jpg\" alt=\"\" width=\"300\" height=\"225\" \/><\/a><\/p>\n<table id=\"customers\">\n<tbody>\n<tr>\n<td class=\"r3ptp\" colspan=\"4\">MR3 tipo \u0161iltnamis turi 7 skirtingo ilgio modelius:<\/td>\n<\/tr>\n<tr>\n<th>Modelis<\/th>\n<th>Ilgis<\/th>\n<th>M\u00b2<\/th>\n<th>V\u0117dinimo liukas<\/th>\n<\/tr>\n<tr>\n<td>MR204H<\/td>\n<td>2,98 m<\/td>\n<td>6.91<\/td>\n<td>1<\/td>\n<\/tr>\n<tr>\n<td>MR205H<\/td>\n<td>3,71 m<\/td>\n<td>8.61<\/td>\n<td>1<\/td>\n<\/tr>\n<tr>\n<td>MR206H<\/td>\n<td>4,45 m<\/td>\n<td>10.32<\/td>\n<td>2<\/td>\n<\/tr>\n<tr>\n<td>MR207H<\/td>\n<td>5,19 m<\/td>\n<td>12.04<\/td>\n<td>3<\/td>\n<\/tr>\n<tr>\n<td>MR208H<\/td>\n<td>5,93 m<\/td>\n<td>13,76<\/td>\n<td>3<\/td>\n<\/tr>\n<tr>\n<td>MR209H<\/td>\n<td>6,67 m<\/td>\n<td>15.47<\/td>\n<td>4<\/td>\n<\/tr>\n<tr>\n<td>MR210H<\/td>\n<td>7,41 m<\/td>\n<td>17.19<\/td>\n<td>4<\/td>\n<\/tr>\n<\/tbody>\n<\/table>\n","protected":false},"excerpt":{"rendered":"<p>Plotis 2,32 m x ilgis 2,98-7,41 m = 6,91-17,19 m\u00b2<\/p>\n","protected":false},"featured_media":32195,"comment_status":"closed","ping_status":"closed","template":"","meta":[],"product_brand":[],"product_cat":[1115],"product_tag":[404,405,1768,1083,399,1088,400,401,402,1607,403],"class_list":{"0":"post-30822","1":"product","2":"type-product","3":"status-publish","4":"has-post-thumbnail","6":"product_cat-sieniniai-siltnamiai","7":"product_tag-triiphone-lt","8":"product_tag-triplex-lt","9":"product_tag-sonai-is-grudinto-stiklo-ir-stogas-is-grudinto-matinio-stiklo","10":"product_tag-sieninis-siltnamis","11":"product_tag-siltnamis","12":"product_tag-sieninis-siltnamis-lt-2","13":"product_tag-siltnamiai","14":"product_tag-siltnamis-lt","15":"product_tag-siltnamis-lt-2","16":"product_tag-grudintas-stiklas","17":"product_tag-siltnamiai-lt","18":"pa_kattematerjal-sonai-4-mm-grudintas-stiklas-ir-stogas-4-mm-grudintas-matinis-stiklas","19":"pa_kulje-korgus-179-m-lt","20":"pa_laius-232-m-lt-2","21":"pa_pikkus-593-m-lt","22":"pa_pikkus-298-m-lt","23":"pa_pikkus-667-m-lt","24":"pa_pikkus-741-m-lt","25":"pa_pikkus-445-m-lt","26":"pa_pikkus-371-m-lt","27":"pa_pikkus-519-m-lt","28":"pa_tipu-korgus-298-m-lt","29":"pa_varv-juodos-spalvos-miltelinis-dazymas-ral-9005","30":"pa_varv-milteliniu-budu-dengtas-kitomis-ral-spalvomis","31":"pa_varv-standartinis-aliuminis","32":"infinite-scroll-item","33":"no-featured-image-padding","34":"sales-flash-overlay","35":"woocommerce-text-align-left","36":"woocommerce-image-align-center","37":"do-quantity-buttons","39":"first","40":"instock","41":"sale","42":"shipping-taxable","43":"purchasable","44":"product-type-variable","45":"has-default-attributes"},"_links":{"self":[{"href":"https:\/\/vitavia.lt\/kasvuhoone\/wp-json\/wp\/v2\/product\/30822","targetHints":{"allow":["GET"]}}],"collection":[{"href":"https:\/\/vitavia.lt\/kasvuhoone\/wp-json\/wp\/v2\/product"}],"about":[{"href":"https:\/\/vitavia.lt\/kasvuhoone\/wp-json\/wp\/v2\/types\/product"}],"replies":[{"embeddable":true,"href":"https:\/\/vitavia.lt\/kasvuhoone\/wp-json\/wp\/v2\/comments?post=30822"}],"wp:featuredmedia":[{"embeddable":true,"href":"https:\/\/vitavia.lt\/kasvuhoone\/wp-json\/wp\/v2\/media\/32195"}],"wp:attachment":[{"href":"https:\/\/vitavia.lt\/kasvuhoone\/wp-json\/wp\/v2\/media?parent=30822"}],"wp:term":[{"taxonomy":"product_brand","embeddable":true,"href":"https:\/\/vitavia.lt\/kasvuhoone\/wp-json\/wp\/v2\/product_brand?post=30822"},{"taxonomy":"product_cat","embeddable":true,"href":"https:\/\/vitavia.lt\/kasvuhoone\/wp-json\/wp\/v2\/product_cat?post=30822"},{"taxonomy":"product_tag","embeddable":true,"href":"https:\/\/vitavia.lt\/kasvuhoone\/wp-json\/wp\/v2\/product_tag?post=30822"}],"curies":[{"name":"wp","href":"https:\/\/api.w.org\/{rel}","templated":true}]}}