{"id":29842,"date":"2018-12-28T19:08:06","date_gmt":"2025-02-11T19:27:15","guid":{"rendered":"https:\/\/vitavia.ee\/kasvuhoone\/toode\/siltnamio-stumdomu-duru-volai\/"},"modified":"2025-02-11T22:27:15","modified_gmt":"2025-02-11T19:27:15","slug":"siltnamio-stumdomu-duru-volai","status":"publish","type":"product","link":"https:\/\/vitavia.lt\/kasvuhoone\/toode\/siltnamio-stumdomu-duru-volai\/","title":{"rendered":"\u0160iltnamio stumdom\u0173 dur\u0173 volai"},"content":{"rendered":"<p>Papildomas plastikini\u0173 stumdom\u0173 dur\u0173 ritin\u0117li\u0173 komplektas, jei susid\u0117v\u0117s seni ritin\u0117liai.<br \/>\n Komplekte yra du ritin\u0117liai + ver\u017el\u0117s\/var\u017etai<\/p>\n","protected":false},"excerpt":{"rendered":"<p>Papildomas plastikini\u0173 stumdom\u0173 dur\u0173 ritin\u0117li\u0173 komplektas, jei susid\u0117v\u0117s seni ritin\u0117liai. Komplekte yra du ritin\u0117liai + ver\u017el\u0117s\/var\u017etai<\/p>\n","protected":false},"featured_media":14167,"comment_status":"closed","ping_status":"closed","template":"","meta":[],"product_brand":[],"product_cat":[993],"product_tag":[],"class_list":{"0":"post-29842","1":"product","2":"type-product","3":"status-publish","4":"has-post-thumbnail","6":"product_cat-siltnamio-priedas","7":"infinite-scroll-item","8":"no-featured-image-padding","9":"sales-flash-overlay","10":"woocommerce-text-align-left","11":"woocommerce-image-align-center","12":"do-quantity-buttons","14":"first","15":"instock","16":"shipping-taxable","17":"purchasable","18":"product-type-simple"},"_links":{"self":[{"href":"https:\/\/vitavia.lt\/kasvuhoone\/wp-json\/wp\/v2\/product\/29842","targetHints":{"allow":["GET"]}}],"collection":[{"href":"https:\/\/vitavia.lt\/kasvuhoone\/wp-json\/wp\/v2\/product"}],"about":[{"href":"https:\/\/vitavia.lt\/kasvuhoone\/wp-json\/wp\/v2\/types\/product"}],"replies":[{"embeddable":true,"href":"https:\/\/vitavia.lt\/kasvuhoone\/wp-json\/wp\/v2\/comments?post=29842"}],"wp:featuredmedia":[{"embeddable":true,"href":"https:\/\/vitavia.lt\/kasvuhoone\/wp-json\/wp\/v2\/media\/14167"}],"wp:attachment":[{"href":"https:\/\/vitavia.lt\/kasvuhoone\/wp-json\/wp\/v2\/media?parent=29842"}],"wp:term":[{"taxonomy":"product_brand","embeddable":true,"href":"https:\/\/vitavia.lt\/kasvuhoone\/wp-json\/wp\/v2\/product_brand?post=29842"},{"taxonomy":"product_cat","embeddable":true,"href":"https:\/\/vitavia.lt\/kasvuhoone\/wp-json\/wp\/v2\/product_cat?post=29842"},{"taxonomy":"product_tag","embeddable":true,"href":"https:\/\/vitavia.lt\/kasvuhoone\/wp-json\/wp\/v2\/product_tag?post=29842"}],"curies":[{"name":"wp","href":"https:\/\/api.w.org\/{rel}","templated":true}]}}