{"id":29834,"date":"2018-04-02T11:41:47","date_gmt":"2025-02-11T19:26:41","guid":{"rendered":"https:\/\/vitavia.ee\/kasvuhoone\/toode\/voztuvas-vandens-kiekiui-reguliuoti\/"},"modified":"2025-02-11T22:26:41","modified_gmt":"2025-02-11T19:26:41","slug":"voztuvas-vandens-kiekiui-reguliuoti","status":"publish","type":"product","link":"https:\/\/vitavia.lt\/kasvuhoone\/toode\/voztuvas-vandens-kiekiui-reguliuoti\/","title":{"rendered":"Vo\u017etuvas vandens kiekiui reguliuoti"},"content":{"rendered":"<p>Vo\u017etuvas vandens kiekiui tarp laistymo sistemos ir vandentiekio reguliuoti.<br \/>\n Vo\u017etuvas leid\u017eia reguliuoti vandens kiek\u012f i\u0161 vandentiekio \u012f laistymo sistem\u0105. Galima reguliuoti laistym\u0105 nuo 10 iki 100 litr\u0173 vandens per dien\u0105. <\/p>\n","protected":false},"excerpt":{"rendered":"<p>Vo\u017etuvas vandens kiekiui tarp laistymo sistemos ir vandentiekio reguliuoti. Vo\u017etuvas leid\u017eia reguliuoti vandens kiek\u012f i\u0161 vandentiekio \u012f laistymo sistem\u0105. Galima reguliuoti laistym\u0105 nuo 10 iki 100 litr\u0173 vandens per dien\u0105.<\/p>\n","protected":false},"featured_media":14193,"comment_status":"closed","ping_status":"closed","template":"","meta":[],"product_brand":[],"product_cat":[993],"product_tag":[],"class_list":{"0":"post-29834","1":"product","2":"type-product","3":"status-publish","4":"has-post-thumbnail","6":"product_cat-siltnamio-priedas","7":"infinite-scroll-item","8":"no-featured-image-padding","9":"sales-flash-overlay","10":"woocommerce-text-align-left","11":"woocommerce-image-align-center","12":"do-quantity-buttons","14":"first","15":"instock","16":"sale","17":"shipping-taxable","18":"purchasable","19":"product-type-simple"},"_links":{"self":[{"href":"https:\/\/vitavia.lt\/kasvuhoone\/wp-json\/wp\/v2\/product\/29834","targetHints":{"allow":["GET"]}}],"collection":[{"href":"https:\/\/vitavia.lt\/kasvuhoone\/wp-json\/wp\/v2\/product"}],"about":[{"href":"https:\/\/vitavia.lt\/kasvuhoone\/wp-json\/wp\/v2\/types\/product"}],"replies":[{"embeddable":true,"href":"https:\/\/vitavia.lt\/kasvuhoone\/wp-json\/wp\/v2\/comments?post=29834"}],"wp:featuredmedia":[{"embeddable":true,"href":"https:\/\/vitavia.lt\/kasvuhoone\/wp-json\/wp\/v2\/media\/14193"}],"wp:attachment":[{"href":"https:\/\/vitavia.lt\/kasvuhoone\/wp-json\/wp\/v2\/media?parent=29834"}],"wp:term":[{"taxonomy":"product_brand","embeddable":true,"href":"https:\/\/vitavia.lt\/kasvuhoone\/wp-json\/wp\/v2\/product_brand?post=29834"},{"taxonomy":"product_cat","embeddable":true,"href":"https:\/\/vitavia.lt\/kasvuhoone\/wp-json\/wp\/v2\/product_cat?post=29834"},{"taxonomy":"product_tag","embeddable":true,"href":"https:\/\/vitavia.lt\/kasvuhoone\/wp-json\/wp\/v2\/product_tag?post=29834"}],"curies":[{"name":"wp","href":"https:\/\/api.w.org\/{rel}","templated":true}]}}