{"id":29786,"date":"2017-03-03T09:49:12","date_gmt":"2025-02-11T19:20:41","guid":{"rendered":"https:\/\/vitavia.ee\/kasvuhoone\/toode\/saules-ventiliatorius\/"},"modified":"2025-02-11T22:20:41","modified_gmt":"2025-02-11T19:20:41","slug":"saules-ventiliatorius","status":"publish","type":"product","link":"https:\/\/vitavia.lt\/kasvuhoone\/toode\/saules-ventiliatorius\/","title":{"rendered":"Saul\u0117s ventiliatorius"},"content":{"rendered":"<p>Saul\u0117s energija varoma priverstinio v\u0117dinimo sistema. Kuo stipriau \u0161vie\u010dia saul\u0117, tuo daugiau oro i\u0161pu\u010diama i\u0161 vidaus. Yra galimyb\u0117 j\u012f i\u0161jungti. Tinka \u0161iltnamiui, kai n\u0117ra galimyb\u0117s atidaryti dur\u0173 v\u0117dinimui.     <\/p>\n<p><a href=\"https:\/\/www.pinterest.com\/mwlconstruct\/kasvuhoone\/\">Pinterest<\/a><br \/>\n<a href=\"http:\/\/www.vitavia.ee\/\" rel=\"nofollow\">Vitavia<\/a><\/p>\n","protected":false},"excerpt":{"rendered":"<p>V\u0117dinimo sistema su saul\u0117s baterijomis.<\/p>\n","protected":false},"featured_media":14112,"comment_status":"closed","ping_status":"closed","template":"","meta":[],"product_brand":[],"product_cat":[993],"product_tag":[],"class_list":{"0":"post-29786","1":"product","2":"type-product","3":"status-publish","4":"has-post-thumbnail","6":"product_cat-siltnamio-priedas","7":"infinite-scroll-item","8":"no-featured-image-padding","9":"sales-flash-overlay","10":"woocommerce-text-align-left","11":"woocommerce-image-align-center","12":"do-quantity-buttons","14":"first","15":"instock","16":"shipping-taxable","17":"purchasable","18":"product-type-simple"},"_links":{"self":[{"href":"https:\/\/vitavia.lt\/kasvuhoone\/wp-json\/wp\/v2\/product\/29786","targetHints":{"allow":["GET"]}}],"collection":[{"href":"https:\/\/vitavia.lt\/kasvuhoone\/wp-json\/wp\/v2\/product"}],"about":[{"href":"https:\/\/vitavia.lt\/kasvuhoone\/wp-json\/wp\/v2\/types\/product"}],"replies":[{"embeddable":true,"href":"https:\/\/vitavia.lt\/kasvuhoone\/wp-json\/wp\/v2\/comments?post=29786"}],"wp:featuredmedia":[{"embeddable":true,"href":"https:\/\/vitavia.lt\/kasvuhoone\/wp-json\/wp\/v2\/media\/14112"}],"wp:attachment":[{"href":"https:\/\/vitavia.lt\/kasvuhoone\/wp-json\/wp\/v2\/media?parent=29786"}],"wp:term":[{"taxonomy":"product_brand","embeddable":true,"href":"https:\/\/vitavia.lt\/kasvuhoone\/wp-json\/wp\/v2\/product_brand?post=29786"},{"taxonomy":"product_cat","embeddable":true,"href":"https:\/\/vitavia.lt\/kasvuhoone\/wp-json\/wp\/v2\/product_cat?post=29786"},{"taxonomy":"product_tag","embeddable":true,"href":"https:\/\/vitavia.lt\/kasvuhoone\/wp-json\/wp\/v2\/product_tag?post=29786"}],"curies":[{"name":"wp","href":"https:\/\/api.w.org\/{rel}","templated":true}]}}