{"id":29716,"date":"2021-02-11T16:13:36","date_gmt":"2025-02-11T18:11:59","guid":{"rendered":"https:\/\/vitavia.ee\/kasvuhoone\/toode\/estakada-pervaziuoti-per-siltnamio-pagrindo-karkasa\/"},"modified":"2025-02-11T21:11:59","modified_gmt":"2025-02-11T18:11:59","slug":"estakada-pervaziuoti-per-siltnamio-pagrindo-karkasa","status":"publish","type":"product","link":"https:\/\/vitavia.lt\/kasvuhoone\/toode\/estakada-pervaziuoti-per-siltnamio-pagrindo-karkasa\/","title":{"rendered":"Estakada perva\u017eiuoti per \u0161iltnamio pagrindo karkas\u0105"},"content":{"rendered":"<p>Skirtas \u012fva\u017eiuoti \u012f \u0161iltnam\u012f su sodo ve\u017eim\u0117liu per pagrindin\u012f r\u0117m\u0105. Tinka <a href=\"https:\/\/vitavia.ee\/kasvuhoone\/tootekategooria\/kasvuhooned\/prestige\/\">Prestige<\/a> ir Star \u0161iltnami\u0173 modeliams. 2 dalys viename komplekte.  <\/p>\n","protected":false},"excerpt":{"rendered":"<p>Skirtas \u012fva\u017eiuoti \u012f \u0161iltnam\u012f su sodo ve\u017eim\u0117liu per pagrindin\u012f r\u0117m\u0105. Tinka Prestige ir Star \u0161iltnami\u0173 modeliams. 2 dalys viename komplekte.<\/p>\n","protected":false},"featured_media":14548,"comment_status":"closed","ping_status":"closed","template":"","meta":[],"product_brand":[],"product_cat":[993],"product_tag":[],"class_list":{"0":"post-29716","1":"product","2":"type-product","3":"status-publish","4":"has-post-thumbnail","6":"product_cat-siltnamio-priedas","7":"infinite-scroll-item","8":"no-featured-image-padding","9":"sales-flash-overlay","10":"woocommerce-text-align-left","11":"woocommerce-image-align-center","12":"do-quantity-buttons","14":"first","15":"instock","16":"shipping-taxable","17":"purchasable","18":"product-type-simple"},"_links":{"self":[{"href":"https:\/\/vitavia.lt\/kasvuhoone\/wp-json\/wp\/v2\/product\/29716","targetHints":{"allow":["GET"]}}],"collection":[{"href":"https:\/\/vitavia.lt\/kasvuhoone\/wp-json\/wp\/v2\/product"}],"about":[{"href":"https:\/\/vitavia.lt\/kasvuhoone\/wp-json\/wp\/v2\/types\/product"}],"replies":[{"embeddable":true,"href":"https:\/\/vitavia.lt\/kasvuhoone\/wp-json\/wp\/v2\/comments?post=29716"}],"wp:featuredmedia":[{"embeddable":true,"href":"https:\/\/vitavia.lt\/kasvuhoone\/wp-json\/wp\/v2\/media\/14548"}],"wp:attachment":[{"href":"https:\/\/vitavia.lt\/kasvuhoone\/wp-json\/wp\/v2\/media?parent=29716"}],"wp:term":[{"taxonomy":"product_brand","embeddable":true,"href":"https:\/\/vitavia.lt\/kasvuhoone\/wp-json\/wp\/v2\/product_brand?post=29716"},{"taxonomy":"product_cat","embeddable":true,"href":"https:\/\/vitavia.lt\/kasvuhoone\/wp-json\/wp\/v2\/product_cat?post=29716"},{"taxonomy":"product_tag","embeddable":true,"href":"https:\/\/vitavia.lt\/kasvuhoone\/wp-json\/wp\/v2\/product_tag?post=29716"}],"curies":[{"name":"wp","href":"https:\/\/api.w.org\/{rel}","templated":true}]}}