{"id":29696,"date":"2018-12-28T19:56:49","date_gmt":"2025-02-11T18:11:50","guid":{"rendered":"https:\/\/vitavia.ee\/kasvuhoone\/toode\/siltnamio-aliumininiai-varztai-ir-verzles\/"},"modified":"2025-02-11T21:11:50","modified_gmt":"2025-02-11T18:11:50","slug":"siltnamio-aliumininiai-varztai-ir-verzles","status":"publish","type":"product","link":"https:\/\/vitavia.lt\/kasvuhoone\/toode\/siltnamio-aliumininiai-varztai-ir-verzles\/","title":{"rendered":"\u0160iltnamio aliumininiai var\u017etai ir ver\u017el\u0117s"},"content":{"rendered":"<h4><strong><a href=\"https:\/\/vitavia.ee\/\">\u0160iltnamio<\/a> aliuminio 6 mm var\u017etai ir ver\u017el\u0117s papildomas komplektas, 10 vnt.<\/strong><\/h4>\n","protected":false},"excerpt":{"rendered":"<p>\u0160iltnamio aliuminio 6 mm var\u017etai ir ver\u017el\u0117s papildomas komplektas, 10 vnt.<\/p>\n","protected":false},"featured_media":13871,"comment_status":"closed","ping_status":"closed","template":"","meta":[],"product_brand":[],"product_cat":[993],"product_tag":[403,1031,404,405,431,432,433,475,515,399,400,1001,401,1023],"class_list":{"0":"post-29696","1":"product","2":"type-product","3":"status-publish","4":"has-post-thumbnail","6":"product_cat-siltnamio-priedas","7":"product_tag-siltnamiai-lt","8":"product_tag-verzles","9":"product_tag-triiphone-lt","10":"product_tag-triplex-lt","11":"product_tag-sodo-namelis","12":"product_tag-aiapaviljonas","13":"product_tag-stiklinis-paviljonas","14":"product_tag-vitavia-lt","15":"product_tag-6-mm-lt","16":"product_tag-siltnamis","17":"product_tag-siltnamiai","18":"product_tag-aliuminis","19":"product_tag-siltnamis-lt","20":"product_tag-varztai","21":"infinite-scroll-item","22":"no-featured-image-padding","23":"sales-flash-overlay","24":"woocommerce-text-align-left","25":"woocommerce-image-align-center","26":"do-quantity-buttons","28":"first","29":"instock","30":"shipping-taxable","31":"purchasable","32":"product-type-simple"},"_links":{"self":[{"href":"https:\/\/vitavia.lt\/kasvuhoone\/wp-json\/wp\/v2\/product\/29696","targetHints":{"allow":["GET"]}}],"collection":[{"href":"https:\/\/vitavia.lt\/kasvuhoone\/wp-json\/wp\/v2\/product"}],"about":[{"href":"https:\/\/vitavia.lt\/kasvuhoone\/wp-json\/wp\/v2\/types\/product"}],"replies":[{"embeddable":true,"href":"https:\/\/vitavia.lt\/kasvuhoone\/wp-json\/wp\/v2\/comments?post=29696"}],"wp:featuredmedia":[{"embeddable":true,"href":"https:\/\/vitavia.lt\/kasvuhoone\/wp-json\/wp\/v2\/media\/13871"}],"wp:attachment":[{"href":"https:\/\/vitavia.lt\/kasvuhoone\/wp-json\/wp\/v2\/media?parent=29696"}],"wp:term":[{"taxonomy":"product_brand","embeddable":true,"href":"https:\/\/vitavia.lt\/kasvuhoone\/wp-json\/wp\/v2\/product_brand?post=29696"},{"taxonomy":"product_cat","embeddable":true,"href":"https:\/\/vitavia.lt\/kasvuhoone\/wp-json\/wp\/v2\/product_cat?post=29696"},{"taxonomy":"product_tag","embeddable":true,"href":"https:\/\/vitavia.lt\/kasvuhoone\/wp-json\/wp\/v2\/product_tag?post=29696"}],"curies":[{"name":"wp","href":"https:\/\/api.w.org\/{rel}","templated":true}]}}