{"id":29695,"date":"2017-03-03T10:31:16","date_gmt":"2025-02-11T18:11:50","guid":{"rendered":"https:\/\/vitavia.ee\/kasvuhoone\/toode\/higrometras\/"},"modified":"2025-02-11T21:11:50","modified_gmt":"2025-02-11T18:11:50","slug":"higrometras","status":"publish","type":"product","link":"https:\/\/vitavia.lt\/kasvuhoone\/toode\/higrometras\/","title":{"rendered":"Higrometras"},"content":{"rendered":"<p><span id=\"snippet_meta\" class=\"desc desc-default\"><strong>Higrometras<\/strong> yra matavimo prietaisas, matuojantis dr\u0117gm\u0117s lyg\u012f. Kai kuriems augalams reikalingas tam tikras dr\u0117gm\u0117s lygis. Nor\u0117dami tai i\u0161matuoti, rekomenduojame naudoti higrometr\u0105.<\/span><\/p>\n<p><strong>Kai kuriems augalams reikalingas tam tikras dr\u0117gm\u0117s lygis. Nor\u0117dami tai i\u0161matuoti, rekomenduojame naudoti higrometr\u0105. Tai matavimo prietaisas, matuojantis dr\u0117gm\u0117s lyg\u012f.<\/strong><\/p>\n<p><a href=\"https:\/\/www.pinterest.com\/mwlconstruct\/kasvuhoone\/\">Pinterest<\/a><br \/>\n<a href=\"http:\/\/www.vitavia.ee\/\" rel=\"nofollow\">Vitavia<\/a><\/p>\n","protected":false},"excerpt":{"rendered":"<p>Higrometras yra matavimo prietaisas, matuojantis dr\u0117gm\u0117s lyg\u012f. Kai kuriems augalams reikalingas tam tikras dr\u0117gm\u0117s lygis. Nor\u0117dami tai i\u0161matuoti, rekomenduojame naudoti higrometr\u0105. Kai kuriems augalams reikalingas tam tikras dr\u0117gm\u0117s lygis. Nor\u0117dami tai i\u0161matuoti, rekomenduojame naudoti higrometr\u0105. Tai matavimo prietaisas, matuojantis dr\u0117gm\u0117s lyg\u012f. Pinterest Vitavia<\/p>\n","protected":false},"featured_media":13861,"comment_status":"closed","ping_status":"closed","template":"","meta":[],"product_brand":[],"product_cat":[993],"product_tag":[],"class_list":{"0":"post-29695","1":"product","2":"type-product","3":"status-publish","4":"has-post-thumbnail","6":"product_cat-siltnamio-priedas","7":"infinite-scroll-item","8":"no-featured-image-padding","9":"sales-flash-overlay","10":"woocommerce-text-align-left","11":"woocommerce-image-align-center","12":"do-quantity-buttons","14":"first","15":"instock","16":"shipping-taxable","17":"purchasable","18":"product-type-simple"},"_links":{"self":[{"href":"https:\/\/vitavia.lt\/kasvuhoone\/wp-json\/wp\/v2\/product\/29695","targetHints":{"allow":["GET"]}}],"collection":[{"href":"https:\/\/vitavia.lt\/kasvuhoone\/wp-json\/wp\/v2\/product"}],"about":[{"href":"https:\/\/vitavia.lt\/kasvuhoone\/wp-json\/wp\/v2\/types\/product"}],"replies":[{"embeddable":true,"href":"https:\/\/vitavia.lt\/kasvuhoone\/wp-json\/wp\/v2\/comments?post=29695"}],"wp:featuredmedia":[{"embeddable":true,"href":"https:\/\/vitavia.lt\/kasvuhoone\/wp-json\/wp\/v2\/media\/13861"}],"wp:attachment":[{"href":"https:\/\/vitavia.lt\/kasvuhoone\/wp-json\/wp\/v2\/media?parent=29695"}],"wp:term":[{"taxonomy":"product_brand","embeddable":true,"href":"https:\/\/vitavia.lt\/kasvuhoone\/wp-json\/wp\/v2\/product_brand?post=29695"},{"taxonomy":"product_cat","embeddable":true,"href":"https:\/\/vitavia.lt\/kasvuhoone\/wp-json\/wp\/v2\/product_cat?post=29695"},{"taxonomy":"product_tag","embeddable":true,"href":"https:\/\/vitavia.lt\/kasvuhoone\/wp-json\/wp\/v2\/product_tag?post=29695"}],"curies":[{"name":"wp","href":"https:\/\/api.w.org\/{rel}","templated":true}]}}