{"id":29675,"date":"2017-01-22T13:03:17","date_gmt":"2025-02-11T18:11:44","guid":{"rendered":"https:\/\/vitavia.ee\/kasvuhoone\/toode\/siltnamio-apatine-ventiliacija\/"},"modified":"2025-02-11T21:11:44","modified_gmt":"2025-02-11T18:11:44","slug":"siltnamio-apatine-ventiliacija","status":"publish","type":"product","link":"https:\/\/vitavia.lt\/kasvuhoone\/toode\/siltnamio-apatine-ventiliacija\/","title":{"rendered":"\u0160iltnamio apatin\u0117 ventiliacija"},"content":{"rendered":"<p><strong>\u0160iltnamio dugno ventiliacijos liukas \u0161iltnamiams ir sodo paviljonams<\/strong><\/p>\n<p> Pilko r\u0117melio kaina <strong>35 eur<\/strong><br \/>\n Kaina u\u017e da\u017eyt\u0105 r\u0117m\u0105 <strong>50 eur<\/strong><\/p>\n<p> <a href=\"https:\/\/www.pinterest.com\/mwlconstruct\/kasvuhoone\/\">Pinterest<\/a><br \/>\n <a href=\"http:\/\/www.vitavia.ee\/\" rel=\"nofollow\">Vitavia<\/a><\/p>\n","protected":false},"excerpt":{"rendered":"<p>\u0160iltnamio dugno ventiliacijos liukas \u0161iltnamiams ir sodo paviljonams Pilko r\u0117melio kaina 35 eur Kaina u\u017e da\u017eyt\u0105 r\u0117m\u0105 50 eur Pinterest Vitavia<\/p>\n","protected":false},"featured_media":13880,"comment_status":"closed","ping_status":"closed","template":"","meta":[],"product_brand":[],"product_cat":[993],"product_tag":[1098,399,400,402,403],"class_list":{"0":"post-29675","1":"product","2":"type-product","3":"status-publish","4":"has-post-thumbnail","6":"product_cat-siltnamio-priedas","7":"product_tag-orlaide","8":"product_tag-siltnamis","9":"product_tag-siltnamiai","10":"product_tag-siltnamis-lt-2","11":"product_tag-siltnamiai-lt","12":"pa_varv-juodas","13":"pa_varv-zalias","14":"pa_varv-sale","15":"infinite-scroll-item","16":"no-featured-image-padding","17":"sales-flash-overlay","18":"woocommerce-text-align-left","19":"woocommerce-image-align-center","20":"do-quantity-buttons","22":"first","23":"instock","24":"shipping-taxable","25":"purchasable","26":"product-type-variable"},"_links":{"self":[{"href":"https:\/\/vitavia.lt\/kasvuhoone\/wp-json\/wp\/v2\/product\/29675","targetHints":{"allow":["GET"]}}],"collection":[{"href":"https:\/\/vitavia.lt\/kasvuhoone\/wp-json\/wp\/v2\/product"}],"about":[{"href":"https:\/\/vitavia.lt\/kasvuhoone\/wp-json\/wp\/v2\/types\/product"}],"replies":[{"embeddable":true,"href":"https:\/\/vitavia.lt\/kasvuhoone\/wp-json\/wp\/v2\/comments?post=29675"}],"wp:featuredmedia":[{"embeddable":true,"href":"https:\/\/vitavia.lt\/kasvuhoone\/wp-json\/wp\/v2\/media\/13880"}],"wp:attachment":[{"href":"https:\/\/vitavia.lt\/kasvuhoone\/wp-json\/wp\/v2\/media?parent=29675"}],"wp:term":[{"taxonomy":"product_brand","embeddable":true,"href":"https:\/\/vitavia.lt\/kasvuhoone\/wp-json\/wp\/v2\/product_brand?post=29675"},{"taxonomy":"product_cat","embeddable":true,"href":"https:\/\/vitavia.lt\/kasvuhoone\/wp-json\/wp\/v2\/product_cat?post=29675"},{"taxonomy":"product_tag","embeddable":true,"href":"https:\/\/vitavia.lt\/kasvuhoone\/wp-json\/wp\/v2\/product_tag?post=29675"}],"curies":[{"name":"wp","href":"https:\/\/api.w.org\/{rel}","templated":true}]}}