{"id":29662,"date":"2017-02-20T21:51:57","date_gmt":"2025-02-11T18:11:38","guid":{"rendered":"https:\/\/vitavia.ee\/kasvuhoone\/toode\/siltnamio-automatine-laistymo-sistema\/"},"modified":"2025-02-11T21:11:38","modified_gmt":"2025-02-11T18:11:38","slug":"siltnamio-automatine-laistymo-sistema","status":"publish","type":"product","link":"https:\/\/vitavia.lt\/kasvuhoone\/toode\/siltnamio-automatine-laistymo-sistema\/","title":{"rendered":"\u0160iltnamio automatin\u0117 laistymo sistema"},"content":{"rendered":"<p><strong>Automatin\u0117 \u0161iltnami\u0173 laistymo sistema visiems \u0161iltnamiams ir sodo paviljonams<\/strong><\/p>\n<p>Hydromat laistymo sistema skirta vidutini\u0161kai 10 m2 (8 m2 \u2013 12 m2) plotui ir turi 50 laistymo antgali\u0173.<br \/>\n Komplekte yra reikalingos \u017earnos, jungiamosios detal\u0117s ir vo\u017etuvas vandens kiekiui reguliuoti.<br \/>\n Laistymo sistemai veikti nereikia elektros energijos ar baterij\u0173.<\/p>\n<h3><a href=\"https:\/\/www.youtube.com\/watch?v=sUkwq4KApGA\">Nor\u0117dami su\u017einoti, kaip veikia automatin\u0117 laistymo sistema, \u017ei\u016br\u0117kite \u012fvadin\u012f vaizdo \u012fra\u0161\u0105.<\/a><\/h3>\n<p>&nbsp;<\/p>\n<p><a href=\"https:\/\/www.pinterest.com\/mwlconstruct\/kasvuhoone\/\">Pinterest<\/a><br \/>\n<a href=\"http:\/\/www.vitavia.ee\/\" rel=\"nofollow\">Vitavia<\/a><\/p>\n","protected":false},"excerpt":{"rendered":"<p>Automatin\u0117 \u0161iltnami\u0173 laistymo sistema visiems \u0161iltnamiams ir sodo paviljonams Hydromat laistymo sistema skirta vidutini\u0161kai 10 m2 (8 m2 \u2013 12 m2) plotui ir turi 50 laistymo antgali\u0173. Komplekte yra reikalingos \u017earnos, jungiamosios detal\u0117s ir vo\u017etuvas vandens kiekiui reguliuoti. Laistymo sistemai veikti nereikia elektros energijos ar baterij\u0173. Nor\u0117dami su\u017einoti, kaip veikia automatin\u0117 laistymo sistema, \u017ei\u016br\u0117kite \u012fvadin\u012f &#8230; <\/p>\n<p class=\"read-more-container\"><a title=\"\u0160iltnamio automatin\u0117 laistymo sistema\" class=\"read-more button\" href=\"https:\/\/vitavia.lt\/kasvuhoone\/toode\/siltnamio-automatine-laistymo-sistema\/#more-29662\" aria-label=\"Read more about \u0160iltnamio automatin\u0117 laistymo sistema\">Read more<\/a><\/p>\n","protected":false},"featured_media":13890,"comment_status":"closed","ping_status":"closed","template":"","meta":[],"product_brand":[],"product_cat":[993],"product_tag":[399,400,475,1078],"class_list":{"0":"post-29662","1":"product","2":"type-product","3":"status-publish","4":"has-post-thumbnail","6":"product_cat-siltnamio-priedas","7":"product_tag-siltnamis","8":"product_tag-siltnamiai","9":"product_tag-vitavia-lt","10":"product_tag-automatine-laistymo-sistema","11":"infinite-scroll-item","12":"no-featured-image-padding","13":"sales-flash-overlay","14":"woocommerce-text-align-left","15":"woocommerce-image-align-center","16":"do-quantity-buttons","18":"first","19":"instock","20":"shipping-taxable","21":"purchasable","22":"product-type-simple"},"_links":{"self":[{"href":"https:\/\/vitavia.lt\/kasvuhoone\/wp-json\/wp\/v2\/product\/29662","targetHints":{"allow":["GET"]}}],"collection":[{"href":"https:\/\/vitavia.lt\/kasvuhoone\/wp-json\/wp\/v2\/product"}],"about":[{"href":"https:\/\/vitavia.lt\/kasvuhoone\/wp-json\/wp\/v2\/types\/product"}],"replies":[{"embeddable":true,"href":"https:\/\/vitavia.lt\/kasvuhoone\/wp-json\/wp\/v2\/comments?post=29662"}],"wp:featuredmedia":[{"embeddable":true,"href":"https:\/\/vitavia.lt\/kasvuhoone\/wp-json\/wp\/v2\/media\/13890"}],"wp:attachment":[{"href":"https:\/\/vitavia.lt\/kasvuhoone\/wp-json\/wp\/v2\/media?parent=29662"}],"wp:term":[{"taxonomy":"product_brand","embeddable":true,"href":"https:\/\/vitavia.lt\/kasvuhoone\/wp-json\/wp\/v2\/product_brand?post=29662"},{"taxonomy":"product_cat","embeddable":true,"href":"https:\/\/vitavia.lt\/kasvuhoone\/wp-json\/wp\/v2\/product_cat?post=29662"},{"taxonomy":"product_tag","embeddable":true,"href":"https:\/\/vitavia.lt\/kasvuhoone\/wp-json\/wp\/v2\/product_tag?post=29662"}],"curies":[{"name":"wp","href":"https:\/\/api.w.org\/{rel}","templated":true}]}}