{"id":29661,"date":"2017-03-03T10:15:56","date_gmt":"2025-02-11T18:11:38","guid":{"rendered":"https:\/\/vitavia.ee\/kasvuhoone\/toode\/siltnamio-automatines-laistymo-sistemos-priedu-komplektas\/"},"modified":"2025-02-11T21:11:38","modified_gmt":"2025-02-11T18:11:38","slug":"siltnamio-automatines-laistymo-sistemos-priedu-komplektas","status":"publish","type":"product","link":"https:\/\/vitavia.lt\/kasvuhoone\/toode\/siltnamio-automatines-laistymo-sistemos-priedu-komplektas\/","title":{"rendered":"\u0160iltnamio automatin\u0117s laistymo sistemos pried\u0173 komplektas"},"content":{"rendered":"<p><strong>Automatin\u0117 \u0161iltnami\u0173 laistymo sistema visiems \u0161iltnamiams ir sodo paviljonams<\/strong><\/p>\n<p> <a href=\"https:\/\/www.pinterest.com\/mwlconstruct\/kasvuhoone\/\">Pinterest<\/a><br \/>\n <a href=\"http:\/\/www.vitavia.ee\/\" rel=\"nofollow\">Vitavia<\/a><\/p>\n","protected":false},"excerpt":{"rendered":"<p>Automatin\u0117 \u0161iltnami\u0173 laistymo sistema visiems \u0161iltnamiams ir sodo paviljonams Pinterest Vitavia<\/p>\n","protected":false},"featured_media":13900,"comment_status":"closed","ping_status":"closed","template":"","meta":[],"product_brand":[],"product_cat":[993],"product_tag":[1091,399,400,1078],"class_list":{"0":"post-29661","1":"product","2":"type-product","3":"status-publish","4":"has-post-thumbnail","6":"product_cat-siltnamio-priedas","7":"product_tag-laistymo-sistemos-priedu-rinkinys","8":"product_tag-siltnamis","9":"product_tag-siltnamiai","10":"product_tag-automatine-laistymo-sistema","11":"infinite-scroll-item","12":"no-featured-image-padding","13":"sales-flash-overlay","14":"woocommerce-text-align-left","15":"woocommerce-image-align-center","16":"do-quantity-buttons","18":"first","19":"instock","20":"shipping-taxable","21":"purchasable","22":"product-type-simple"},"_links":{"self":[{"href":"https:\/\/vitavia.lt\/kasvuhoone\/wp-json\/wp\/v2\/product\/29661","targetHints":{"allow":["GET"]}}],"collection":[{"href":"https:\/\/vitavia.lt\/kasvuhoone\/wp-json\/wp\/v2\/product"}],"about":[{"href":"https:\/\/vitavia.lt\/kasvuhoone\/wp-json\/wp\/v2\/types\/product"}],"replies":[{"embeddable":true,"href":"https:\/\/vitavia.lt\/kasvuhoone\/wp-json\/wp\/v2\/comments?post=29661"}],"wp:featuredmedia":[{"embeddable":true,"href":"https:\/\/vitavia.lt\/kasvuhoone\/wp-json\/wp\/v2\/media\/13900"}],"wp:attachment":[{"href":"https:\/\/vitavia.lt\/kasvuhoone\/wp-json\/wp\/v2\/media?parent=29661"}],"wp:term":[{"taxonomy":"product_brand","embeddable":true,"href":"https:\/\/vitavia.lt\/kasvuhoone\/wp-json\/wp\/v2\/product_brand?post=29661"},{"taxonomy":"product_cat","embeddable":true,"href":"https:\/\/vitavia.lt\/kasvuhoone\/wp-json\/wp\/v2\/product_cat?post=29661"},{"taxonomy":"product_tag","embeddable":true,"href":"https:\/\/vitavia.lt\/kasvuhoone\/wp-json\/wp\/v2\/product_tag?post=29661"}],"curies":[{"name":"wp","href":"https:\/\/api.w.org\/{rel}","templated":true}]}}