{"id":29651,"date":"2018-12-28T18:46:39","date_gmt":"2025-02-11T18:11:33","guid":{"rendered":"https:\/\/vitavia.ee\/kasvuhoone\/toode\/siltnamio-dangos-sujungimo-gnybtai\/"},"modified":"2025-02-11T21:11:33","modified_gmt":"2025-02-11T18:11:33","slug":"siltnamio-dangos-sujungimo-gnybtai","status":"publish","type":"product","link":"https:\/\/vitavia.lt\/kasvuhoone\/toode\/siltnamio-dangos-sujungimo-gnybtai\/","title":{"rendered":"\u0160iltnamio dangos sujungimo gnybtai"},"content":{"rendered":"<h4><strong>\u0160iltnamio dangos sujungimo gnybtai, metaliniai.<\/strong><\/h4>\n<p>\u0160iltnamio jungiamieji spaustukai leid\u017eia sujungti nedidelius dangos gabalus vienoje erdv\u0117je ir sukurti didel\u012f pavir\u0161iaus plot\u0105.<br \/>\nTinka tiek stiklui, tiek polikarbonatui.<\/p>\n","protected":false},"excerpt":{"rendered":"<p>\u0160iltnamio dangos sujungimo gnybtai, metaliniai. \u0160iltnamio jungiamieji spaustukai leid\u017eia sujungti nedidelius dangos gabalus vienoje erdv\u0117je ir sukurti didel\u012f pavir\u0161iaus plot\u0105. Tinka tiek stiklui, tiek polikarbonatui.<\/p>\n","protected":false},"featured_media":13915,"comment_status":"closed","ping_status":"closed","template":"","meta":[],"product_brand":[],"product_cat":[993],"product_tag":[],"class_list":{"0":"post-29651","1":"product","2":"type-product","3":"status-publish","4":"has-post-thumbnail","6":"product_cat-siltnamio-priedas","7":"infinite-scroll-item","8":"no-featured-image-padding","9":"sales-flash-overlay","10":"woocommerce-text-align-left","11":"woocommerce-image-align-center","12":"do-quantity-buttons","14":"first","15":"instock","16":"shipping-taxable","17":"purchasable","18":"product-type-simple"},"_links":{"self":[{"href":"https:\/\/vitavia.lt\/kasvuhoone\/wp-json\/wp\/v2\/product\/29651","targetHints":{"allow":["GET"]}}],"collection":[{"href":"https:\/\/vitavia.lt\/kasvuhoone\/wp-json\/wp\/v2\/product"}],"about":[{"href":"https:\/\/vitavia.lt\/kasvuhoone\/wp-json\/wp\/v2\/types\/product"}],"replies":[{"embeddable":true,"href":"https:\/\/vitavia.lt\/kasvuhoone\/wp-json\/wp\/v2\/comments?post=29651"}],"wp:featuredmedia":[{"embeddable":true,"href":"https:\/\/vitavia.lt\/kasvuhoone\/wp-json\/wp\/v2\/media\/13915"}],"wp:attachment":[{"href":"https:\/\/vitavia.lt\/kasvuhoone\/wp-json\/wp\/v2\/media?parent=29651"}],"wp:term":[{"taxonomy":"product_brand","embeddable":true,"href":"https:\/\/vitavia.lt\/kasvuhoone\/wp-json\/wp\/v2\/product_brand?post=29651"},{"taxonomy":"product_cat","embeddable":true,"href":"https:\/\/vitavia.lt\/kasvuhoone\/wp-json\/wp\/v2\/product_cat?post=29651"},{"taxonomy":"product_tag","embeddable":true,"href":"https:\/\/vitavia.lt\/kasvuhoone\/wp-json\/wp\/v2\/product_tag?post=29651"}],"curies":[{"name":"wp","href":"https:\/\/api.w.org\/{rel}","templated":true}]}}