{"id":29621,"date":"2017-03-03T09:33:42","date_gmt":"2025-02-11T18:11:27","guid":{"rendered":"https:\/\/vitavia.ee\/kasvuhoone\/toode\/siltnamio-stogo-kraigas\/"},"modified":"2025-02-11T21:11:27","modified_gmt":"2025-02-11T18:11:27","slug":"siltnamio-stogo-kraigas","status":"publish","type":"product","link":"https:\/\/vitavia.lt\/kasvuhoone\/toode\/siltnamio-stogo-kraigas\/","title":{"rendered":"\u0160iltnamio stogo kraigas"},"content":{"rendered":"<p><strong>Stogo kraigas \u0161iltnami\u0173 ir sodo paviljon\u0173 apdailai ir pauk\u0161\u010di\u0173 apsaugai:<\/strong><\/p>\n<p> Viena vertus, jis dekoratyvus, bet tikrasis tikslas \u2013 neleisti pauk\u0161\u010diams s\u0117d\u0117ti ant stogo ir jo nesutepti.<\/p>\n<p> <a href=\"https:\/\/www.pinterest.com\/mwlconstruct\/kasvuhoone\/\">Pinterest<\/a><br \/>\n <a href=\"http:\/\/www.vitavia.ee\/\" rel=\"nofollow\">Vitavia<\/a><\/p>\n","protected":false},"excerpt":{"rendered":"<p>Stogo kraigas \u0161iltnami\u0173 ir sodo paviljon\u0173 apdailai ir pauk\u0161\u010di\u0173 apsaugai: Viena vertus, jis dekoratyvus, bet tikrasis tikslas \u2013 neleisti pauk\u0161\u010diams s\u0117d\u0117ti ant stogo ir jo nesutepti. Pinterest Vitavia<\/p>\n","protected":false},"featured_media":14107,"comment_status":"closed","ping_status":"closed","template":"","meta":[],"product_brand":[],"product_cat":[993],"product_tag":[],"class_list":{"0":"post-29621","1":"product","2":"type-product","3":"status-publish","4":"has-post-thumbnail","6":"product_cat-siltnamio-priedas","7":"infinite-scroll-item","8":"no-featured-image-padding","9":"sales-flash-overlay","10":"woocommerce-text-align-left","11":"woocommerce-image-align-center","12":"do-quantity-buttons","14":"first","15":"instock","16":"shipping-taxable","17":"purchasable","18":"product-type-variable"},"_links":{"self":[{"href":"https:\/\/vitavia.lt\/kasvuhoone\/wp-json\/wp\/v2\/product\/29621","targetHints":{"allow":["GET"]}}],"collection":[{"href":"https:\/\/vitavia.lt\/kasvuhoone\/wp-json\/wp\/v2\/product"}],"about":[{"href":"https:\/\/vitavia.lt\/kasvuhoone\/wp-json\/wp\/v2\/types\/product"}],"replies":[{"embeddable":true,"href":"https:\/\/vitavia.lt\/kasvuhoone\/wp-json\/wp\/v2\/comments?post=29621"}],"wp:featuredmedia":[{"embeddable":true,"href":"https:\/\/vitavia.lt\/kasvuhoone\/wp-json\/wp\/v2\/media\/14107"}],"wp:attachment":[{"href":"https:\/\/vitavia.lt\/kasvuhoone\/wp-json\/wp\/v2\/media?parent=29621"}],"wp:term":[{"taxonomy":"product_brand","embeddable":true,"href":"https:\/\/vitavia.lt\/kasvuhoone\/wp-json\/wp\/v2\/product_brand?post=29621"},{"taxonomy":"product_cat","embeddable":true,"href":"https:\/\/vitavia.lt\/kasvuhoone\/wp-json\/wp\/v2\/product_cat?post=29621"},{"taxonomy":"product_tag","embeddable":true,"href":"https:\/\/vitavia.lt\/kasvuhoone\/wp-json\/wp\/v2\/product_tag?post=29621"}],"curies":[{"name":"wp","href":"https:\/\/api.w.org\/{rel}","templated":true}]}}