{"id":28832,"date":"2025-01-13T14:04:56","date_gmt":"2025-01-13T11:04:56","guid":{"rendered":"https:\/\/vitavia.ee\/kasvuhoone\/?post_type=product&#038;p=28832"},"modified":"2025-02-11T20:57:29","modified_gmt":"2025-02-11T17:57:29","slug":"sieninis-siltnamis-vitavia-ida-7800-kopeeri","status":"publish","type":"product","link":"https:\/\/vitavia.lt\/kasvuhoone\/toode\/sieninis-siltnamis-vitavia-ida-7800-kopeeri\/","title":{"rendered":"Sieninis \u0161iltnamis Vitavia Ida 7800 outlet"},"content":{"rendered":"<h3><strong>Vitavia IDA &#8211; sieninis \u0161iltnamis su dvejomis stumdomomis durimis \/ 2,01 mx 3,87 m.<\/strong><\/h3>\n<p>Sieninis \u0161iltnamis idealiai tinka turintiems ma\u017eiau vietos.<\/p>\n<p>Ma\u017eesni modeliai netgi gali b\u016bti dedami \u012f balkon\u0105 ar verand\u0105, tod\u0117l gal\u0117site r\u016bpintis augalais net miesto butuose.<br \/>\n Ma\u017eesniuose soduose \u0161iltnam\u012f galite tiesiog pastatyti prie namo sienos ir tam nereikia didelio ploto.<br \/>\n Didesni modeliai puikiai tinka ma\u017eesniems sodams, taip pat tiesiog i\u0161naudojant sien\u0173 erdv\u0119 geroje saul\u0117toje vietoje.<\/p>\n<p>Sieniniai modeliai yra \u0161e\u0161i\u0173 skirting\u0173 dyd\u017ei\u0173.<\/p>\n<p>Visi modeliai turi nuo 1 iki 2 stoglangi\u0173 ir 1 arba 2 stumdomas duris, priklausomai nuo dyd\u017eio.<\/p>\n<p><strong>Dyd\u017ei\u0173 lentel\u0117 skirtingiems Ida \u0161iltnamio modeliams:<\/strong><\/p>\n<div class=\"tabel-scroll-x\">\n<table class=\"spec\" border=\"0\">\n<tbody>\n<tr>\n<th style=\"text-align: left;\" width=\"90\">Modelis<\/th>\n<th style=\"text-align: left;\" width=\"72\">Plotas<\/th>\n<th style=\"text-align: left;\" width=\"72\">Ilgis<\/th>\n<th style=\"text-align: left;\" width=\"72\">Plotis<\/th>\n<th style=\"text-align: left;\" width=\"72\">\u0160onin\u0117 pus\u0117<\/th>\n<th style=\"text-align: left;\" width=\"72\">Auk\u0161tis<\/th>\n<th style=\"text-align: left;\" width=\"50\">Aknaid<\/th>\n<\/tr>\n<tr>\n<td>Ida 900<\/td>\n<td>0,9 m\u00b2<\/td>\n<td>1,32 m<\/td>\n<td>0,69 m<\/td>\n<td>1,52 m<\/td>\n<td>1,84 m<\/td>\n<td>1<\/td>\n<\/tr>\n<tr>\n<td>Ida 1300<\/td>\n<td>1,34 m\u00b2<\/td>\n<td>1,94 m<\/td>\n<td>0,69 m<\/td>\n<td>1,52 m<\/td>\n<td>1,84 m<\/td>\n<td>1<\/td>\n<\/tr>\n<tr>\n<td>Ida 3300<\/td>\n<td>3,3 m\u00b2<\/td>\n<td>2.57m<\/td>\n<td>1,3 m<\/td>\n<td>1,65 m<\/td>\n<td>2,22 m<\/td>\n<td>1<\/td>\n<\/tr>\n<tr>\n<td>Ida 5200<\/td>\n<td>5,2 m\u00b2<\/td>\n<td>2,62 m<\/td>\n<td>2,01 m<\/td>\n<td>1,69 m<\/td>\n<td>2,21 m<\/td>\n<td>1<\/td>\n<\/tr>\n<tr>\n<td>Ida 6500<\/td>\n<td>6,5 m\u00b2<\/td>\n<td>3,24 m<\/td>\n<td>2,01 m<\/td>\n<td>1,69 m<\/td>\n<td>2,21 m<\/td>\n<td>2<\/td>\n<\/tr>\n<tr>\n<td>Ida 7800<\/td>\n<td>7,8 m\u00b2<\/td>\n<td>3,87 m<\/td>\n<td>2,01 m<\/td>\n<td>1,69 m<\/td>\n<td>2,21 m<\/td>\n<td>2<\/td>\n<\/tr>\n<\/tbody>\n<\/table>\n<\/div>\n<p><em>&#8211; Spalvos yra pilkos ir milteliniu b\u016bdu dengtos juodos spalvos<br \/>\n &#8211; Papildomas dangtis: 3 mm stiklas i\u0161 \u0161on\u0173 + 6 mm polikarbonato stogas<br \/>\n &#8211; Priekyje 2 stumdomos durys<br \/>\n &#8211; 1-2 stoglangiai<br \/>\n &#8211; Visi modeliai yra su pagrindiniu r\u0117mu su kojel\u0117mis<br \/>\n<\/em><\/p>\n<p>R\u0117mas pagamintas i\u0161 anoduoto aliuminio (u\u017etikrina ilgalaik\u0119 gra\u017ei\u0105 aliuminio i\u0161vaizd\u0105 ir ilgaam\u017ei\u0161kum\u0105), taip pat yra miltelinio da\u017eymo.<\/p>\n<p>Galima u\u017esisakyti \u012fvairi\u0173 papildom\u0173 pried\u0173: lang\u0105, apatin\u012f v\u0117dinimo liuk\u0105, automatin\u012f lango atidarym\u0105, pagrindo r\u0117m\u0105, vidines lentynas ir t. t.<\/p>\n<p><strong><a href=\"http:\/\/mwlconstruct.eu\/e-pood\/tootekategooria\/kasvuhoone-lisavarustus\/\" target=\"_blank\" rel=\"noopener noreferrer\">\u017dr. priedus<\/a><\/strong><\/p>\n<p><em>Pamatas n\u0117ra grie\u017etai b\u016btinas, bet rekomenduojamas.<br \/>\n Jei \u0161iltnamis turi pagrindin\u012f karkas\u0105, j\u012f galima tvirtinti tiesiai prie \u017eem\u0117s arba ant kito paruo\u0161to pavir\u0161iaus (medinio pakloto ar akmens pavir\u0161iaus).<br \/>\n \u012e prek\u0117s kain\u0105 bazinis r\u0117mas ne\u012fskai\u010diuotas.<\/em><\/p>\n<h3><a href=\"https:\/\/youtu.be\/-4zXyeMetnM\" target=\"_blank\" rel=\"noopener noreferrer\">&#8220;Vitavia&#8221; demonstracinis vaizdo \u012fra\u0161as  <\/a><\/h3>\n<h3><a href=\"https:\/\/youtu.be\/Lfgc5DIekdY\" target=\"_blank\" rel=\"noopener noreferrer\">Sieninio \u0161iltnamio pristatymo vaizdo \u012fra\u0161as<\/a><\/h3>\n","protected":false},"excerpt":{"rendered":"<p><span title=\"Visus matmenis \u017er. toliau pateiktoje lentel\u0117je\">2,01 m x 3,87 m = 7,8 m\u00b2<\/span><br \/>\n <a class=\"alus_rm\" href=\"https:\/\/vitavia.ee\/wp-content\/uploads\/2017\/12\/Kasvuhoone-Ida-5200-6500-7800-paigaldusjuhend.pdf#page=14\" target=\"blanc\" rel=\"noopener\"><span class=\"alus_rm_bold\">NB!<\/span> \u0160iltnamio pagrindo r\u0117mo i\u0161orinius matmenis \u017ei\u016br\u0117kite \u010dia.<\/a><br \/>\n <span style=\"color: #f5bd2f;\"><strong>M\u0117nesio \u012fmokos prad\u017eia. 104,17 \u20ac<\/strong><\/span><\/p>\n","protected":false},"featured_media":21018,"comment_status":"closed","ping_status":"closed","template":"","meta":[],"product_brand":[],"product_cat":[1619],"product_tag":[551,399,1620,400,401,402,1083,403,475],"class_list":{"0":"post-28832","1":"product","2":"type-product","3":"status-publish","4":"has-post-thumbnail","6":"product_cat-siltnamio-outlet","7":"product_tag-ida-lt","8":"product_tag-siltnamis","9":"product_tag-isleidimo-anga","10":"product_tag-siltnamiai","11":"product_tag-siltnamis-lt","12":"product_tag-siltnamis-lt-2","13":"product_tag-sieninis-siltnamis","14":"product_tag-siltnamiai-lt","15":"product_tag-vitavia-lt","16":"pa_kattematerjal-stogas-6-mm-polikarbonato-sonai-3-mm-stiklas","17":"pa_kattematerjal-sonai-3-mm-stiklas-ir-stogas-6-mm-polikarbonatas","18":"pa_kulje-korgus-169-m-lt","19":"pa_laius-200-m-lt","20":"pa_pikkus-387-m-lt","21":"pa_pindala-78-m2-lt","22":"pa_pindala_vahemik-5-9-m-lt","23":"pa_tipu-korgus-221-m-lt","24":"pa_varv-sale","25":"infinite-scroll-item","26":"no-featured-image-padding","27":"sales-flash-overlay","28":"woocommerce-text-align-left","29":"woocommerce-image-align-center","30":"do-quantity-buttons","32":"first","33":"instock","34":"shipping-taxable","35":"purchasable","36":"product-type-variable","37":"has-default-attributes"},"_links":{"self":[{"href":"https:\/\/vitavia.lt\/kasvuhoone\/wp-json\/wp\/v2\/product\/28832","targetHints":{"allow":["GET"]}}],"collection":[{"href":"https:\/\/vitavia.lt\/kasvuhoone\/wp-json\/wp\/v2\/product"}],"about":[{"href":"https:\/\/vitavia.lt\/kasvuhoone\/wp-json\/wp\/v2\/types\/product"}],"replies":[{"embeddable":true,"href":"https:\/\/vitavia.lt\/kasvuhoone\/wp-json\/wp\/v2\/comments?post=28832"}],"wp:featuredmedia":[{"embeddable":true,"href":"https:\/\/vitavia.lt\/kasvuhoone\/wp-json\/wp\/v2\/media\/21018"}],"wp:attachment":[{"href":"https:\/\/vitavia.lt\/kasvuhoone\/wp-json\/wp\/v2\/media?parent=28832"}],"wp:term":[{"taxonomy":"product_brand","embeddable":true,"href":"https:\/\/vitavia.lt\/kasvuhoone\/wp-json\/wp\/v2\/product_brand?post=28832"},{"taxonomy":"product_cat","embeddable":true,"href":"https:\/\/vitavia.lt\/kasvuhoone\/wp-json\/wp\/v2\/product_cat?post=28832"},{"taxonomy":"product_tag","embeddable":true,"href":"https:\/\/vitavia.lt\/kasvuhoone\/wp-json\/wp\/v2\/product_tag?post=28832"}],"curies":[{"name":"wp","href":"https:\/\/api.w.org\/{rel}","templated":true}]}}