{"id":28718,"date":"2025-01-13T13:35:36","date_gmt":"2025-01-13T10:35:36","guid":{"rendered":"https:\/\/vitavia.ee\/kasvuhoone\/?post_type=product&#038;p=28718"},"modified":"2025-02-11T19:49:48","modified_gmt":"2025-02-11T16:49:48","slug":"siltnamis-vitavia-jupiter-6700-67-m%c2%b2-kopeeri","status":"publish","type":"product","link":"https:\/\/vitavia.lt\/kasvuhoone\/toode\/siltnamis-vitavia-jupiter-6700-67-m%c2%b2-kopeeri\/","title":{"rendered":"\u0160iltnamis Vitavia Jupiter 6700 6,7m\u00b2 outlet"},"content":{"rendered":"<h3><strong>Vitavia JUPITER &#8211; eleganti\u0161kas dani\u0161kas \u0161iltnamis su erdviu \u012f\u0117jimu.<\/strong><\/h3>\n<p>2,57 m plo\u010dio \u0161iltnam\u012f galima \u012fsigyti keturi\u0173 skirting\u0173 ilgi\u0173.<br \/>\nErdviame \u0161iltnamyje yra vietos ir augalams, ir patogiai poilsio zonai.<\/p>\n<p>Jupiter \u0161iltnamiuose taip pat u\u017etenka vietos j\u012f unikaliai ir \u012fdomiai \u012frengti.<\/p>\n<p>\u0160iltnamio priekyje yra dvigubos stumdomos 1,75 m auk\u0161\u010dio durys. Durys gali b\u016bti fiksuojamos skirtingose atidarymo pad\u0117tyse.<\/p>\n<p>Jupiter \u0161iltnamiuose, priklausomai nuo dyd\u017eio, standarti\u0161kai komplektuojami nuo dviej\u0173 iki keturi\u0173 stoglangi\u0173.<\/p>\n<p><strong>Dyd\u017ei\u0173 lentel\u0117 skirtingiems Jupiter \u0161iltnami\u0173 modeliams:<\/strong><\/p>\n<div class=\"tabel-scroll-x\">\n<table class=\"spec\" border=\"0\">\n<tbody>\n<tr>\n<th style=\"text-align: left;\" width=\"90\">Modelis<\/th>\n<th style=\"text-align: left;\" width=\"72\">Plotas<\/th>\n<th style=\"text-align: left;\" width=\"72\">Ilgis<\/th>\n<th style=\"text-align: left;\" width=\"72\">Plotis<\/th>\n<th style=\"text-align: left;\" width=\"72\">\u0160onin\u0117 pus\u0117<\/th>\n<th style=\"text-align: left;\" width=\"72\">Auk\u0161tis<\/th>\n<th style=\"text-align: left;\" width=\"50\">Aknaid<\/th>\n<\/tr>\n<tr>\n<td>Jupiter 6700<\/td>\n<td>6,7 m\u00b2<\/td>\n<td>2.58m<\/td>\n<td>2.57m<\/td>\n<td>1.51m<\/td>\n<td>2.46m<\/td>\n<td>2<\/td>\n<\/tr>\n<tr>\n<td>Jupiter 8300<\/td>\n<td>8,3 m\u00b2<\/td>\n<td>3.21m<\/td>\n<td>2.57m<\/td>\n<td>1.51m<\/td>\n<td>2.46m<\/td>\n<td>4<\/td>\n<\/tr>\n<tr>\n<td>Jupiter 9900<\/td>\n<td>9,9 m\u00b2<\/td>\n<td>3.84m<\/td>\n<td>2.57m<\/td>\n<td>1.51m<\/td>\n<td>2.46m<\/td>\n<td>4<\/td>\n<\/tr>\n<tr>\n<td>Jupiter 11500<\/td>\n<td>11,5 m\u00b2<\/td>\n<td>4.46m<\/td>\n<td>2.57m<\/td>\n<td>1.51m<\/td>\n<td>2.46m<\/td>\n<td>4<\/td>\n<\/tr>\n<\/tbody>\n<\/table>\n<\/div>\n<p><em>&#8211; Galimos pilkos ir \u017ealios spalvos. Du didesni modeliai taip pat yra juodos spalvos.<br \/>\n &#8211; Kaip dang\u0105 galite rinktis 3 mm stikl\u0105, gr\u016bdint\u0105 stikl\u0105 arba 6 mm polikarbonat\u0105<br \/>\n &#8211; Priekyje dvigubos stumdomos durys<br \/>\n &#8211; 2-4 stoglangiai<br \/>\n &#8211; Pagrindinis r\u0117mas yra visuose modeliuose<br \/>\n<\/em><\/p>\n<p>R\u0117mas pagamintas i\u0161 anoduoto aliuminio (aliuminiui suteikiama ilgalaik\u0117 gra\u017ei i\u0161vaizda ir ilgaam\u017ei\u0161kumas), j\u012f taip pat galima da\u017eyti milteliniu b\u016bdu.<\/p>\n<p>Galima u\u017esisakyti \u012fvairi\u0173 papildom\u0173 pried\u0173: lang\u0105, apatin\u012f v\u0117dinimo liuk\u0105, automatin\u012f lango atidarym\u0105, pagrindo r\u0117m\u0105, vidines lentynas ir t. t.<\/p>\n<p><strong><a href=\"http:\/\/mwlconstruct.eu\/e-pood\/tootekategooria\/kasvuhoone-lisavarustus\/\" target=\"_blank\" rel=\"noopener noreferrer\">\u017dr. priedus<\/a><\/strong><\/p>\n<p><em>Pamatas n\u0117ra grie\u017etai b\u016btinas, bet rekomenduojamas.<br \/>\n Jei \u0161iltnamis turi pagrindin\u012f karkas\u0105, j\u012f galima pritvirtinti prie vejos ar bet kokio kito paruo\u0161to pavir\u0161iaus.<br \/>\n \u012e prek\u0117s kain\u0105 bazinis r\u0117mas ne\u012fskai\u010diuotas.<\/em><\/p>\n<h3><a href=\"https:\/\/youtu.be\/-4zXyeMetnM\" target=\"_blank\" rel=\"noopener noreferrer\">&#8220;Vitavia&#8221; demonstracinis vaizdo \u012fra\u0161as  <\/a><\/h3>\n","protected":false},"excerpt":{"rendered":"<p><span title=\"Visus matmenis \u017er. toliau pateiktoje lentel\u0117je\">2,57 m x 2,58 m = 6,7 m\u00b2<\/span><br \/>\n<a style=\"color: #3a3a3a;\" href=\"https:\/\/vitavia.ee\/wp-content\/uploads\/2020\/05\/Kasvuhoone-Jupiter-paigaldusjuhend.pdf#page=20\" target=\"blanc\" rel=\"noopener\">NB! \u0160iltnamio pagrindo r\u0117mo i\u0161oriniai matmenys 2544 mm x 2544 mm<\/a><br \/>\n<span style=\"color: #f5bd2f;\"><strong>M\u0117nesinis mokestis nuo 81,58 \u20ac<\/strong><\/span><\/p>\n","protected":false},"featured_media":12826,"comment_status":"closed","ping_status":"closed","template":"","meta":[],"product_brand":[],"product_cat":[1619],"product_tag":[402,403,404,1017,1620,405,1660,475,1607,1608,1609,399,1704,400,401],"class_list":{"0":"post-28718","1":"product","2":"type-product","3":"status-publish","4":"has-post-thumbnail","6":"product_cat-siltnamio-outlet","7":"product_tag-siltnamis-lt-2","8":"product_tag-siltnamiai-lt","9":"product_tag-triiphone-lt","10":"product_tag-jupiter-lt","11":"product_tag-isleidimo-anga","12":"product_tag-triplex-lt","13":"product_tag-sonai-is-grudinto-stiklo-ir-stogas-is-polikarbonato","14":"product_tag-vitavia-lt","15":"product_tag-grudintas-stiklas","16":"product_tag-stiklo","17":"product_tag-polikarbonatas","18":"product_tag-siltnamis","19":"product_tag-sonai-stiklas-ir-stogas-polikarbonatas","20":"product_tag-siltnamiai","21":"product_tag-siltnamis-lt","22":"pa_kattematerjal-stiklas","23":"pa_kulje-korgus-151-m-lt","24":"pa_laius-257-m-lt","25":"pa_pikkus-258-m-lt","26":"pa_pindala-67-m2-lt","27":"pa_pindala_vahemik-5-9-m-lt","28":"pa_tipu-korgus-246-m-lt","29":"pa_varv-sale","30":"infinite-scroll-item","31":"no-featured-image-padding","32":"sales-flash-overlay","33":"woocommerce-text-align-left","34":"woocommerce-image-align-center","35":"do-quantity-buttons","37":"first","38":"instock","39":"sale","40":"shipping-taxable","41":"purchasable","42":"product-type-variable","43":"has-default-attributes"},"_links":{"self":[{"href":"https:\/\/vitavia.lt\/kasvuhoone\/wp-json\/wp\/v2\/product\/28718","targetHints":{"allow":["GET"]}}],"collection":[{"href":"https:\/\/vitavia.lt\/kasvuhoone\/wp-json\/wp\/v2\/product"}],"about":[{"href":"https:\/\/vitavia.lt\/kasvuhoone\/wp-json\/wp\/v2\/types\/product"}],"replies":[{"embeddable":true,"href":"https:\/\/vitavia.lt\/kasvuhoone\/wp-json\/wp\/v2\/comments?post=28718"}],"wp:featuredmedia":[{"embeddable":true,"href":"https:\/\/vitavia.lt\/kasvuhoone\/wp-json\/wp\/v2\/media\/12826"}],"wp:attachment":[{"href":"https:\/\/vitavia.lt\/kasvuhoone\/wp-json\/wp\/v2\/media?parent=28718"}],"wp:term":[{"taxonomy":"product_brand","embeddable":true,"href":"https:\/\/vitavia.lt\/kasvuhoone\/wp-json\/wp\/v2\/product_brand?post=28718"},{"taxonomy":"product_cat","embeddable":true,"href":"https:\/\/vitavia.lt\/kasvuhoone\/wp-json\/wp\/v2\/product_cat?post=28718"},{"taxonomy":"product_tag","embeddable":true,"href":"https:\/\/vitavia.lt\/kasvuhoone\/wp-json\/wp\/v2\/product_tag?post=28718"}],"curies":[{"name":"wp","href":"https:\/\/api.w.org\/{rel}","templated":true}]}}