{"id":27757,"date":"2025-01-07T21:07:50","date_gmt":"2025-01-07T18:07:50","guid":{"rendered":"https:\/\/vitavia.ee\/kasvuhoone\/?post_type=product&#038;p=27757"},"modified":"2025-02-11T20:47:05","modified_gmt":"2025-02-11T17:47:05","slug":"siltnamis-vitavia-neptun-11500-kopeeri","status":"publish","type":"product","link":"https:\/\/vitavia.lt\/kasvuhoone\/toode\/siltnamis-vitavia-neptun-11500-kopeeri\/","title":{"rendered":"\u0160iltnamis Vitavia Neptun 11500 outlet"},"content":{"rendered":"<h3><strong>&#8220;Vitavia NEPTUN&#8221; &#8211; eleganti\u0161kas dani\u0161kas \u0161iltnamis garbingam sodui.<\/strong><\/h3>\n<p>2,57 m plo\u010dio \u0161iltnam\u012f galima \u012fsigyti keturi\u0173 skirting\u0173 ilgi\u0173.<br \/>\nPakankamai auk\u0161tame ir pla\u010diame \u0161iltnamyje augalams u\u017etenka vietos augti ir vystytis.<\/p>\n<p>Neptun \u0161iltnamiuose taip pat u\u017etenka vietos j\u012f unikaliai ir \u012fdomiai \u012frengti.<\/p>\n<p>\u0160iltnamis turi vienas 1,75 m auk\u0161\u010dio stumdomas duris, kurias galima montuoti tiek de\u0161in\u0117je, tiek kair\u0117je pus\u0117je varstymui. Atidarytas duris taip pat galima u\u017efiksuoti skirtingose atidarytose pad\u0117tyse.<\/p>\n<p>&#8220;Neptun&#8221; \u0161iltnamiai standarti\u0161kai turi du stogo langus.<\/p>\n<p><strong>Skirting\u0173 &#8220;Neptun&#8221; \u0161iltnami\u0173 modeli\u0173 dyd\u017ei\u0173 lentel\u0117:<\/strong><\/p>\n<div class=\"tabel-scroll-x\">\n<table class=\"spec\" border=\"0\">\n<tbody>\n<tr>\n<th style=\"text-align: left;\" width=\"90\">Modelis<\/th>\n<th style=\"text-align: left;\" width=\"72\">Plotas<\/th>\n<th style=\"text-align: left;\" width=\"72\">Ilgis<\/th>\n<th style=\"text-align: left;\" width=\"72\">Plotis<\/th>\n<th style=\"text-align: left;\" width=\"72\">\u0160onin\u0117 pus\u0117<\/th>\n<th style=\"text-align: left;\" width=\"72\">Auk\u0161tis<\/th>\n<th style=\"text-align: left;\" width=\"50\">Aknaid<\/th>\n<\/tr>\n<tr>\n<td>Nept\u016bnas 6700<\/td>\n<td>6,7 m\u00b2<\/td>\n<td>2.58m<\/td>\n<td>2.57m<\/td>\n<td>1.35m<\/td>\n<td>2.30m<\/td>\n<td>2<\/td>\n<\/tr>\n<tr>\n<td>Nept\u016bnas 8300<\/td>\n<td>8,3 m\u00b2<\/td>\n<td>3.21m<\/td>\n<td>2.57m<\/td>\n<td>1.35m<\/td>\n<td>2.30m<\/td>\n<td>2<\/td>\n<\/tr>\n<tr>\n<td>Nept\u016bnas 9900<\/td>\n<td>9,9 m\u00b2<\/td>\n<td>3.84m<\/td>\n<td>2.57m<\/td>\n<td>1.35m<\/td>\n<td>2.30m<\/td>\n<td>2<\/td>\n<\/tr>\n<tr>\n<td>Nept\u016bnas 11500<\/td>\n<td>11,5 m\u00b2<\/td>\n<td>4.46m<\/td>\n<td>2.57m<\/td>\n<td>1.35m<\/td>\n<td>2.30m<\/td>\n<td>2<\/td>\n<\/tr>\n<\/tbody>\n<\/table>\n<\/div>\n<p><em>&#8211; Galimos spalvos: pilka ir milteliniu b\u016bdu dengta juoda<br \/>\n &#8211; kaip dang\u0105 galite rinktis 3 mm stikl\u0105, gr\u016bdint\u0105 stikl\u0105 arba 6 mm polikarbonat\u0105<br \/>\n &#8211; vienos stumdomos durys priekyje<br \/>\n &#8211; 2 stoglangiai<br \/>\n &#8211; visi modeliai turi papildom\u0105 pagrindin\u012f r\u0117m\u0105 su kojel\u0117mis (\u0161iltnamiui pritvirtinti prie \u017eem\u0117s)<\/em><\/p>\n<p>R\u0117mas pagamintas i\u0161 anoduoto aliuminio (ilgaam\u017e\u0117 gra\u017ei i\u0161vaizda ir aliuminio patvarumas), taip pat galima \u012fsigyti milteliniu b\u016bdu da\u017eyt\u0105.<\/p>\n<p>Galima u\u017esisakyti \u012fvairi\u0173 papildom\u0173 pried\u0173: lang\u0105, apatin\u012f v\u0117dinimo liuk\u0105, automatin\u012f lango atidarym\u0105, pagrindo r\u0117m\u0105, vidines lentynas ir t. t.<\/p>\n<p><strong><a href=\"http:\/\/mwlconstruct.eu\/e-pood\/tootekategooria\/kasvuhoone-lisavarustus\/\" target=\"_blank\" rel=\"noopener noreferrer\">\u017dr. priedus<\/a><\/strong><\/p>\n<p><em>Pamatas n\u0117ra grie\u017etai b\u016btinas, bet rekomenduojamas.<br \/>\n Jei \u0161iltnamis turi pagrindin\u012f karkas\u0105, j\u012f galima pritvirtinti prie \u017eem\u0117s arba ant kito paruo\u0161to pavir\u0161iaus (medin\u0117s terasos ar akmeninio pavir\u0161iaus).<br \/>\n \u012e prek\u0117s kain\u0105 bazinis r\u0117mas ne\u012fskai\u010diuotas.<\/em><\/p>\n<h3><a href=\"https:\/\/youtu.be\/-4zXyeMetnM\" target=\"_blank\" rel=\"noopener noreferrer\">&#8220;Vitavia&#8221; demonstracinis vaizdo \u012fra\u0161as  <\/a><\/h3>\n","protected":false},"excerpt":{"rendered":"<p><span title=\"Visus matmenis \u017er. toliau pateiktoje lentel\u0117je\">2,57 m x 4,46 m = 11,5 m\u00b2<\/span><br \/>\n <span style=\"color: #f5bd2f;\"><strong>M\u0117nesio \u012fmokos prad\u017eia. 132,42 \u20ac<\/strong><\/span><\/p>\n","protected":false},"featured_media":12634,"comment_status":"closed","ping_status":"closed","template":"","meta":[],"product_brand":[],"product_cat":[1619],"product_tag":[1620,1607,1660,1608,1704,1609],"class_list":{"0":"post-27757","1":"product","2":"type-product","3":"status-publish","4":"has-post-thumbnail","6":"product_cat-siltnamio-outlet","7":"product_tag-isleidimo-anga","8":"product_tag-grudintas-stiklas","9":"product_tag-sonai-is-grudinto-stiklo-ir-stogas-is-polikarbonato","10":"product_tag-stiklo","11":"product_tag-sonai-stiklas-ir-stogas-polikarbonatas","12":"product_tag-polikarbonatas","13":"product_shipping_class-deguto-klase-65","14":"pa_kattematerjal-grudintas-stiklas","15":"pa_kattematerjal-stiklas","16":"pa_kulje-korgus-135-m-lt","17":"pa_laius-257-m-lt","18":"pa_pikkus-446-m-lt","19":"pa_pindala-115-m2-lt","20":"pa_pindala_vahemik-9-12-m-lt","21":"pa_tipu-korgus-230-m-lt","22":"pa_varv-sale","23":"infinite-scroll-item","24":"no-featured-image-padding","25":"sales-flash-overlay","26":"woocommerce-text-align-left","27":"woocommerce-image-align-center","28":"do-quantity-buttons","30":"first","31":"instock","32":"sale","33":"shipping-taxable","34":"purchasable","35":"product-type-variable","36":"has-default-attributes"},"_links":{"self":[{"href":"https:\/\/vitavia.lt\/kasvuhoone\/wp-json\/wp\/v2\/product\/27757","targetHints":{"allow":["GET"]}}],"collection":[{"href":"https:\/\/vitavia.lt\/kasvuhoone\/wp-json\/wp\/v2\/product"}],"about":[{"href":"https:\/\/vitavia.lt\/kasvuhoone\/wp-json\/wp\/v2\/types\/product"}],"replies":[{"embeddable":true,"href":"https:\/\/vitavia.lt\/kasvuhoone\/wp-json\/wp\/v2\/comments?post=27757"}],"wp:featuredmedia":[{"embeddable":true,"href":"https:\/\/vitavia.lt\/kasvuhoone\/wp-json\/wp\/v2\/media\/12634"}],"wp:attachment":[{"href":"https:\/\/vitavia.lt\/kasvuhoone\/wp-json\/wp\/v2\/media?parent=27757"}],"wp:term":[{"taxonomy":"product_brand","embeddable":true,"href":"https:\/\/vitavia.lt\/kasvuhoone\/wp-json\/wp\/v2\/product_brand?post=27757"},{"taxonomy":"product_cat","embeddable":true,"href":"https:\/\/vitavia.lt\/kasvuhoone\/wp-json\/wp\/v2\/product_cat?post=27757"},{"taxonomy":"product_tag","embeddable":true,"href":"https:\/\/vitavia.lt\/kasvuhoone\/wp-json\/wp\/v2\/product_tag?post=27757"}],"curies":[{"name":"wp","href":"https:\/\/api.w.org\/{rel}","templated":true}]}}