{"id":26804,"date":"2025-01-07T19:11:17","date_gmt":"2025-01-07T16:11:17","guid":{"rendered":"https:\/\/vitavia.ee\/kasvuhoone\/?post_type=product&#038;p=26804"},"modified":"2025-02-11T20:47:19","modified_gmt":"2025-02-11T17:47:19","slug":"siltnamis-vitavia-saturn-6700-kopeeri","status":"publish","type":"product","link":"https:\/\/vitavia.lt\/kasvuhoone\/toode\/siltnamis-vitavia-saturn-6700-kopeeri\/","title":{"rendered":"\u0160iltnamis Vitavia Saturn 6700 outlet"},"content":{"rendered":"<h3><strong>Vitavia SATURN &#8211; \u0161iltnamis su patraukliu dizainu ir rytieti\u0161ku bei pasaki\u0161ku poj\u016b\u010diu.<\/strong><\/h3>\n<p>2,64 m plo\u010dio ir 2,55 m auk\u0161\u010dio \u0161iltnamis yra penki\u0173 skirting\u0173 ilgi\u0173.<br \/>\nPasaki\u0161kas ir \u0161viesus \u0161iltnamis suteikia pakankamai vietos augalams auginti ir poilsiui su \u0161eima bei draugais.<\/p>\n<p>\u0160iltnamio priekyje yra dvigubos stumdomos durys, kurios gali b\u016bti tvirtinamos skirtingose atvirose pad\u0117tyse.<\/p>\n<p>Priklausomai nuo dyd\u017eio, Saturno \u0161iltnamiai turi nuo vieno iki keturi\u0173 stoglangi\u0173.<br \/>\n Taip pat standartiniai lietaus latakai i\u0161 abiej\u0173 pusi\u0173.<\/p>\n<p><strong>Skirting\u0173 Saturno \u0161iltnamio modeli\u0173 dyd\u017ei\u0173 lentel\u0117:<\/strong><\/p>\n<div class=\"tabel-scroll-x\">\n<table class=\"spec\" border=\"0\">\n<tbody>\n<tr>\n<th style=\"text-align: left;\" width=\"90\">Modelis<\/th>\n<th style=\"text-align: left;\" width=\"72\">Plotas<\/th>\n<th style=\"text-align: left;\" width=\"72\">Ilgis<\/th>\n<th style=\"text-align: left;\" width=\"72\">Plotis<\/th>\n<th style=\"text-align: left;\" width=\"72\">\u0160onin\u0117 pus\u0117<\/th>\n<th style=\"text-align: left;\" width=\"72\">Auk\u0161tis<\/th>\n<th style=\"text-align: left;\" width=\"50\">Aknaid<\/th>\n<\/tr>\n<tr>\n<td>Saturnas 5000<\/td>\n<td>5,0 m\u00b2<\/td>\n<td>1.95m<\/td>\n<td>2,64 m<\/td>\n<td><\/td>\n<td>2,55 m<\/td>\n<td>1<\/td>\n<\/tr>\n<tr>\n<td>Saturnas 6700<\/td>\n<td>6,7 m\u00b2<\/td>\n<td>2.58m<\/td>\n<td>2,64 m<\/td>\n<td><\/td>\n<td>2,55 m<\/td>\n<td>2<\/td>\n<\/tr>\n<tr>\n<td>Saturnas 8300<\/td>\n<td>8,3 m\u00b2<\/td>\n<td>3.21m<\/td>\n<td>2,64 m<\/td>\n<td><\/td>\n<td>2,55 m<\/td>\n<td>2<\/td>\n<\/tr>\n<tr>\n<td>Saturnas 9900<\/td>\n<td>9,9 m\u00b2<\/td>\n<td>3,83 m<\/td>\n<td>2,64 m<\/td>\n<td><\/td>\n<td>2,55 m<\/td>\n<td>4<\/td>\n<\/tr>\n<tr>\n<td>Saturnas 11500<\/td>\n<td>11,5 m\u00b2<\/td>\n<td>4,45 m<\/td>\n<td>2,64 m<\/td>\n<td><\/td>\n<td>2,55 m<\/td>\n<td>4<\/td>\n<\/tr>\n<\/tbody>\n<\/table>\n<\/div>\n<p><em>&#8211; spalv\u0173 pasirinkimas yra pilka ir milteliniu b\u016bdu padengta \u017ealia arba juoda<br \/>\n &#8211; priklausomai nuo modelio, kaip dangtel\u012f galite rinktis 3 mm stikl\u0105 arba gr\u016bdint\u0105 stikl\u0105<br \/>\n &#8211; lenkti \u0161onai pagaminti i\u0161 auk\u0161tos kokyb\u0117s UV spinduliams atsparaus organinio stiklo<br \/>\n &#8211; priekyje dvi stumdomos durys<br \/>\n &#8211; priklausomai nuo dyd\u017eio, nuo 1 iki 4 stoglangi\u0173<br \/>\n &#8211; Pagrindinis r\u0117mas visuose modeliuose<\/em><\/p>\n<p>R\u0117mas pagamintas i\u0161 anoduoto aliuminio (ilgaam\u017e\u0117 gra\u017ei i\u0161vaizda ir aliuminio patvarumas), taip pat galima \u012fsigyti milteliniu b\u016bdu da\u017eyt\u0105.<\/p>\n<p>Galima u\u017esisakyti \u012fvairi\u0173 papildom\u0173 pried\u0173: lang\u0105, apatin\u012f v\u0117dinimo liuk\u0105, automatin\u012f lango atidarym\u0105, pagrindo r\u0117m\u0105, vidines lentynas ir t. t.<\/p>\n<p><strong><a href=\"http:\/\/mwlconstruct.eu\/e-pood\/tootekategooria\/kasvuhoone-lisavarustus\/\" target=\"_blank\" rel=\"noopener noreferrer\">\u017dr. priedus<\/a><\/strong><\/p>\n<p><em>Pamatas n\u0117ra grie\u017etai b\u016btinas, bet rekomenduojamas.<br \/>\n Jei \u0161iltnamis turi pagrindin\u012f karkas\u0105, j\u012f galima pritvirtinti prie \u017eem\u0117s arba ant kito paruo\u0161to pavir\u0161iaus (medin\u0117s terasos ar akmeninio pavir\u0161iaus).<br \/>\n \u012e prek\u0117s kain\u0105 bazinis r\u0117mas ne\u012fskai\u010diuotas.<\/em><\/p>\n<h3><a href=\"https:\/\/youtu.be\/-4zXyeMetnM\" target=\"_blank\" rel=\"noopener noreferrer\">&#8220;Vitavia&#8221; demonstracinis vaizdo \u012fra\u0161as  <\/a><\/h3>\n","protected":false},"excerpt":{"rendered":"<p><span title=\"Visus matmenis \u017er. toliau pateiktoje lentel\u0117je\">2,64 m x 2,58 m = 6,7 m\u00b2<\/span><br \/>\n <a class=\"alus_rm\" href=\"https:\/\/vitavia.ee\/wp-content\/uploads\/2017\/10\/Kasvuhoone-Saturn-paigaldusjuhend.pdf#page=18\" target=\"blanc\" rel=\"noopener\"><span class=\"alus_rm_bold\">NB!<\/span> \u0160iltnamio pagrindo r\u0117mo i\u0161orinius matmenis \u017ei\u016br\u0117kite \u010dia.<\/a><br \/>\n <span style=\"color: #f5bd2f;\"><strong>M\u0117nesio \u012fmokos prad\u017eia. 114,92 \u20ac<\/strong><\/span><\/p>\n","protected":false},"featured_media":13106,"comment_status":"closed","ping_status":"closed","template":"","meta":[],"product_brand":[],"product_cat":[1619],"product_tag":[1608,559,399,400,401,1620,402,403,475,1607],"class_list":{"0":"post-26804","1":"product","2":"type-product","3":"status-publish","4":"has-post-thumbnail","6":"product_cat-siltnamio-outlet","7":"product_tag-stiklo","8":"product_tag-saturn-lt","9":"product_tag-siltnamis","10":"product_tag-siltnamiai","11":"product_tag-siltnamis-lt","12":"product_tag-isleidimo-anga","13":"product_tag-siltnamis-lt-2","14":"product_tag-siltnamiai-lt","15":"product_tag-vitavia-lt","16":"product_tag-grudintas-stiklas","17":"pa_kattematerjal-stiklas","18":"pa_kattematerjal-grudintas-stiklas","19":"pa_kulje-korgus-182-m-lt","20":"pa_laius-264-m-lt","21":"pa_pikkus-258-m-lt","22":"pa_pindala-67-m2-lt","23":"pa_pindala_vahemik-5-9-m-lt","24":"pa_tipu-korgus-255-m-lt","25":"pa_varv-sale","26":"infinite-scroll-item","27":"no-featured-image-padding","28":"sales-flash-overlay","29":"woocommerce-text-align-left","30":"woocommerce-image-align-center","31":"do-quantity-buttons","33":"first","34":"instock","35":"sale","36":"shipping-taxable","37":"purchasable","38":"product-type-variable","39":"has-default-attributes"},"_links":{"self":[{"href":"https:\/\/vitavia.lt\/kasvuhoone\/wp-json\/wp\/v2\/product\/26804","targetHints":{"allow":["GET"]}}],"collection":[{"href":"https:\/\/vitavia.lt\/kasvuhoone\/wp-json\/wp\/v2\/product"}],"about":[{"href":"https:\/\/vitavia.lt\/kasvuhoone\/wp-json\/wp\/v2\/types\/product"}],"replies":[{"embeddable":true,"href":"https:\/\/vitavia.lt\/kasvuhoone\/wp-json\/wp\/v2\/comments?post=26804"}],"wp:featuredmedia":[{"embeddable":true,"href":"https:\/\/vitavia.lt\/kasvuhoone\/wp-json\/wp\/v2\/media\/13106"}],"wp:attachment":[{"href":"https:\/\/vitavia.lt\/kasvuhoone\/wp-json\/wp\/v2\/media?parent=26804"}],"wp:term":[{"taxonomy":"product_brand","embeddable":true,"href":"https:\/\/vitavia.lt\/kasvuhoone\/wp-json\/wp\/v2\/product_brand?post=26804"},{"taxonomy":"product_cat","embeddable":true,"href":"https:\/\/vitavia.lt\/kasvuhoone\/wp-json\/wp\/v2\/product_cat?post=26804"},{"taxonomy":"product_tag","embeddable":true,"href":"https:\/\/vitavia.lt\/kasvuhoone\/wp-json\/wp\/v2\/product_tag?post=26804"}],"curies":[{"name":"wp","href":"https:\/\/api.w.org\/{rel}","templated":true}]}}