{"id":26274,"date":"2024-12-06T15:04:55","date_gmt":"2024-12-06T12:04:55","guid":{"rendered":"https:\/\/vitavia.ee\/kasvuhoone\/?post_type=product&#038;p=26274"},"modified":"2025-02-11T20:46:59","modified_gmt":"2025-02-11T17:46:59","slug":"siltnamis-vitavia-orion-5000-kopeeri","status":"publish","type":"product","link":"https:\/\/vitavia.lt\/kasvuhoone\/toode\/siltnamis-vitavia-orion-5000-kopeeri\/","title":{"rendered":"\u0160iltnamis Vitavia Orion 5000 outlet"},"content":{"rendered":"<h3><strong>Vitavia ORION &#8211; patrauklaus dizaino ir pasaki\u0161kos formos \u0161iltnamis.<\/strong><\/h3>\n<p>1,93 m plo\u010dio ir 2,3 m auk\u0161\u010dio \u0161iltnamis yra dviej\u0173 skirting\u0173 ilgi\u0173.<br \/>\n\u0160iltnamis \u0161viesus ir patrauklus, puo\u0161iantis kiekvien\u0173 nam\u0173 sod\u0105.<\/p>\n<p>\u0160iltnamio priekyje yra stumdomos durys, kuri\u0173 matmenys 0,6 mx 2 m, jas galima tvirtinti \u012fvairiose atvirose pad\u0117tyse.<\/p>\n<p>Orion \u0161iltnamis turi vien\u0105 stoglang\u012f ir latakus.<\/p>\n<p><strong>Skirting\u0173 Saturno \u0161iltnamio modeli\u0173 dyd\u017ei\u0173 lentel\u0117:<\/strong><\/p>\n<div class=\"tabel-scroll-x\">\n<table class=\"spec\" border=\"0\">\n<tbody>\n<tr>\n<th style=\"text-align: left;\" width=\"90\">Modelis<\/th>\n<th style=\"text-align: left;\" width=\"72\">Plotas<\/th>\n<th style=\"text-align: left;\" width=\"72\">Ilgis<\/th>\n<th style=\"text-align: left;\" width=\"72\">Plotis<\/th>\n<th style=\"text-align: left;\" width=\"72\">\u0160onin\u0117 pus\u0117<\/th>\n<th style=\"text-align: left;\" width=\"72\">Auk\u0161tis<\/th>\n<th style=\"text-align: left;\" width=\"50\">Aknaid<\/th>\n<\/tr>\n<tr>\n<td>Orion 3800<\/td>\n<td>3,8 m\u00b2<\/td>\n<td>1,93 m<\/td>\n<td>1,95 m<\/td>\n<td>1,24 m<\/td>\n<td>2,3 m<\/td>\n<td>1<\/td>\n<\/tr>\n<tr>\n<td>Orion 5000<\/td>\n<td>5 m\u00b2<\/td>\n<td>1,93 m<\/td>\n<td>2,57 m<\/td>\n<td> 1,24 m<\/td>\n<td>2,3 m<\/td>\n<td>1<\/td>\n<\/tr>\n<\/tbody>\n<\/table>\n<\/div>\n<p><em>&#8211; spalv\u0173 pasirinkimas yra pilka ir milteliniu b\u016bdu padengta juoda arba \u017ealia<br \/>\n &#8211; 3 mm sodininkyst\u0117s stiklas dang\u010diui, organinis stiklas ant lenkt\u0173 dali\u0173<br \/>\n &#8211; priekyje vieni\u0161as<br \/>\n &#8211; 1 stoglangis<br \/>\n &#8211; Pagrindinis r\u0117mas yra visuose modeliuose<\/em><\/p>\n<p>R\u0117mas pagamintas i\u0161 anoduoto aliuminio (ilgaam\u017e\u0117 gra\u017ei i\u0161vaizda ir aliuminio patvarumas), taip pat galima \u012fsigyti milteliniu b\u016bdu da\u017eyt\u0105.<\/p>\n<p>Galima u\u017esisakyti \u012fvairi\u0173 papildom\u0173 pried\u0173: lang\u0105, apatin\u012f v\u0117dinimo liuk\u0105, automatin\u012f lango atidarym\u0105, pagrindo r\u0117m\u0105, vidines lentynas ir t. t.<\/p>\n<p><strong><a href=\"http:\/\/mwlconstruct.eu\/e-pood\/tootekategooria\/kasvuhoone-lisavarustus\/\" target=\"_blank\" rel=\"noopener noreferrer\">\u017dr. priedus<\/a><\/strong><\/p>\n<p><em>Pamatas n\u0117ra grie\u017etai b\u016btinas, bet rekomenduojamas.<br \/>\n Jei \u0161iltnamis turi pagrindin\u012f karkas\u0105, j\u012f galima pritvirtinti prie \u017eem\u0117s arba ant kito paruo\u0161to pavir\u0161iaus (medin\u0117s terasos ar akmeninio pavir\u0161iaus).<br \/>\n \u012e prek\u0117s kain\u0105 bazinis r\u0117mas ne\u012fskai\u010diuotas.<\/em><\/p>\n<h3><a href=\"https:\/\/youtu.be\/-4zXyeMetnM\" target=\"_blank\" rel=\"noopener noreferrer\">&#8220;Vitavia&#8221; demonstracinis vaizdo \u012fra\u0161as  <\/a><\/h3>\n","protected":false},"excerpt":{"rendered":"<p><span title=\"Visus matmenis \u017er. toliau pateiktoje lentel\u0117je\">1,93 m x 2,57 m = 5,0 m\u00b2<\/span><br \/>\n <span style=\"color: #f5bd2f;\"><strong>M\u0117nesio \u012fmokos prad\u017eia. 85,41 \u20ac<\/strong><\/span><\/p>\n","protected":false},"featured_media":20794,"comment_status":"closed","ping_status":"closed","template":"","meta":[],"product_brand":[],"product_cat":[1619],"product_tag":[1620,1608],"class_list":{"0":"post-26274","1":"product","2":"type-product","3":"status-publish","4":"has-post-thumbnail","6":"product_cat-siltnamio-outlet","7":"product_tag-isleidimo-anga","8":"product_tag-stiklo","9":"pa_kulje-korgus-182-m-lt","10":"pa_laius-193-m-lt","11":"pa_pikkus-258-m-lt","12":"pa_pindala-5-m2-lt","13":"pa_pindala_vahemik-09-5-m-lt","14":"pa_tipu-korgus-230-m-lt","15":"pa_varv-juodas","16":"pa_varv-sale","17":"infinite-scroll-item","18":"no-featured-image-padding","19":"sales-flash-overlay","20":"woocommerce-text-align-left","21":"woocommerce-image-align-center","22":"do-quantity-buttons","24":"first","25":"instock","26":"sale","27":"shipping-taxable","28":"purchasable","29":"product-type-variable","30":"has-default-attributes"},"_links":{"self":[{"href":"https:\/\/vitavia.lt\/kasvuhoone\/wp-json\/wp\/v2\/product\/26274","targetHints":{"allow":["GET"]}}],"collection":[{"href":"https:\/\/vitavia.lt\/kasvuhoone\/wp-json\/wp\/v2\/product"}],"about":[{"href":"https:\/\/vitavia.lt\/kasvuhoone\/wp-json\/wp\/v2\/types\/product"}],"replies":[{"embeddable":true,"href":"https:\/\/vitavia.lt\/kasvuhoone\/wp-json\/wp\/v2\/comments?post=26274"}],"wp:featuredmedia":[{"embeddable":true,"href":"https:\/\/vitavia.lt\/kasvuhoone\/wp-json\/wp\/v2\/media\/20794"}],"wp:attachment":[{"href":"https:\/\/vitavia.lt\/kasvuhoone\/wp-json\/wp\/v2\/media?parent=26274"}],"wp:term":[{"taxonomy":"product_brand","embeddable":true,"href":"https:\/\/vitavia.lt\/kasvuhoone\/wp-json\/wp\/v2\/product_brand?post=26274"},{"taxonomy":"product_cat","embeddable":true,"href":"https:\/\/vitavia.lt\/kasvuhoone\/wp-json\/wp\/v2\/product_cat?post=26274"},{"taxonomy":"product_tag","embeddable":true,"href":"https:\/\/vitavia.lt\/kasvuhoone\/wp-json\/wp\/v2\/product_tag?post=26274"}],"curies":[{"name":"wp","href":"https:\/\/api.w.org\/{rel}","templated":true}]}}