{"id":26145,"date":"2024-12-05T13:55:32","date_gmt":"2024-12-05T10:55:32","guid":{"rendered":"https:\/\/vitavia.ee\/kasvuhoone\/?post_type=product&#038;p=26145"},"modified":"2025-02-11T20:40:44","modified_gmt":"2025-02-11T17:40:44","slug":"siltnamis-vitavia-phoenix-9900-kopeeri","status":"publish","type":"product","link":"https:\/\/vitavia.lt\/kasvuhoone\/toode\/siltnamis-vitavia-phoenix-9900-kopeeri\/","title":{"rendered":"\u0160iltnamis Vitavia Phoenix 9900 outlet"},"content":{"rendered":"<h3><strong>Vitavia PHOENIX &#8211; eleganti\u0161kas \u0161iltnamis su erdviu \u012f\u0117jimu ir \u017eemomis dur\u0173 stakta.<\/strong><\/h3>\n<p>2,57 m plo\u010dio \u0161iltnamis yra dviej\u0173 skirting\u0173 ilgi\u0173.<br \/>\nErdviame \u0161iltnamyje yra vietos ir augalams, ir patogiai poilsio zonai.<\/p>\n<p>\u201ePhoenix\u201c \u0161iltnamiuose taip pat u\u017etenka vietos, kad j\u0105 b\u016bt\u0173 galima unikaliai ir \u012fdomiai \u012frengti.<\/p>\n<p>\u0160iltnamyje yra 2 stumdomos durys.<\/p>\n<p>\u0160iltnamio priekyje yra dvigubos stumdomos durys, kuri\u0173 matmenys 1,22 mx 1,99 m, kurios gali b\u016bti fiksuojamos skirtingose \u200b\u200batvirose pad\u0117tyse.<br \/>\n Standartin\u0117je komplektacijoje taip pat yra lietaus vandens latakai.<\/p>\n<p>\u201ePhoenix\u201c \u0161iltnamiuose yra keturi stoglangiai.<\/p>\n<p><strong>Skirting\u0173 Phoenix \u0161iltnamio modeli\u0173 dyd\u017ei\u0173 lentel\u0117:<\/strong><\/p>\n<div class=\"tabel-scroll-x\">\n<table class=\"spec\" border=\"0\">\n<tbody>\n<tr>\n<th style=\"text-align: left;\" width=\"90\">Modelis<\/th>\n<th style=\"text-align: left;\" width=\"72\">Plotas<\/th>\n<th style=\"text-align: left;\" width=\"72\">Ilgis<\/th>\n<th style=\"text-align: left;\" width=\"72\">Plotis<\/th>\n<th style=\"text-align: left;\" width=\"72\">\u0160onin\u0117 pus\u0117<\/th>\n<th style=\"text-align: left;\" width=\"72\">Auk\u0161tis<\/th>\n<th style=\"text-align: left;\" width=\"50\">Aknaid<\/th>\n<\/tr>\n<tr>\n<td>Phoenix 9900<\/td>\n<td>9,9 m\u00b2<\/td>\n<td>3.84m<\/td>\n<td>2.57m<\/td>\n<td>1,54 m<\/td>\n<td>2,48 m<\/td>\n<td>4<\/td>\n<\/tr>\n<tr>\n<td>Phoenix 11500<\/td>\n<td>11,5 m\u00b2<\/td>\n<td>4.46m<\/td>\n<td>2.57m<\/td>\n<td>1,54 m<\/td>\n<td>2,48 m<\/td>\n<td>4<\/td>\n<\/tr>\n<\/tbody>\n<\/table>\n<\/div>\n<p><em>&#8211; Galimos spalvos: pilka ir milteliniu b\u016bdu dengta juoda<br \/>\n &#8211; 3 mm stiklas kaip dangtelis<br \/>\n &#8211; Priekyje dvigubos stumdomos durys<br \/>\n &#8211; 4 stoglangiai<br \/>\n &#8211; Visi modeliai standarti\u0161kai komplektuojami su pagrindine stakta su \u017eema dur\u0173 stakta ir kojomis \u0161iltnamiui pritvirtinti prie \u017eem\u0117s.<\/em><\/p>\n<p>R\u0117mas pagamintas i\u0161 anoduoto aliuminio (u\u017etikrina ilgalaik\u0119 gra\u017ei\u0105 aliuminio i\u0161vaizd\u0105 ir ilgaam\u017ei\u0161kum\u0105), taip pat yra juodos spalvos milteliniu b\u016bdu.<\/p>\n<p>Galima u\u017esisakyti \u012fvairi\u0173 pried\u0173: lang\u0105, apatin\u012f ventiliacijos liuk\u0105, automatin\u012f lang\u0173 atidarytuv\u0105, vidines lentynas ir kt.<\/p>\n<p><strong><a href=\"http:\/\/mwlconstruct.eu\/e-pood\/tootekategooria\/kasvuhoone-lisavarustus\/\" target=\"_blank\" rel=\"noopener noreferrer\">\u017dr. priedus<\/a><\/strong><\/p>\n<p><em>Pamatas n\u0117ra grie\u017etai b\u016btinas, bet rekomenduojamas.<br \/>\n Jei \u0161iltnamis turi pagrindin\u012f karkas\u0105, j\u012f galima tvirtinti tiesiai prie \u017eem\u0117s arba ant kito paruo\u0161to pavir\u0161iaus (medinio pakloto ar akmens pavir\u0161iaus).<br \/>\n \u012e prek\u0117s kain\u0105 bazinis r\u0117mas ne\u012fskai\u010diuotas.<\/em><\/p>\n<h3><a href=\"https:\/\/youtu.be\/-4zXyeMetnM\" target=\"_blank\" rel=\"noopener noreferrer\">&#8220;Vitavia&#8221; demonstracinis vaizdo \u012fra\u0161as  <\/a><\/h3>\n","protected":false},"excerpt":{"rendered":"<p><span title=\"Visus matmenis \u017er. toliau pateiktoje lentel\u0117je\">2,57 m x 3,83 m = 9,9 m\u00b2<\/span><br \/>\n <span style=\"color: #f5bd2f;\"><strong>M\u0117nesio \u012fmokos prad\u017eia. 141,58 \u20ac<\/strong><\/span><\/p>\n","protected":false},"featured_media":15733,"comment_status":"closed","ping_status":"closed","template":"","meta":[],"product_brand":[],"product_cat":[1619],"product_tag":[405,475,1608,399,400,401,402,1238,403,404],"class_list":{"0":"post-26145","1":"product","2":"type-product","3":"status-publish","4":"has-post-thumbnail","6":"product_cat-siltnamio-outlet","7":"product_tag-triplex-lt","8":"product_tag-vitavia-lt","9":"product_tag-stiklo","10":"product_tag-siltnamis","11":"product_tag-siltnamiai","12":"product_tag-siltnamis-lt","13":"product_tag-siltnamis-lt-2","14":"product_tag-phoenix-lt","15":"product_tag-siltnamiai-lt","16":"product_tag-triiphone-lt","17":"pa_kattematerjal-stiklas","18":"pa_kulje-korgus-154-m-lt","19":"pa_laius-257-m-lt","20":"pa_pikkus-383-m-lt","21":"pa_pindala-99-m2-lt","22":"pa_pindala_vahemik-9-12-m-lt","23":"pa_tipu-korgus-248-m-lt","24":"pa_varv-sale","25":"infinite-scroll-item","26":"no-featured-image-padding","27":"sales-flash-overlay","28":"woocommerce-text-align-left","29":"woocommerce-image-align-center","30":"do-quantity-buttons","32":"first","33":"instock","34":"sale","35":"shipping-taxable","36":"purchasable","37":"product-type-variable","38":"has-default-attributes"},"_links":{"self":[{"href":"https:\/\/vitavia.lt\/kasvuhoone\/wp-json\/wp\/v2\/product\/26145","targetHints":{"allow":["GET"]}}],"collection":[{"href":"https:\/\/vitavia.lt\/kasvuhoone\/wp-json\/wp\/v2\/product"}],"about":[{"href":"https:\/\/vitavia.lt\/kasvuhoone\/wp-json\/wp\/v2\/types\/product"}],"replies":[{"embeddable":true,"href":"https:\/\/vitavia.lt\/kasvuhoone\/wp-json\/wp\/v2\/comments?post=26145"}],"wp:featuredmedia":[{"embeddable":true,"href":"https:\/\/vitavia.lt\/kasvuhoone\/wp-json\/wp\/v2\/media\/15733"}],"wp:attachment":[{"href":"https:\/\/vitavia.lt\/kasvuhoone\/wp-json\/wp\/v2\/media?parent=26145"}],"wp:term":[{"taxonomy":"product_brand","embeddable":true,"href":"https:\/\/vitavia.lt\/kasvuhoone\/wp-json\/wp\/v2\/product_brand?post=26145"},{"taxonomy":"product_cat","embeddable":true,"href":"https:\/\/vitavia.lt\/kasvuhoone\/wp-json\/wp\/v2\/product_cat?post=26145"},{"taxonomy":"product_tag","embeddable":true,"href":"https:\/\/vitavia.lt\/kasvuhoone\/wp-json\/wp\/v2\/product_tag?post=26145"}],"curies":[{"name":"wp","href":"https:\/\/api.w.org\/{rel}","templated":true}]}}