{"id":25237,"date":"2024-09-27T12:04:20","date_gmt":"2024-09-27T09:04:23","guid":{"rendered":"https:\/\/vitavia.ee\/kasvuhoone\/?post_type=product&#038;p=25237"},"modified":"2025-02-11T22:40:49","modified_gmt":"2025-02-11T19:40:49","slug":"siltnamis-aurelie-1026-m%c2%b2-kopeeri","status":"publish","type":"product","link":"https:\/\/vitavia.lt\/kasvuhoone\/toode\/siltnamis-aurelie-1026-m%c2%b2-kopeeri\/","title":{"rendered":"Sodo paviljono stiliaus \u0161iltnamis Aurelie &#8211; 10,26 m\u00b2"},"content":{"rendered":"<p style=\"text-align: left;\">Idealus sprendimas visiems sodininkyst\u0117s entuziastams, kurie, be sodininkyst\u0117s, tiesiog m\u0117gaujasi \u012f augalus orientuota sodininkyste \u2013 nepriklausomai nuo oro s\u0105lyg\u0173.<br \/>\n M\u016bs\u0173 auk\u0161\u010diausios klas\u0117s \u0161iltnamiai ir sodo nameliai idealiai tinka j\u016bs\u0173 lauko laikui prat\u0119sti tiek dar\u017eov\u0117ms auginti, tiek naudoti kaip sodo namel\u012f.<br \/>\n Kod\u0117l verta laikyti tai v\u0117jui ir lietui atsparia terasa \u2013 kai esi viduje, esi kaip lauke.<br \/>\n Ir visa tai su geriausiu kainos ir kokyb\u0117s santykiu!<\/p>\n<p><strong>I\u0160MATUOTA:<\/strong><\/p>\n<ul>\n<li>Specialios formos \u0161iltnamis arba sodo paviljonas yra T formos plano. Bendras \u0161iltnamio plotis 303 cm, bendras ilgis 371 cm. Galini\u0173 sien\u0173 plotis 232 cm, plotas 10,26 m\u00b2, t\u016bris 19,90 m\u00b3. Dur\u0173 angos dydis 185 x 68 cm.<\/li>\n<li>Stogo kraigo auk\u0161tis, \u012fskaitant pagrindo r\u0117m\u0105, yra 235 cm, o \u0161onin\u0117s sienos auk\u0161tis, \u012fskaitant pagrindo r\u0117m\u0105, yra 179 cm.<\/li>\n<li>Didel\u0117s 78 cm x 73 cm dyd\u017eio stogo ventiliacin\u0117s angos u\u017etikrina ger\u0105 oro cirkuliacij\u0105.<\/li>\n<li>\u0160iltnamyje taip pat yra lietaus vandens vamzd\u017eiai.<\/li>\n<li>Bendras stiklo pavir\u0161iaus plotas 31,67 m\u00b2.<\/li>\n<\/ul>\n<p><strong>\u0160iltnam\u012f su pagrindiniu karkasu galima tvirtinti tiesiai prie \u017eem\u0117s, prie bet kokio paruo\u0161to akmeninio ar medinio pavir\u0161iaus ir b\u016btinai prie betoninio ar blokinio pamato.<\/strong><br \/>\n Tvirtas aliuminio pagrindo karkasas suteikia \u0161iltnamiui didesn\u012f stabilum\u0105 ir palengvina surinkim\u0105. Pagrindo r\u0117mas pagamintas i\u0161 tvirto karpinio ir yra dviej\u0173 kamer\u0173, tod\u0117l yra ypa\u010d tvirtas, pavyzd\u017eiui, prie\u0161 \u0161alt\u012f. Prie pagrindo r\u0117mo pritvirtinti inkariniai lynai, kuriuos galima \u012fkasti \u012f \u017eem\u0119 arba supilti \u012f mi\u0161in\u012f. Tod\u0117l subr\u0117mas taip pat gali b\u016bti atskiro pamato pakaitalas.<\/p>\n<p>\u0160iltnamio <strong>4 mm gr\u016bdintas stiklas<\/strong> yra iki 7 kart\u0173 tvirtesnis u\u017e \u012fprast\u0105 \u0161iltnamio stikl\u0105. Tai rei\u0161kia didesn\u012f saugum\u0105 montuojant ir v\u0117liau naudojant. Jei stiklas sudu\u017et\u0173, nelikt\u0173 pavojing\u0173 a\u0161tri\u0173 \u0161uki\u0173, o tik stiklo \u0161uk\u0117s, kaip kad sudu\u017eus automobilio langui. \u0160ios skaldos nepa\u017eeis ir nesutrikdys \u0161iltnamio dirvo\u017eemio.<\/p>\n<p><img loading=\"lazy\" decoding=\"async\" class=\"alignnone size-medium wp-image-10160\" src=\"https:\/\/mwlconstruct.eu\/e-pood\/wp-content\/uploads\/2020\/10\/Tugeva_raamiga_kasvuhoone-300x202.jpg\" alt=\"\" width=\"300\" height=\"202\"><a href=\"https:\/\/mwlconstruct.eu\/e-pood\/wp-content\/uploads\/2020\/10\/ACD-kasvuhooned-ja-aiapaviljonid.jpg\"><img loading=\"lazy\" decoding=\"async\" class=\"alignnone wp-image-10172 size-medium\" src=\"https:\/\/mwlconstruct.eu\/e-pood\/wp-content\/uploads\/2020\/10\/ACD-kasvuhooned-ja-aiapaviljonid-300x225.jpg\" alt=\"\" width=\"300\" height=\"225\"><\/a><\/p>\n","protected":false},"excerpt":{"rendered":"<p>3,03 m x 3,71 m = 10,26 m\u00b2<\/p>\n","protected":false},"featured_media":14532,"comment_status":"closed","ping_status":"closed","template":"","meta":[],"product_brand":[],"product_cat":[503],"product_tag":[402,403,404,405,399,400,1607,401],"class_list":{"0":"post-25237","1":"product","2":"type-product","3":"status-publish","4":"has-post-thumbnail","6":"product_cat-sodo-paviljonai","7":"product_tag-siltnamis-lt-2","8":"product_tag-siltnamiai-lt","9":"product_tag-triiphone-lt","10":"product_tag-triplex-lt","11":"product_tag-siltnamis","12":"product_tag-siltnamiai","13":"product_tag-grudintas-stiklas","14":"product_tag-siltnamis-lt","15":"pa_kattematerjal-grudintas-stiklas","16":"pa_kulje-korgus-179-m-lt","17":"pa_laius-303-m-lt","18":"pa_pikkus-371-m-lt","19":"pa_pindala-1026-m-lt","20":"pa_pindala_vahemik-9-12-m-lt","21":"pa_tipu-korgus-235-m-lt","22":"pa_varv-juodos-spalvos-miltelinis-dazymas-ral-9005","23":"pa_varv-milteliniu-budu-dengtas-kitomis-ral-spalvomis","24":"infinite-scroll-item","25":"no-featured-image-padding","26":"sales-flash-overlay","27":"woocommerce-text-align-left","28":"woocommerce-image-align-center","29":"do-quantity-buttons","31":"first","32":"instock","33":"sale","34":"shipping-taxable","35":"purchasable","36":"product-type-variable","37":"has-default-attributes"},"_links":{"self":[{"href":"https:\/\/vitavia.lt\/kasvuhoone\/wp-json\/wp\/v2\/product\/25237","targetHints":{"allow":["GET"]}}],"collection":[{"href":"https:\/\/vitavia.lt\/kasvuhoone\/wp-json\/wp\/v2\/product"}],"about":[{"href":"https:\/\/vitavia.lt\/kasvuhoone\/wp-json\/wp\/v2\/types\/product"}],"replies":[{"embeddable":true,"href":"https:\/\/vitavia.lt\/kasvuhoone\/wp-json\/wp\/v2\/comments?post=25237"}],"wp:featuredmedia":[{"embeddable":true,"href":"https:\/\/vitavia.lt\/kasvuhoone\/wp-json\/wp\/v2\/media\/14532"}],"wp:attachment":[{"href":"https:\/\/vitavia.lt\/kasvuhoone\/wp-json\/wp\/v2\/media?parent=25237"}],"wp:term":[{"taxonomy":"product_brand","embeddable":true,"href":"https:\/\/vitavia.lt\/kasvuhoone\/wp-json\/wp\/v2\/product_brand?post=25237"},{"taxonomy":"product_cat","embeddable":true,"href":"https:\/\/vitavia.lt\/kasvuhoone\/wp-json\/wp\/v2\/product_cat?post=25237"},{"taxonomy":"product_tag","embeddable":true,"href":"https:\/\/vitavia.lt\/kasvuhoone\/wp-json\/wp\/v2\/product_tag?post=25237"}],"curies":[{"name":"wp","href":"https:\/\/api.w.org\/{rel}","templated":true}]}}