{"id":20331,"date":"2017-01-22T10:55:10","date_gmt":"2023-06-05T08:30:51","guid":{"rendered":"https:\/\/vitavia.ee\/kasvuhoone\/toode\/siltnamio-stoglangis\/"},"modified":"2023-06-05T11:30:51","modified_gmt":"2023-06-05T08:30:51","slug":"siltnamio-stoglangis","status":"publish","type":"product","link":"https:\/\/vitavia.lt\/kasvuhoone\/toode\/siltnamio-stoglangis\/","title":{"rendered":"\u0160iltnamio stoglangis"},"content":{"rendered":"<p><strong>\u0160iltnamio stoglangis \u0161iltnamiams ir sodo paviljonams<\/strong><\/p>\n<p>\u012e kain\u0105 \u012feina tik stoglangio r\u0117mas.<\/p>\n<p><a href=\"https:\/\/www.pinterest.com\/mwlconstruct\/kasvuhoone\/\">Pinterest<\/a><br \/>\n<a href=\"http:\/\/www.vitavia.ee\/\" rel=\"nofollow\">Vitavia<\/a><\/p>\n","protected":false},"excerpt":{"rendered":"<p>\u0160iltnamio stoglangis \u0161iltnamiams ir sodo paviljonams \u012e kain\u0105 \u012feina tik stoglangio r\u0117mas. Pinterest Vitavia<\/p>\n","protected":false},"featured_media":13928,"comment_status":"closed","ping_status":"closed","template":"","meta":[],"product_brand":[],"product_cat":[993],"product_tag":[1098,1101,399,400],"class_list":{"0":"post-20331","1":"product","2":"type-product","3":"status-publish","4":"has-post-thumbnail","6":"product_cat-siltnamio-priedas","7":"product_tag-orlaide","8":"product_tag-siltnamio-anga","9":"product_tag-siltnamis","10":"product_tag-siltnamiai","11":"pa_varv-zalias","12":"pa_varv-sale","13":"pa_varv-juodas","14":"infinite-scroll-item","15":"no-featured-image-padding","16":"sales-flash-overlay","17":"woocommerce-text-align-left","18":"woocommerce-image-align-center","19":"do-quantity-buttons","21":"first","22":"instock","23":"shipping-taxable","24":"purchasable","25":"product-type-variable"},"_links":{"self":[{"href":"https:\/\/vitavia.lt\/kasvuhoone\/wp-json\/wp\/v2\/product\/20331","targetHints":{"allow":["GET"]}}],"collection":[{"href":"https:\/\/vitavia.lt\/kasvuhoone\/wp-json\/wp\/v2\/product"}],"about":[{"href":"https:\/\/vitavia.lt\/kasvuhoone\/wp-json\/wp\/v2\/types\/product"}],"replies":[{"embeddable":true,"href":"https:\/\/vitavia.lt\/kasvuhoone\/wp-json\/wp\/v2\/comments?post=20331"}],"wp:featuredmedia":[{"embeddable":true,"href":"https:\/\/vitavia.lt\/kasvuhoone\/wp-json\/wp\/v2\/media\/13928"}],"wp:attachment":[{"href":"https:\/\/vitavia.lt\/kasvuhoone\/wp-json\/wp\/v2\/media?parent=20331"}],"wp:term":[{"taxonomy":"product_brand","embeddable":true,"href":"https:\/\/vitavia.lt\/kasvuhoone\/wp-json\/wp\/v2\/product_brand?post=20331"},{"taxonomy":"product_cat","embeddable":true,"href":"https:\/\/vitavia.lt\/kasvuhoone\/wp-json\/wp\/v2\/product_cat?post=20331"},{"taxonomy":"product_tag","embeddable":true,"href":"https:\/\/vitavia.lt\/kasvuhoone\/wp-json\/wp\/v2\/product_tag?post=20331"}],"curies":[{"name":"wp","href":"https:\/\/api.w.org\/{rel}","templated":true}]}}