{"id":20275,"date":"2016-05-22T21:22:32","date_gmt":"2023-05-25T06:04:48","guid":{"rendered":"https:\/\/vitavia.ee\/kasvuhoone\/toode\/siltnamis-vitavia-helena-8600\/"},"modified":"2023-05-25T09:04:48","modified_gmt":"2023-05-25T06:04:48","slug":"siltnamis-vitavia-helena-8600","status":"publish","type":"product","link":"https:\/\/vitavia.lt\/kasvuhoone\/toode\/siltnamis-vitavia-helena-8600\/","title":{"rendered":"\u0160iltnamis Vitavia Helena 8600"},"content":{"rendered":"<h3><strong>Veranda prie sienos \/ \u0161iltnamis &#8211; Vitavia HELENA su dvejomis stumdomomis durimis \/ 2,66 mx 3,34 m.<\/strong><\/h3>\n<p>Prie sienos \u012frengta veranda, kuri puikiai tinka ir oran\u017eerijai.<br \/>\nPagal poreik\u012f pla\u010dios, prie\u0161ingai atsidaran\u010dios durys gali b\u016bti dedamos tiek \u0161onin\u0117je, tiek priekin\u0117je sienoje.<br \/>\nTvirtas aliuminio r\u0117mas ir erdv\u016bs stiklo pavir\u0161iai, tod\u0117l labai \u0161vies\u016bs.<\/p>\n<p>Visi modeliai turi 2 \u0161oninius langus ir 2 prie\u0161ais atsidaran\u010dias rakinamas stumdomas duris.<br \/>\nHelena modeliai yra trij\u0173 skirting\u0173 dyd\u017ei\u0173.<\/p>\n<p><strong>Skirting\u0173 Helena \u0161iltnamio modeli\u0173 dyd\u017ei\u0173 lentel\u0117:<\/strong><\/p>\n<div class=\"tabel-scroll-x\">\n<table class=\"spec\" border=\"0\">\n<tbody>\n<tr>\n<th style=\"text-align: left;\" width=\"90\">Modelis<\/th>\n<th style=\"text-align: left;\" width=\"72\">Plotas<\/th>\n<th style=\"text-align: left;\" width=\"72\">Ilgis<\/th>\n<th style=\"text-align: left;\" width=\"72\">Plotis<\/th>\n<th style=\"text-align: left;\" width=\"72\">\u0160onin\u0117 pus\u0117<\/th>\n<th style=\"text-align: left;\" width=\"72\">Auk\u0161tis<\/th>\n<th style=\"text-align: left;\" width=\"50\">Aknaid<\/th>\n<\/tr>\n<tr>\n<td>Helena 8600<\/td>\n<td><sup>8,88m2<\/sup><\/td>\n<td>3,34 m<\/td>\n<td>2,66 m<\/td>\n<td>1,87 m<\/td>\n<td>2,39 m<\/td>\n<td>2<\/td>\n<\/tr>\n<tr>\n<td>Helena 10200<\/td>\n<td>10,56 m <sup>2<\/sup><\/td>\n<td>3,97 m<\/td>\n<td>2,66 m<\/td>\n<td>1,87 m<\/td>\n<td>2,39 m<\/td>\n<td>2<\/td>\n<\/tr>\n<tr>\n<td>Helena 11900<\/td>\n<td>12,24 m <sup>2<\/sup><\/td>\n<td>4,60 m<\/td>\n<td>2,66 m<\/td>\n<td>1,87 m<\/td>\n<td>2,39 m<\/td>\n<td>2<\/td>\n<\/tr>\n<\/tbody>\n<\/table>\n<\/div>\n<p><em>&#8211; Galimos pilkos, tamsiai pilkos ir juodos spalvos<br \/>\n&#8211; 3 mm gr\u016bdintas stiklas i\u0161 \u0161on\u0173 ir 10 mm polikarbonatas ant stogo<br \/>\n&#8211; 2 prie\u0161ais atsidaran\u010dios rakinamos stumdomos durys<br \/>\n&#8211; 2 \u0161oniniai langai<br \/>\n&#8211; Visi modeliai turi pagrindin\u012f r\u0117m\u0105<br \/>\n<\/em><\/p>\n<p>R\u0117mas pagamintas i\u0161 anoduoto aliuminio (aliuminiui suteikiama ilgalaik\u0117 gra\u017ei i\u0161vaizda ir ilgaam\u017ei\u0161kumas), j\u012f taip pat galima da\u017eyti milteliniu b\u016bdu.<\/p>\n<p>Galima u\u017esisakyti \u012fvairi\u0173 pried\u0173: lang\u0105, automatin\u012f lang\u0173 atidarytuv\u0105, vidines lentynas ir kt.<\/p>\n<h4><strong><a href=\"http:\/\/mwlconstruct.eu\/e-pood\/tootekategooria\/kasvuhoone-lisavarustus\/\" target=\"_blank\" rel=\"noopener noreferrer\">\u017dr. priedus<\/a><\/strong><\/h4>\n<h3><a href=\"https:\/\/youtu.be\/-4zXyeMetnM\" target=\"_blank\" rel=\"noopener noreferrer\">&#8220;Vitavia&#8221; demonstracinis vaizdo \u012fra\u0161as  <\/a><\/h3>\n<p><em>Fondas tikrai n\u0117ra b\u016btinas, bet pageidautinas.<br \/>\nJei \u0161iltnamis turi pagrindo r\u0117m\u0105, j\u012f galima pritvirtinti prie \u017eol\u0117s ar bet kokio kito paruo\u0161to pavir\u0161iaus.<br \/>\n\u012e gaminio kain\u0105 \u012feina bazinis r\u0117mas.<\/em><br \/>\n<a href=\"https:\/\/www.pinterest.com\/mwlconstruct\/kasvuhoone\/\" rel=\"nofollow\">Pinterest<\/a><br \/>\n<a href=\"http:\/\/www.vitavia.ee\/\">Vitavia<\/a><\/p>\n","protected":false},"excerpt":{"rendered":"<p><span title=\"Visus matmenis \u017er. toliau pateiktoje lentel\u0117je\">2,66 m x 3,34 m = 8,88 m\u00b2<\/span><br \/>\n<span style=\"color: #f5bd2f;\"><strong>M\u0117nesin\u0117 \u012fmoka al. 216,75 \u20ac<\/strong><\/span><\/p>\n","protected":false},"featured_media":20842,"comment_status":"closed","ping_status":"closed","template":"","meta":[],"product_brand":[],"product_cat":[1115,510],"product_tag":[],"class_list":{"0":"post-20275","1":"product","2":"type-product","3":"status-publish","4":"has-post-thumbnail","6":"product_cat-sieniniai-siltnamiai","7":"product_cat-helena-lt","8":"pa_kattematerjal-stogas-10-mm-polikarbonatas-sonai-3-mm-grudintas-stiklas","9":"pa_kulje-korgus-187-m-lt","10":"pa_laius-266-m-lt","11":"pa_pikkus-334-m-lt","12":"pa_pindala-888-m2-lt","13":"pa_pindala_vahemik-5-9-m-lt","14":"pa_tipu-korgus-239-m-lt","15":"pa_varv-juodas","16":"infinite-scroll-item","17":"no-featured-image-padding","18":"sales-flash-overlay","19":"woocommerce-text-align-left","20":"woocommerce-image-align-center","21":"do-quantity-buttons","23":"first","24":"onbackorder","25":"sale","26":"shipping-taxable","27":"purchasable","28":"product-type-variable"},"_links":{"self":[{"href":"https:\/\/vitavia.lt\/kasvuhoone\/wp-json\/wp\/v2\/product\/20275","targetHints":{"allow":["GET"]}}],"collection":[{"href":"https:\/\/vitavia.lt\/kasvuhoone\/wp-json\/wp\/v2\/product"}],"about":[{"href":"https:\/\/vitavia.lt\/kasvuhoone\/wp-json\/wp\/v2\/types\/product"}],"replies":[{"embeddable":true,"href":"https:\/\/vitavia.lt\/kasvuhoone\/wp-json\/wp\/v2\/comments?post=20275"}],"wp:featuredmedia":[{"embeddable":true,"href":"https:\/\/vitavia.lt\/kasvuhoone\/wp-json\/wp\/v2\/media\/20842"}],"wp:attachment":[{"href":"https:\/\/vitavia.lt\/kasvuhoone\/wp-json\/wp\/v2\/media?parent=20275"}],"wp:term":[{"taxonomy":"product_brand","embeddable":true,"href":"https:\/\/vitavia.lt\/kasvuhoone\/wp-json\/wp\/v2\/product_brand?post=20275"},{"taxonomy":"product_cat","embeddable":true,"href":"https:\/\/vitavia.lt\/kasvuhoone\/wp-json\/wp\/v2\/product_cat?post=20275"},{"taxonomy":"product_tag","embeddable":true,"href":"https:\/\/vitavia.lt\/kasvuhoone\/wp-json\/wp\/v2\/product_tag?post=20275"}],"curies":[{"name":"wp","href":"https:\/\/api.w.org\/{rel}","templated":true}]}}