{"id":20219,"date":"2017-09-15T12:40:22","date_gmt":"2017-09-15T12:40:22","guid":{"rendered":"https:\/\/vitavia.ee\/kasvuhoone\/toode\/siltnamis-vitavia-freya-7600\/"},"modified":"2023-05-25T08:49:23","modified_gmt":"2023-05-25T05:49:23","slug":"siltnamis-vitavia-freya-6700","status":"publish","type":"product","link":"https:\/\/vitavia.lt\/kasvuhoone\/toode\/siltnamis-vitavia-freya-6700\/","title":{"rendered":"\u0160iltnamis Vitavia Freya 7600"},"content":{"rendered":"<h3><strong>Nepriklausomas \u0161iltnamis &#8211; Vitavia FREYA \/ \u0161iltnamis su dviem stumdomomis durimis \/ 2,54 mx 2,54 m.<\/strong><\/h3>\n<p>Savaranki\u0161kai pastatytas \u0161iltnamis su \u0161laitiniu stogu.<br \/>\nPla\u010dios, prie\u0161ais atsidaran\u010dios durys leid\u017eia erdviai ir lengvai patekti.<br \/>\nTvirtas aliuminio r\u0117mas ir erdv\u016bs stiklo pavir\u0161iai, tod\u0117l labai \u0161vies\u016bs.<br \/>\n\u0160iltnamis su auk\u0161tu \u0161laitiniu stogu, su tvirtu anoduoto aliuminio karkasu.<br \/>\n\u0160iltnamyje Freya yra 2 \u0161oniniai langai ir 1 ventiliacijos liukas vir\u0161 dur\u0173 ir 2 prie\u0161ais atsidaran\u010dios stumdomos durys.<\/p>\n<p><strong>\u012evairi\u0173 \u0161iltnamio Afrodit\u0117s modeli\u0173 dyd\u017ei\u0173 lentel\u0117:<\/strong><\/p>\n<div class=\"tabel-scroll-x\">\n<table class=\"spec\" border=\"0\">\n<tbody>\n<tr>\n<th style=\"text-align: left;\" width=\"90\">Modelis<\/th>\n<th style=\"text-align: left;\" width=\"72\">Plotas<\/th>\n<th style=\"text-align: left;\" width=\"72\">Gylis<\/th>\n<th style=\"text-align: left;\" width=\"72\">Plotis<\/th>\n<th style=\"text-align: left;\" width=\"72\">Nugarin\u0117 pus\u0117<\/th>\n<th style=\"text-align: left;\" width=\"72\">Auk\u0161tis priekyje<\/th>\n<th style=\"text-align: left;\" width=\"50\">Aknaid<\/th>\n<\/tr>\n<tr>\n<td>Freya 7600<\/td>\n<td><sup>7,6m2<\/sup><\/td>\n<td>2,54 m<\/td>\n<td>2,54 m<\/td>\n<td>1,69 m<\/td>\n<td>2,40 m<\/td>\n<td>2 +1<\/td>\n<\/tr>\n<tr>\n<td><\/td>\n<td><\/td>\n<td><\/td>\n<td><\/td>\n<td><\/td>\n<td><\/td>\n<td><\/td>\n<\/tr>\n<\/tbody>\n<\/table>\n<\/div>\n<p><em>&#8211; Pilka kaip spalv\u0173 pasirinkimas<\/em><br \/>\n <em>&#8211; 3 mm gr\u016bdintas stiklas i\u0161 \u0161on\u0173 ir 6 mm polikarbonatas ant stogo<\/em><br \/>\n <em>&#8211; 2 prie\u0161ais atsidaran\u010dios rakinamos stumdomos durys<\/em><br \/>\n <em>&#8211; Dur\u0173 angos dydis<\/em> <em>1,19 m x 1,77 m<\/em><br \/>\n <em>&#8211; 3 \u0161oniniai langai ir 2 langai vir\u0161 dur\u0173<\/em><br \/>\n <em>&#8211; Rakinama, ner\u016bdijan\u010dio plieno spyna<\/em><br \/>\n<em>&#8211; Lietaus vamzd\u017eiai kampuose<br \/>\n&#8211; Visi modeliai turi pagrindin\u012f r\u0117m\u0105<br \/>\n<\/em><\/p>\n<p>R\u0117mas pagamintas i\u0161 anoduoto aliuminio (u\u017etikrina ilgalaik\u0119 gra\u017ei\u0105 aliuminio i\u0161vaizd\u0105 ir ilgaam\u017ei\u0161kum\u0105).<\/p>\n<p>Galima u\u017esisakyti \u012fvairi\u0173 pried\u0173: vidini\u0173 lentyn\u0173 ir kt.<\/p>\n<p><em>Fondas tikrai n\u0117ra b\u016btinas, bet pageidautinas.<br \/>\nJei \u0161iltnamis turi pagrindo r\u0117m\u0105, j\u012f galima pritvirtinti prie \u017eol\u0117s ar bet kokio kito paruo\u0161to pavir\u0161iaus.<br \/>\n\u012e gaminio kain\u0105 \u012feina bazinis r\u0117mas.<\/em><\/p>\n<h3><a href=\"https:\/\/youtu.be\/XiwDf_kw8oc\" target=\"_blank\" rel=\"noopener noreferrer\">&#8220;Vitavia&#8221; demonstracinis vaizdo \u012fra\u0161as  <\/a><\/h3>\n<p><a href=\"https:\/\/www.pinterest.com\/mwlconstruct\/kasvuhoone\/\">Pinterest<\/a><br \/>\n<a href=\"http:\/\/www.vitavia.ee\/\" rel=\"nofollow\">Vitavia<\/a><\/p>\n","protected":false},"excerpt":{"rendered":"<p><span title=\"Visus matmenis \u017er. toliau pateiktoje lentel\u0117je\">2,54 m x 2,54 m = 6,7 m\u00b2<\/span><br \/>\n<span style=\"color: #f5bd2f;\"><strong>M\u0117nesin\u0117 \u012fmoka al. 102,92 \u20ac<\/strong><\/span><\/p>\n","protected":false},"featured_media":13726,"comment_status":"closed","ping_status":"closed","template":"","meta":[],"product_brand":[],"product_cat":[511],"product_tag":[1607,1660],"class_list":{"0":"post-20219","1":"product","2":"type-product","3":"status-publish","4":"has-post-thumbnail","6":"product_cat-freya-lt","7":"product_tag-grudintas-stiklas","8":"product_tag-sonai-is-grudinto-stiklo-ir-stogas-is-polikarbonato","9":"pa_kattematerjal-stogas-6-mm-polikarbonato-sonai-3-mm-stiklas","10":"pa_kulje-korgus-169-m-lt","11":"pa_laius-254-m-lt","12":"pa_pikkus-254-m-lt","13":"pa_pindala-76-m2-lt","14":"pa_pindala_vahemik-5-9-m-lt","15":"pa_tipu-korgus-24-m-lt","16":"pa_varv-juodas","17":"infinite-scroll-item","18":"no-featured-image-padding","19":"sales-flash-overlay","20":"woocommerce-text-align-left","21":"woocommerce-image-align-center","22":"do-quantity-buttons","24":"first","25":"instock","26":"shipping-taxable","27":"purchasable","28":"product-type-variable","29":"has-default-attributes"},"_links":{"self":[{"href":"https:\/\/vitavia.lt\/kasvuhoone\/wp-json\/wp\/v2\/product\/20219","targetHints":{"allow":["GET"]}}],"collection":[{"href":"https:\/\/vitavia.lt\/kasvuhoone\/wp-json\/wp\/v2\/product"}],"about":[{"href":"https:\/\/vitavia.lt\/kasvuhoone\/wp-json\/wp\/v2\/types\/product"}],"replies":[{"embeddable":true,"href":"https:\/\/vitavia.lt\/kasvuhoone\/wp-json\/wp\/v2\/comments?post=20219"}],"wp:featuredmedia":[{"embeddable":true,"href":"https:\/\/vitavia.lt\/kasvuhoone\/wp-json\/wp\/v2\/media\/13726"}],"wp:attachment":[{"href":"https:\/\/vitavia.lt\/kasvuhoone\/wp-json\/wp\/v2\/media?parent=20219"}],"wp:term":[{"taxonomy":"product_brand","embeddable":true,"href":"https:\/\/vitavia.lt\/kasvuhoone\/wp-json\/wp\/v2\/product_brand?post=20219"},{"taxonomy":"product_cat","embeddable":true,"href":"https:\/\/vitavia.lt\/kasvuhoone\/wp-json\/wp\/v2\/product_cat?post=20219"},{"taxonomy":"product_tag","embeddable":true,"href":"https:\/\/vitavia.lt\/kasvuhoone\/wp-json\/wp\/v2\/product_tag?post=20219"}],"curies":[{"name":"wp","href":"https:\/\/api.w.org\/{rel}","templated":true}]}}