{"id":20176,"date":"2016-01-02T21:22:28","date_gmt":"2016-01-02T21:22:28","guid":{"rendered":"https:\/\/vitavia.ee\/kasvuhoone\/toode\/siltnamis-vitavia-zeus-13800\/"},"modified":"2023-05-24T08:41:37","modified_gmt":"2023-05-24T05:41:37","slug":"siltnamis-vitavia-zeus-13800","status":"publish","type":"product","link":"https:\/\/vitavia.lt\/kasvuhoone\/toode\/siltnamis-vitavia-zeus-13800\/","title":{"rendered":"\u0160iltnamis Vitavia Zeus 13800"},"content":{"rendered":"<h3><strong>Vitavia ZEUS &#8211; eleganti\u0161kas ir \u012fsp\u016bdingas \u0161iltnamis aistringam sodininkui \/ 2,57 mx 6,12 m.<\/strong><\/h3>\n<p>2,57 m plo\u010dio ir 2,50 m auk\u0161\u010dio \u0161iltnamis yra penki\u0173 skirting\u0173 ilgi\u0173.<br \/>\nD\u0117l auk\u0161t\u0173 \u0161on\u0173 ir vir\u0161aus \u0161iltnamis yra tikrai erdvus ir leid\u017eia paversti j\u012f nuostabiu sodo paviljonu.<\/p>\n<p>Zeus \u0161iltnamio \u0161onai pagaminti i\u0161 3 mm gr\u016bdinto stiklo, o stogas \u2013 i\u0161 10 mm polikarbonato. Galima u\u017esisakyti ir su visi\u0161kai 10 mm polikarbonato dangteliu.<\/p>\n<p>\u0160iltnamyje yra atver\u010diamos, rakinamos durys, kurios atsidaro \u012f dvi dalis, tod\u0117l vir\u0161utin\u0119 dal\u012f galima naudoti kaip atskir\u0105 ventiliacijos liuk\u0105.<\/p>\n<p>Priklausomai nuo dyd\u017eio, Zeus \u0161iltnamiai turi du arba tris stoglangius.<br \/>\nStandartin\u0117je komplektacijoje taip pat yra lietaus vamzd\u017eiai.<\/p>\n<p><strong>Skirting\u0173 Zeus \u0161iltnamio modeli\u0173 dyd\u017ei\u0173 lentel\u0117:<\/strong><\/p>\n<div class=\"tabel-scroll-x\">\n<table class=\"spec\" border=\"0\">\n<tbody>\n<tr>\n<th style=\"text-align: left;\" width=\"90\">Modelis<\/th>\n<th style=\"text-align: left;\" width=\"72\">Plotas<\/th>\n<th style=\"text-align: left;\" width=\"72\">Ilgis<\/th>\n<th style=\"text-align: left;\" width=\"72\">Plotis<\/th>\n<th style=\"text-align: left;\" width=\"72\">\u0160onin\u0117 pus\u0117<\/th>\n<th style=\"text-align: left;\" width=\"72\">Auk\u0161tis<\/th>\n<th style=\"text-align: left;\" width=\"50\">Aknaid<\/th>\n<\/tr>\n<tr>\n<td>Dzeusas 8100<\/td>\n<td>8,1 <sup>m2<\/sup><\/td>\n<td>3,14 m<\/td>\n<td>2.57m<\/td>\n<td> 1,89 m<\/td>\n<td>2,50 m<\/td>\n<td>2<\/td>\n<\/tr>\n<tr>\n<td>Dzeusas 10 000<\/td>\n<td><sup>10,0m2<\/sup><\/td>\n<td>3,89 m<\/td>\n<td>2.57m<\/td>\n<td> 1,89 m<\/td>\n<td>2,50 m<\/td>\n<td>2<\/td>\n<\/tr>\n<tr>\n<td>Dzeusas 11900<\/td>\n<td>11,9 m <sup>2<\/sup><\/td>\n<td>4,63 m<\/td>\n<td>2.57m<\/td>\n<td> 1,89 m<\/td>\n<td>2,50 m<\/td>\n<td>3<\/td>\n<\/tr>\n<tr>\n<td>Dzeusas 13800<\/td>\n<td><sup>13,8m2<\/sup><\/td>\n<td>5,38 m<\/td>\n<td>2.57m<\/td>\n<td> 1,89 m<\/td>\n<td>2,50 m<\/td>\n<td>3<\/td>\n<\/tr>\n<tr>\n<td>Dzeusas 15700<\/td>\n<td>15,7 <sup>m2<\/sup><\/td>\n<td>6,12 m<\/td>\n<td>2.57m<\/td>\n<td> 1,89 m<\/td>\n<td>2,50 m<\/td>\n<td>3<\/td>\n<\/tr>\n<\/tbody>\n<\/table>\n<\/div>\n<p><em>&#8211; pilka ir juoda kaip spalv\u0173 parinktys<br \/>\n&#8211; priekyje vienos rakinamos varstomos durys<br \/>\n&#8211; priklausomai nuo dyd\u017eio, 2 arba 3 stoglangiai<br \/>\n&#8211; vis\u0173 modeli\u0173 bazinis r\u0117mas<\/em><\/p>\n<p>R\u0117mas pagamintas i\u0161 anoduoto aliuminio (aliuminiui suteikiama ilgalaik\u0117 gra\u017ei i\u0161vaizda ir ilgaam\u017ei\u0161kumas), j\u012f taip pat galima da\u017eyti milteliniu b\u016bdu.<\/p>\n<p>Galima u\u017esisakyti \u012fvairi\u0173 papildom\u0173 pried\u0173: lang\u0105, apatin\u012f v\u0117dinimo liuk\u0105, automatin\u012f lango atidarym\u0105, pagrindo r\u0117m\u0105, vidines lentynas ir t. t.<\/p>\n<p><strong><a href=\"http:\/\/mwlconstruct.eu\/e-pood\/tootekategooria\/kasvuhoone-lisavarustus\/\" target=\"_blank\" rel=\"noopener noreferrer\">\u017dr. priedus<\/a><\/strong><\/p>\n<p><em>Fondas tikrai n\u0117ra b\u016btinas, bet pageidautinas.<br \/>\nJei \u0161iltnamis turi pagrindo r\u0117m\u0105, j\u012f galima pritvirtinti prie \u017eol\u0117s ar bet kokio kito paruo\u0161to pavir\u0161iaus.<br \/>\n\u012e gaminio kain\u0105 \u012feina bazinis r\u0117mas.<\/em><\/p>\n<h3><a href=\"https:\/\/youtu.be\/-4zXyeMetnM\" target=\"_blank\" rel=\"noopener noreferrer\">&#8220;Vitavia&#8221; demonstracinis vaizdo \u012fra\u0161as<\/a><\/h3>\n","protected":false},"excerpt":{"rendered":"<p><span title=\"Visus matmenis \u017er. toliau pateiktoje lentel\u0117je\">2,57 m x 5,38 m = 13,8 m\u00b2<\/span><br \/>\n<span style=\"color: #f5bd2f;\"><strong>M\u0117nesin\u0117 \u012fmoka al. 289,08 \u20ac<\/strong><\/span><\/p>\n","protected":false},"featured_media":13436,"comment_status":"closed","ping_status":"closed","template":"","meta":[],"product_brand":[],"product_cat":[986],"product_tag":[1607,1660],"class_list":{"0":"post-20176","1":"product","2":"type-product","3":"status-publish","4":"has-post-thumbnail","6":"product_cat-zeus-lt","7":"product_tag-grudintas-stiklas","8":"product_tag-sonai-is-grudinto-stiklo-ir-stogas-is-polikarbonato","9":"pa_kattematerjal-stogas-10-mm-polikarbonatas-sonai-3-mm-grudintas-stiklas","10":"pa_kulje-korgus-189-m-lt","11":"pa_laius-257-m-lt","12":"pa_pikkus-538-m-lt","13":"pa_pindala-138-m2-lt","14":"pa_pindala_vahemik-12-16-m-lt","15":"pa_tipu-korgus-250-m-lt","16":"pa_varv-sale","17":"infinite-scroll-item","18":"no-featured-image-padding","19":"sales-flash-overlay","20":"woocommerce-text-align-left","21":"woocommerce-image-align-center","22":"do-quantity-buttons","24":"first","25":"instock","26":"shipping-taxable","27":"purchasable","28":"product-type-variable","29":"has-default-attributes"},"_links":{"self":[{"href":"https:\/\/vitavia.lt\/kasvuhoone\/wp-json\/wp\/v2\/product\/20176","targetHints":{"allow":["GET"]}}],"collection":[{"href":"https:\/\/vitavia.lt\/kasvuhoone\/wp-json\/wp\/v2\/product"}],"about":[{"href":"https:\/\/vitavia.lt\/kasvuhoone\/wp-json\/wp\/v2\/types\/product"}],"replies":[{"embeddable":true,"href":"https:\/\/vitavia.lt\/kasvuhoone\/wp-json\/wp\/v2\/comments?post=20176"}],"wp:featuredmedia":[{"embeddable":true,"href":"https:\/\/vitavia.lt\/kasvuhoone\/wp-json\/wp\/v2\/media\/13436"}],"wp:attachment":[{"href":"https:\/\/vitavia.lt\/kasvuhoone\/wp-json\/wp\/v2\/media?parent=20176"}],"wp:term":[{"taxonomy":"product_brand","embeddable":true,"href":"https:\/\/vitavia.lt\/kasvuhoone\/wp-json\/wp\/v2\/product_brand?post=20176"},{"taxonomy":"product_cat","embeddable":true,"href":"https:\/\/vitavia.lt\/kasvuhoone\/wp-json\/wp\/v2\/product_cat?post=20176"},{"taxonomy":"product_tag","embeddable":true,"href":"https:\/\/vitavia.lt\/kasvuhoone\/wp-json\/wp\/v2\/product_tag?post=20176"}],"curies":[{"name":"wp","href":"https:\/\/api.w.org\/{rel}","templated":true}]}}