{"id":20099,"date":"2023-04-10T11:30:55","date_gmt":"2023-05-24T05:15:35","guid":{"rendered":"https:\/\/vitavia.ee\/kasvuhoone\/toode\/sieninis-balkoninis-siltnamis-vitavia-ida-1300\/"},"modified":"2023-05-24T08:15:35","modified_gmt":"2023-05-24T05:15:35","slug":"sienine-veisle-siltnamis-vitavia-ida-1300","status":"publish","type":"product","link":"https:\/\/vitavia.lt\/kasvuhoone\/toode\/sienine-veisle-siltnamis-vitavia-ida-1300\/","title":{"rendered":"Sieninis balkoninis \u0161iltnamis Vitavia Ida 1300"},"content":{"rendered":"<h3><strong>Vitavia IDA &#8211; pakabinamas \u0161iltnamis su vienomis stumdomomis durimis \/ 0,69 mx 1,94 m<br \/>\n<\/strong><\/h3>\n<p>Sieninis \u0161iltnamis idealiai tinka turintiems ma\u017eiau vietos.<\/p>\n<p>Ma\u017eesni modeliai netgi gali b\u016bti dedami \u012f balkon\u0105 ar verand\u0105, tod\u0117l su augalais susidoroti galima net miesto butuose.<br \/>\nMa\u017eesniuose soduose \u0161iltnam\u012f galite tiesiog pastatyti prie namo sienos, o tam nereikia didelio ploto.<\/p>\n<p>Sieniniai modeliai yra \u0161e\u0161i\u0173 skirting\u0173 dyd\u017ei\u0173.<\/p>\n<p>Visi modeliai turi nuo 1 iki 2 stoglangi\u0173 ir 1 arba 2 stumdomas duris, priklausomai nuo dyd\u017eio.<\/p>\n<p><strong>\u012evairi\u0173 Ryt\u0173 \u0161iltnamio modeli\u0173 dyd\u017ei\u0173 lentel\u0117:<\/strong><\/p>\n<div class=\"tabel-scroll-x\">\n<table class=\"spec\" border=\"0\">\n<tbody>\n<tr>\n<th style=\"text-align: left;\" width=\"90\">Modelis<\/th>\n<th style=\"text-align: left;\" width=\"72\">Plotas<\/th>\n<th style=\"text-align: left;\" width=\"72\">Ilgis<\/th>\n<th style=\"text-align: left;\" width=\"72\">Plotis<\/th>\n<th style=\"text-align: left;\" width=\"72\">\u0160onin\u0117 pus\u0117<\/th>\n<th style=\"text-align: left;\" width=\"72\">Auk\u0161tis<\/th>\n<th style=\"text-align: left;\" width=\"50\">Aknaid<\/th>\n<\/tr>\n<tr>\n<td>Ryt\u0173 900<\/td>\n<td><sup>0,9m2<\/sup><\/td>\n<td>1,32 m<\/td>\n<td>0,69 m<\/td>\n<td>1,52 m<\/td>\n<td>1,84 m<\/td>\n<td>1<\/td>\n<\/tr>\n<tr>\n<td>1300 Rytai<\/td>\n<td><sup>1,34m2<\/sup><\/td>\n<td>1,94 m<\/td>\n<td>0,69 m<\/td>\n<td>1,52 m<\/td>\n<td>1,84 m<\/td>\n<td>1<\/td>\n<\/tr>\n<tr>\n<td>3300 Rytai<\/td>\n<td><sup>3,3m2<\/sup><\/td>\n<td>2.57m<\/td>\n<td>1,3 m<\/td>\n<td>1,65 m<\/td>\n<td>2,22 m<\/td>\n<td>1<\/td>\n<\/tr>\n<tr>\n<td>5200 Rytai<\/td>\n<td>5,2 <sup>m2<\/sup><\/td>\n<td>2,62 m<\/td>\n<td>2,01 m<\/td>\n<td>1,69 m<\/td>\n<td>2,21 m<\/td>\n<td>1<\/td>\n<\/tr>\n<tr>\n<td>6500 Rytai<\/td>\n<td><sup>6,5m2<\/sup><\/td>\n<td>3,24 m<\/td>\n<td>2,01 m<\/td>\n<td>1,69 m<\/td>\n<td>2,21 m<\/td>\n<td>2<\/td>\n<\/tr>\n<tr>\n<td>7800 Rytai<\/td>\n<td><sup>7,8m2<\/sup><\/td>\n<td>3,87 m<\/td>\n<td>2,01 m<\/td>\n<td>1,69 m<\/td>\n<td>2,21 m<\/td>\n<td>2<\/td>\n<\/tr>\n<\/tbody>\n<\/table>\n<\/div>\n<p><em>&#8211; Galimos pilkos ir \u017ealios spalvos. Trys didesni modeliai si\u016blo tik pilk\u0105 spalv\u0105.<br \/>\n&#8211; Kaip dang\u0105 galite rinktis 3 mm stikl\u0105 arba 4 mm polikarbonat\u0105<br \/>\n&#8211; 1 arba 2 stumdomos durys priekyje, priklausomai nuo dyd\u017eio<br \/>\n&#8211; 1-2 stoglangiai<br \/>\n&#8211; Visuose modeliuose galima \u012fsigyti bazin\u012f r\u0117m\u0105<br \/>\n<\/em><\/p>\n<p>R\u0117mas pagamintas i\u0161 anoduoto aliuminio (aliuminiui suteikiama ilgalaik\u0117 gra\u017ei i\u0161vaizda ir ilgaam\u017ei\u0161kumas), j\u012f taip pat galima da\u017eyti milteliniu b\u016bdu.<\/p>\n<p>Galima u\u017esisakyti \u012fvairi\u0173 papildom\u0173 pried\u0173: lang\u0105, apatin\u012f v\u0117dinimo liuk\u0105, automatin\u012f lango atidarym\u0105, pagrindo r\u0117m\u0105, vidines lentynas ir t. t.<\/p>\n<p><strong><a href=\"http:\/\/mwlconstruct.eu\/e-pood\/tootekategooria\/kasvuhoone-lisavarustus\/\" target=\"_blank\" rel=\"noopener noreferrer\">\u017dr. priedus<\/a><\/strong><\/p>\n<p><em>Fondas tikrai n\u0117ra b\u016btinas, bet pageidautinas.<br \/>\nJei \u0161iltnamis turi pagrindo r\u0117m\u0105, j\u012f galima pritvirtinti prie \u017eol\u0117s ar bet kokio kito paruo\u0161to pavir\u0161iaus.<br \/>\n\u012e kain\u0105 ne\u012fskai\u010diuotas pagrindinis r\u0117mas.<\/em><\/p>\n<h3><a href=\"https:\/\/youtu.be\/-4zXyeMetnM\" target=\"_blank\" rel=\"noopener noreferrer\">&#8220;Vitavia&#8221; demonstracinis vaizdo \u012fra\u0161as  <\/a><\/h3>\n<h3><a href=\"https:\/\/youtu.be\/Lfgc5DIekdY\" target=\"_blank\" rel=\"noopener noreferrer\">Sieninio \u0161iltnamio pristatymo vaizdo \u012fra\u0161as<\/a><\/h3>\n","protected":false},"excerpt":{"rendered":"<p><span title=\"Visus matmenis \u017er. toliau pateiktoje lentel\u0117je\">0,69 m x 1,94 m = 1,3 m\u00b2<\/span><br \/>\n<a class=\"alus_rm\" href=\"https:\/\/vitavia.ee\/kasvuhoone\/wp-content\/uploads\/2021\/06\/Kasvuhoone_Ida_paigaldusjuhend_900-1300-003.01.1703_-_dansk_tekst.pdf#page=6\" target=\"blanc\" rel=\"noopener\"><span class=\"alus_rm_bold\">NB!<\/span> \u0160iltnamio pagrindo r\u0117mo i\u0161orinius matmenis \u017er. \u010dia<\/a><br \/>\n<span style=\"color: #f5bd2f;\"><strong>M\u0117nesin\u0117 \u012fmoka al. 23,25 \u20ac<\/strong><\/span><\/p>\n","protected":false},"featured_media":12926,"comment_status":"closed","ping_status":"closed","template":"","meta":[],"product_brand":[],"product_cat":[1428],"product_tag":[400,1083,1088,475,551,399],"class_list":{"0":"post-20099","1":"product","2":"type-product","3":"status-publish","4":"has-post-thumbnail","6":"product_cat-balkonu-pastatai","7":"product_tag-siltnamiai","8":"product_tag-sieninis-siltnamis","9":"product_tag-sieninis-siltnamis-lt-2","10":"product_tag-vitavia-lt","11":"product_tag-ida-lt","12":"product_tag-siltnamis","13":"pa_kattematerjal-stiklas","14":"pa_kattematerjal-polikarbonatas-4-mm","15":"pa_kulje-korgus-152-m-lt","16":"pa_laius-069-m-lt","17":"pa_pikkus-195-m-lt","18":"pa_pindala-13-m2-lt","19":"pa_pindala_vahemik-09-5-m-lt","20":"pa_tipu-korgus-184-m-lt","21":"pa_varv-juodas","22":"pa_varv-zalias","23":"pa_varv-sale","24":"infinite-scroll-item","25":"no-featured-image-padding","26":"sales-flash-overlay","27":"woocommerce-text-align-left","28":"woocommerce-image-align-center","29":"do-quantity-buttons","31":"first","32":"instock","33":"shipping-taxable","34":"purchasable","35":"product-type-variable"},"_links":{"self":[{"href":"https:\/\/vitavia.lt\/kasvuhoone\/wp-json\/wp\/v2\/product\/20099","targetHints":{"allow":["GET"]}}],"collection":[{"href":"https:\/\/vitavia.lt\/kasvuhoone\/wp-json\/wp\/v2\/product"}],"about":[{"href":"https:\/\/vitavia.lt\/kasvuhoone\/wp-json\/wp\/v2\/types\/product"}],"replies":[{"embeddable":true,"href":"https:\/\/vitavia.lt\/kasvuhoone\/wp-json\/wp\/v2\/comments?post=20099"}],"wp:featuredmedia":[{"embeddable":true,"href":"https:\/\/vitavia.lt\/kasvuhoone\/wp-json\/wp\/v2\/media\/12926"}],"wp:attachment":[{"href":"https:\/\/vitavia.lt\/kasvuhoone\/wp-json\/wp\/v2\/media?parent=20099"}],"wp:term":[{"taxonomy":"product_brand","embeddable":true,"href":"https:\/\/vitavia.lt\/kasvuhoone\/wp-json\/wp\/v2\/product_brand?post=20099"},{"taxonomy":"product_cat","embeddable":true,"href":"https:\/\/vitavia.lt\/kasvuhoone\/wp-json\/wp\/v2\/product_cat?post=20099"},{"taxonomy":"product_tag","embeddable":true,"href":"https:\/\/vitavia.lt\/kasvuhoone\/wp-json\/wp\/v2\/product_tag?post=20099"}],"curies":[{"name":"wp","href":"https:\/\/api.w.org\/{rel}","templated":true}]}}