{"id":20044,"date":"2023-04-10T11:34:11","date_gmt":"2023-05-24T05:15:27","guid":{"rendered":"https:\/\/vitavia.ee\/kasvuhoone\/toode\/sieninis-balkoninis-siltnamis-vitavia-ida-3300\/"},"modified":"2025-02-11T23:04:42","modified_gmt":"2025-02-11T20:04:42","slug":"sienine-veisle-siltnamis-vitavia-ida-3300","status":"publish","type":"product","link":"https:\/\/vitavia.lt\/kasvuhoone\/toode\/sienine-veisle-siltnamis-vitavia-ida-3300\/","title":{"rendered":"Sieninis balkoninis \u0161iltnamis Vitavia Ida 3300"},"content":{"rendered":"<h3><strong>Vitavia IDA &#8211; pakabinamas \u0161iltnamis su dviem stumdomomis durimis \/ 1,3 mx 2,57 m.<\/strong><\/h3>\n<p>Sieninis \u0161iltnamis idealiai tinka turintiems ma\u017eiau vietos.<\/p>\n<p>Ma\u017eesni modeliai netgi gali b\u016bti dedami \u012f balkon\u0105 ar verand\u0105, tod\u0117l gal\u0117site r\u016bpintis augalais net miesto butuose.<br \/>\n Ma\u017eesniuose soduose \u0161iltnam\u012f galite tiesiog pastatyti prie namo sienos ir tam nereikia didelio ploto.<\/p>\n<p>Sieniniai modeliai yra \u0161e\u0161i\u0173 skirting\u0173 dyd\u017ei\u0173.<\/p>\n<p>Visi modeliai turi nuo 1 iki 2 stoglangi\u0173 ir 1 arba 2 stumdomas duris, priklausomai nuo dyd\u017eio.<\/p>\n<p><strong>Dyd\u017ei\u0173 lentel\u0117 skirtingiems Ida \u0161iltnamio modeliams:<\/strong><\/p>\n<div class=\"tabel-scroll-x\">\n<table class=\"spec\" border=\"0\">\n<tbody>\n<tr>\n<th style=\"text-align: left;\" width=\"90\">Modelis<\/th>\n<th style=\"text-align: left;\" width=\"72\">Plotas<\/th>\n<th style=\"text-align: left;\" width=\"72\">Ilgis<\/th>\n<th style=\"text-align: left;\" width=\"72\">Plotis<\/th>\n<th style=\"text-align: left;\" width=\"72\">\u0160onin\u0117 pus\u0117<\/th>\n<th style=\"text-align: left;\" width=\"72\">Auk\u0161tis<\/th>\n<th style=\"text-align: left;\" width=\"50\">Aknaid<\/th>\n<\/tr>\n<tr>\n<td>Ida 900<\/td>\n<td><sup>0,9m2<\/sup><\/td>\n<td>1,32 m<\/td>\n<td>0,69 m<\/td>\n<td>1,52 m<\/td>\n<td>1,84 m<\/td>\n<td>1<\/td>\n<\/tr>\n<tr>\n<td>Ida 1300<\/td>\n<td><sup>1,34m2<\/sup><\/td>\n<td>1,94 m<\/td>\n<td>0,69 m<\/td>\n<td>1,52 m<\/td>\n<td>1,84 m<\/td>\n<td>1<\/td>\n<\/tr>\n<tr>\n<td>Ida 3300<\/td>\n<td><sup>3,3m2<\/sup><\/td>\n<td>2.57m<\/td>\n<td>1,3 m<\/td>\n<td>1,65 m<\/td>\n<td>2,22 m<\/td>\n<td>1<\/td>\n<\/tr>\n<tr>\n<td>Ida 5200<\/td>\n<td>5,2 <sup>m2<\/sup><\/td>\n<td>2,62 m<\/td>\n<td>2,01 m<\/td>\n<td>1,69 m<\/td>\n<td>2,21 m<\/td>\n<td>1<\/td>\n<\/tr>\n<tr>\n<td>Ida 6500<\/td>\n<td><sup>6,5m2<\/sup><\/td>\n<td>3,24 m<\/td>\n<td>2,01 m<\/td>\n<td>1,69 m<\/td>\n<td>2,21 m<\/td>\n<td>2<\/td>\n<\/tr>\n<tr>\n<td>Ida 7800<\/td>\n<td><sup>7,8m2<\/sup><\/td>\n<td>3,87 m<\/td>\n<td>2,01 m<\/td>\n<td>1,69 m<\/td>\n<td>2,21 m<\/td>\n<td>2<\/td>\n<\/tr>\n<\/tbody>\n<\/table>\n<\/div>\n<p><em>&#8211; Spalvos yra pilkos ir milteliniu b\u016bdu padengtos \u017ealia arba juoda. Trys didesni modeliai yra tik pilkos ir juodos spalvos milteliniu b\u016bdu.<br \/>\n &#8211; Dangt\u012f galite rinktis i\u0161 3 mm stiklo arba 4 mm polikarbonato<br \/>\n &#8211; Priekyje 1 arba 2 stumdomos durys, priklausomai nuo dyd\u017eio<br \/>\n &#8211; 1-2 stoglangiai<br \/>\n &#8211; Pagrindinis r\u0117mas yra visuose modeliuose<br \/>\n<\/em><\/p>\n<p>R\u0117mas pagamintas i\u0161 anoduoto aliuminio (u\u017etikrina ilgalaik\u0119 gra\u017ei\u0105 aliuminio i\u0161vaizd\u0105 ir ilgaam\u017ei\u0161kum\u0105), taip pat yra miltelinio da\u017eymo.<\/p>\n<p>Galima u\u017esisakyti \u012fvairi\u0173 papildom\u0173 pried\u0173: lang\u0105, apatin\u012f v\u0117dinimo liuk\u0105, automatin\u012f lango atidarym\u0105, pagrindo r\u0117m\u0105, vidines lentynas ir t. t.<\/p>\n<p><strong><a href=\"http:\/\/mwlconstruct.eu\/e-pood\/tootekategooria\/kasvuhoone-lisavarustus\/\" target=\"_blank\" rel=\"noopener noreferrer\">\u017dr. priedus<\/a><\/strong><\/p>\n<p><em>Pamatas n\u0117ra grie\u017etai b\u016btinas, bet rekomenduojamas.<br \/>\n Jei \u0161iltnamis turi pagrindin\u012f karkas\u0105, j\u012f galima tvirtinti tiesiai prie \u017eem\u0117s arba ant kito paruo\u0161to pavir\u0161iaus (medinio pakloto ar akmens pavir\u0161iaus).<br \/>\n \u012e prek\u0117s kain\u0105 bazinis r\u0117mas ne\u012fskai\u010diuotas.<\/em><\/p>\n<h3><a href=\"https:\/\/youtu.be\/-4zXyeMetnM\" target=\"_blank\" rel=\"noopener noreferrer\">&#8220;Vitavia&#8221; demonstracinis vaizdo \u012fra\u0161as  <\/a><\/h3>\n<h3><a href=\"https:\/\/youtu.be\/Lfgc5DIekdY\" target=\"_blank\" rel=\"noopener noreferrer\">Sieninio \u0161iltnamio pristatymo vaizdo \u012fra\u0161as<\/a><\/h3>\n","protected":false},"excerpt":{"rendered":"<p><span title=\"Visus matmenis \u017er. toliau pateiktoje lentel\u0117je\">1,3 m x 2,57 m = 3,3 m\u00b2<\/span><br \/>\n <a class=\"alus_rm\" href=\"https:\/\/vitavia.ee\/kasvuhoone\/wp-content\/uploads\/2021\/06\/Kasvuhoone_IDA_paigaldusjuhend_3300__007.01.1703_-_dansk_tekst.pdf#page=6\" target=\"blanc\" rel=\"noopener\"><span class=\"alus_rm_bold\">NB!<\/span> \u0160iltnamio pagrindo r\u0117mo i\u0161orinius matmenis \u017ei\u016br\u0117kite \u010dia.<\/a><br \/>\n <span style=\"color: #f5bd2f;\"><strong>M\u0117nesio \u012fmokos prad\u017eia. 52,08 \u20ac<\/strong><\/span><\/p>\n","protected":false},"featured_media":13046,"comment_status":"closed","ping_status":"closed","template":"","meta":[],"product_brand":[],"product_cat":[1428],"product_tag":[399,400,1083,1088,475],"class_list":{"0":"post-20044","1":"product","2":"type-product","3":"status-publish","4":"has-post-thumbnail","6":"product_cat-balkonu-pastatai","7":"product_tag-siltnamis","8":"product_tag-siltnamiai","9":"product_tag-sieninis-siltnamis","10":"product_tag-sieninis-siltnamis-lt-2","11":"product_tag-vitavia-lt","12":"pa_kattematerjal-stiklas","13":"pa_kattematerjal-polikarbonatas-4-mm","14":"pa_kulje-korgus-165-m-lt","15":"pa_laius-130-m-lt","16":"pa_pikkus-258-m-lt","17":"pa_pindala-33-m2-lt","18":"pa_pindala_vahemik-09-5-m-lt","19":"pa_tipu-korgus-222-m-lt","20":"pa_varv-juodas","21":"pa_varv-sale","22":"infinite-scroll-item","23":"no-featured-image-padding","24":"sales-flash-overlay","25":"woocommerce-text-align-left","26":"woocommerce-image-align-center","27":"do-quantity-buttons","29":"first","30":"instock","31":"shipping-taxable","32":"purchasable","33":"product-type-variable"},"_links":{"self":[{"href":"https:\/\/vitavia.lt\/kasvuhoone\/wp-json\/wp\/v2\/product\/20044","targetHints":{"allow":["GET"]}}],"collection":[{"href":"https:\/\/vitavia.lt\/kasvuhoone\/wp-json\/wp\/v2\/product"}],"about":[{"href":"https:\/\/vitavia.lt\/kasvuhoone\/wp-json\/wp\/v2\/types\/product"}],"replies":[{"embeddable":true,"href":"https:\/\/vitavia.lt\/kasvuhoone\/wp-json\/wp\/v2\/comments?post=20044"}],"wp:featuredmedia":[{"embeddable":true,"href":"https:\/\/vitavia.lt\/kasvuhoone\/wp-json\/wp\/v2\/media\/13046"}],"wp:attachment":[{"href":"https:\/\/vitavia.lt\/kasvuhoone\/wp-json\/wp\/v2\/media?parent=20044"}],"wp:term":[{"taxonomy":"product_brand","embeddable":true,"href":"https:\/\/vitavia.lt\/kasvuhoone\/wp-json\/wp\/v2\/product_brand?post=20044"},{"taxonomy":"product_cat","embeddable":true,"href":"https:\/\/vitavia.lt\/kasvuhoone\/wp-json\/wp\/v2\/product_cat?post=20044"},{"taxonomy":"product_tag","embeddable":true,"href":"https:\/\/vitavia.lt\/kasvuhoone\/wp-json\/wp\/v2\/product_tag?post=20044"}],"curies":[{"name":"wp","href":"https:\/\/api.w.org\/{rel}","templated":true}]}}