{"id":19822,"date":"2018-03-30T09:34:57","date_gmt":"2018-03-30T09:34:57","guid":{"rendered":"https:\/\/vitavia.ee\/kasvuhoone\/toode\/grezimo-liniju-laikikliai\/"},"modified":"2023-05-24T08:14:59","modified_gmt":"2023-05-24T05:14:59","slug":"medziu-liniju-laikikliai","status":"publish","type":"product","link":"https:\/\/vitavia.lt\/kasvuhoone\/toode\/medziu-liniju-laikikliai\/","title":{"rendered":"Gr\u0119\u017eimo linij\u0173 laikikliai"},"content":{"rendered":"<p>Tiek viduje, tiek i\u0161or\u0117je gr\u0119\u017eimo styg\u0173 laikikliai pagaminti i\u0161 itin patvarios med\u017eiagos ZINCALUME\u00ae.<br \/>\nGr\u0119\u017eimo linijos laikiklis turi aliuminio pagrindo r\u0117m\u0105, vir\u0161us tamsiai pilkas.<\/p>\n","protected":false},"excerpt":{"rendered":"<p>(plotis x gylis x auk\u0161tis): 2,10 x 0,86 x 1,00 m<\/p>\n","protected":false},"featured_media":14128,"comment_status":"closed","ping_status":"closed","template":"","meta":[],"product_brand":[],"product_cat":[1112],"product_tag":[],"class_list":{"0":"post-19822","1":"product","2":"type-product","3":"status-publish","4":"has-post-thumbnail","6":"product_cat-medienos-laikikliai","7":"infinite-scroll-item","8":"no-featured-image-padding","9":"sales-flash-overlay","10":"woocommerce-text-align-left","11":"woocommerce-image-align-center","12":"do-quantity-buttons","14":"first","15":"instock","16":"shipping-taxable","17":"purchasable","18":"product-type-simple"},"_links":{"self":[{"href":"https:\/\/vitavia.lt\/kasvuhoone\/wp-json\/wp\/v2\/product\/19822","targetHints":{"allow":["GET"]}}],"collection":[{"href":"https:\/\/vitavia.lt\/kasvuhoone\/wp-json\/wp\/v2\/product"}],"about":[{"href":"https:\/\/vitavia.lt\/kasvuhoone\/wp-json\/wp\/v2\/types\/product"}],"replies":[{"embeddable":true,"href":"https:\/\/vitavia.lt\/kasvuhoone\/wp-json\/wp\/v2\/comments?post=19822"}],"wp:featuredmedia":[{"embeddable":true,"href":"https:\/\/vitavia.lt\/kasvuhoone\/wp-json\/wp\/v2\/media\/14128"}],"wp:attachment":[{"href":"https:\/\/vitavia.lt\/kasvuhoone\/wp-json\/wp\/v2\/media?parent=19822"}],"wp:term":[{"taxonomy":"product_brand","embeddable":true,"href":"https:\/\/vitavia.lt\/kasvuhoone\/wp-json\/wp\/v2\/product_brand?post=19822"},{"taxonomy":"product_cat","embeddable":true,"href":"https:\/\/vitavia.lt\/kasvuhoone\/wp-json\/wp\/v2\/product_cat?post=19822"},{"taxonomy":"product_tag","embeddable":true,"href":"https:\/\/vitavia.lt\/kasvuhoone\/wp-json\/wp\/v2\/product_tag?post=19822"}],"curies":[{"name":"wp","href":"https:\/\/api.w.org\/{rel}","templated":true}]}}