{"id":19711,"date":"2017-02-24T20:19:47","date_gmt":"2023-05-24T03:51:10","guid":{"rendered":"https:\/\/vitavia.ee\/kasvuhoone\/toode\/siltnamis-vitavia-poseidon-13-800\/"},"modified":"2023-05-24T06:51:10","modified_gmt":"2023-05-24T03:51:10","slug":"siltnamis-vitavia-poseidon-13800","status":"publish","type":"product","link":"https:\/\/vitavia.lt\/kasvuhoone\/toode\/siltnamis-vitavia-poseidon-13800\/","title":{"rendered":"\u0160iltnamis Vitavia Poseidon 13 800"},"content":{"rendered":"<h3><strong>Vitavia POSEIDON &#8211; eleganti\u0161kas ir \u012fsp\u016bdingas \u0161iltnamis aistringam sodininkui \/ 2,57 mx 5,38 m.<\/strong><\/h3>\n<p>2,57 m plo\u010dio ir 2,50 m auk\u0161\u010dio \u0161iltnamis yra penki\u0173 skirting\u0173 ilgi\u0173.<br \/>\nD\u0117l auk\u0161t\u0173 \u0161on\u0173 ir vir\u0161aus \u0161iltnamis yra tikrai erdvus ir leid\u017eia paversti j\u012f nuostabiu sodo paviljonu.<br \/>\nPoseidonas yra tvirtas ir gra\u017eus \u0161iltnamis, kurio auk\u0161ti \u0161onai suteikia i\u0161skirtinai erdvi\u0105 darbo erdv\u0119.<br \/>\n\u0160iltnamio \u201ePoseidon\u201c \u0161onai pagaminti i\u0161 3 mm gr\u016bdinto stiklo plok\u0161\u010di\u0173, o stogas \u2013 i\u0161 10 mm UV apsaugoto polikarbonato, kuris suma\u017eina kondensacij\u0105 ir \u0161ilumos nuostolius.<br \/>\nD\u0117l polikarbonato stogo nereikia jo u\u017edengti, kad apsaugot\u0173 nuo saul\u0117s.<br \/>\n\u0160iltnamio karkasas pagamintas i\u0161 labai tvirt\u0173 milteliniu b\u016bdu dengt\u0173 aliuminio profili\u0173.<\/p>\n<p>\u0160iltnamyje yra varstomos durys, kurias galima u\u017erakinti priekyje, o vir\u0161utin\u0117 dalis atsidaro abipusiai.<\/p>\n<p>Priklausomai nuo dyd\u017eio, Poseidono \u0161iltnamiai turi du arba tris stoglangius.<br \/>\nStandartin\u0117je komplektacijoje taip pat yra lietaus vamzd\u017eiai.<\/p>\n<p><strong>Skirting\u0173 \u201ePoseidon\u201c \u0161iltnamio modeli\u0173 dyd\u017ei\u0173 lentel\u0117:<\/strong><\/p>\n<div class=\"tabel-scroll-x\">\n<table class=\"spec\" border=\"0\">\n<tbody>\n<tr>\n<th style=\"text-align: left;\" width=\"90\">Modelis<\/th>\n<th style=\"text-align: left;\" width=\"72\">Plotas<\/th>\n<th style=\"text-align: left;\" width=\"72\">Ilgis<\/th>\n<th style=\"text-align: left;\" width=\"72\">Plotis<\/th>\n<th style=\"text-align: left;\" width=\"72\">\u0160onin\u0117 pus\u0117<\/th>\n<th style=\"text-align: left;\" width=\"72\">Auk\u0161tis<\/th>\n<th style=\"text-align: left;\" width=\"50\">Aknaid<\/th>\n<\/tr>\n<tr>\n<td>Poseidonas 8100<\/td>\n<td>8,1 <sup>m2<\/sup><\/td>\n<td>3,14 m<\/td>\n<td>2.57m<\/td>\n<td> 1,89 m<\/td>\n<td>2,50 m<\/td>\n<td>2<\/td>\n<\/tr>\n<tr>\n<td>Poseidonas 10000<\/td>\n<td><sup>10,0m2<\/sup><\/td>\n<td>3,89 m<\/td>\n<td>2.57m<\/td>\n<td> 1,89 m<\/td>\n<td>2,50 m<\/td>\n<td>2<\/td>\n<\/tr>\n<tr>\n<td>Poseidonas 11900<\/td>\n<td>11,9 m <sup>2<\/sup><\/td>\n<td>4,63 m<\/td>\n<td>2.57m<\/td>\n<td> 1,89 m<\/td>\n<td>2,50 m<\/td>\n<td>3<\/td>\n<\/tr>\n<tr>\n<td>Poseidonas 13800<\/td>\n<td><sup>13,8m2<\/sup><\/td>\n<td>5,38 m<\/td>\n<td>2.57m<\/td>\n<td> 1,89 m<\/td>\n<td>2,50 m<\/td>\n<td>3<\/td>\n<\/tr>\n<tr>\n<td>Poseidonas 15700<\/td>\n<td>15,7 <sup>m2<\/sup><\/td>\n<td>6,12 m<\/td>\n<td>2.57m<\/td>\n<td> 1,89 m<\/td>\n<td>2,50 m<\/td>\n<td>3<\/td>\n<\/tr>\n<\/tbody>\n<\/table>\n<\/div>\n<p><em>&#8211; juodos spalvos pasirinkimas<br \/>\n&#8211; priekyje dvi rakinamos varstomos durys<br \/>\n&#8211; priklausomai nuo dyd\u017eio, 2 arba 3 stoglangiai<br \/>\n&#8211; vis\u0173 modeli\u0173 bazinis r\u0117mas<\/em><\/p>\n<p>R\u0117mas pagamintas i\u0161 anoduoto aliuminio (garantuoja ilgalaik\u0119 gra\u017ei\u0105 aliuminio i\u0161vaizd\u0105 ir ilgaam\u017ei\u0161kum\u0105) ir juodos spalvos milteliniu b\u016bdu.<\/p>\n<p>Galima u\u017esisakyti \u012fvairi\u0173 pried\u0173: lang\u0105, automatin\u012f lang\u0173 atidarytuv\u0105, vidines lentynas ir kt.<\/p>\n<p><em>Pamatas tikrai n\u0117ra b\u016btinas, bet rekomenduojamas.<\/em><br \/>\n Itin tvirtas \u0161iltnamio pagrindo karkasas leid\u017eia j\u012f montuoti tiesiai ant norimo pavir\u0161iaus.<\/p>\n<p><em>\u012e gaminio kain\u0105 \u012feina bazinis r\u0117mas.<\/em><\/p>\n<h3><a href=\"https:\/\/youtu.be\/XiwDf_kw8oc\" target=\"_blank\" rel=\"noopener noreferrer\">&#8220;Vitavia&#8221; demonstracinis vaizdo \u012fra\u0161as  <\/a><\/h3>\n<p><a href=\"https:\/\/www.pinterest.com\/mwlconstruct\/kasvuhoone\/\">Pinterest<\/a><br \/>\n<a href=\"http:\/\/www.vitavia.ee\/\" rel=\"nofollow\">Vitavia<\/a><\/p>\n","protected":false},"excerpt":{"rendered":"<p><span title=\"Visus matmenis \u017er. toliau pateiktoje lentel\u0117je\">2,57 m x 5,38 m = 13,8 m\u00b2<\/span><br \/>\n<span style=\"color: #f5bd2f;\"><strong>M\u0117nesin\u0117 \u012fmoka al. &#8230; \u20ac<\/strong><\/span><\/p>\n","protected":false},"featured_media":13706,"comment_status":"closed","ping_status":"closed","template":"","meta":[],"product_brand":[],"product_cat":[980],"product_tag":[1660,1607],"class_list":{"0":"post-19711","1":"product","2":"type-product","3":"status-publish","4":"has-post-thumbnail","6":"product_cat-poseidon-lt","7":"product_tag-sonai-is-grudinto-stiklo-ir-stogas-is-polikarbonato","8":"product_tag-grudintas-stiklas","9":"pa_kattematerjal-stogas-10-mm-polikarbonatas-sonai-3-mm-grudintas-stiklas","10":"pa_kulje-korgus-188-m-lt","11":"pa_laius-257-m-lt","12":"pa_pikkus-538-m-lt","13":"pa_pindala-138-m2-lt","14":"pa_pindala_vahemik-12-16-m-lt","15":"pa_tipu-korgus-250-m-lt","16":"pa_varv-juodas","17":"infinite-scroll-item","18":"no-featured-image-padding","19":"sales-flash-overlay","20":"woocommerce-text-align-left","21":"woocommerce-image-align-center","22":"do-quantity-buttons","24":"first","25":"instock","26":"sale","27":"shipping-taxable","28":"purchasable","29":"product-type-variable","30":"has-default-attributes"},"_links":{"self":[{"href":"https:\/\/vitavia.lt\/kasvuhoone\/wp-json\/wp\/v2\/product\/19711","targetHints":{"allow":["GET"]}}],"collection":[{"href":"https:\/\/vitavia.lt\/kasvuhoone\/wp-json\/wp\/v2\/product"}],"about":[{"href":"https:\/\/vitavia.lt\/kasvuhoone\/wp-json\/wp\/v2\/types\/product"}],"replies":[{"embeddable":true,"href":"https:\/\/vitavia.lt\/kasvuhoone\/wp-json\/wp\/v2\/comments?post=19711"}],"wp:featuredmedia":[{"embeddable":true,"href":"https:\/\/vitavia.lt\/kasvuhoone\/wp-json\/wp\/v2\/media\/13706"}],"wp:attachment":[{"href":"https:\/\/vitavia.lt\/kasvuhoone\/wp-json\/wp\/v2\/media?parent=19711"}],"wp:term":[{"taxonomy":"product_brand","embeddable":true,"href":"https:\/\/vitavia.lt\/kasvuhoone\/wp-json\/wp\/v2\/product_brand?post=19711"},{"taxonomy":"product_cat","embeddable":true,"href":"https:\/\/vitavia.lt\/kasvuhoone\/wp-json\/wp\/v2\/product_cat?post=19711"},{"taxonomy":"product_tag","embeddable":true,"href":"https:\/\/vitavia.lt\/kasvuhoone\/wp-json\/wp\/v2\/product_tag?post=19711"}],"curies":[{"name":"wp","href":"https:\/\/api.w.org\/{rel}","templated":true}]}}