{"id":19662,"date":"2023-01-29T10:25:58","date_gmt":"2023-05-24T03:25:00","guid":{"rendered":"https:\/\/vitavia.ee\/kasvuhoone\/toode\/siltnamis-vitavia-phoenix-9900\/"},"modified":"2023-05-24T06:25:00","modified_gmt":"2023-05-24T03:25:00","slug":"siltnamis-vitavia-phenix-9900","status":"publish","type":"product","link":"https:\/\/vitavia.lt\/kasvuhoone\/toode\/siltnamis-vitavia-phenix-9900\/","title":{"rendered":"\u0160iltnamis Vitavia Phoenix 9900"},"content":{"rendered":"<h3><strong>Vitavia PHOENIX &#8211; eleganti\u0161kas \u0161iltnamis su erdviu \u012f\u0117jimu ir \u017eemomis durimis.<\/strong><\/h3>\n<p>2,57 m plo\u010dio \u0161iltnamis yra dviej\u0173 skirting\u0173 ilgi\u0173.<br \/>\nErdviame \u0161iltnamyje yra vietos ir augalams, ir patogiai poilsio zonai.<\/p>\n<p>\u201ePhoenix\u201c \u0161iltnamiuose taip pat u\u017etenka vietos, kad j\u0105 b\u016bt\u0173 galima unikaliai ir \u012fdomiai \u012frengti.<\/p>\n<p>\u0160iltnamyje yra 2 stumdomos durys.<\/p>\n<p>\u0160iltnamio priekyje yra dvigubos stumdomos durys, kuri\u0173 matmenys 1,22 m x 1,99 m, kurios gali b\u016bti tvirtinamos skirtingose atvirose pad\u0117tyse.<br \/>\nStandartin\u0117je komplektacijoje taip pat yra lietaus vandens latakai.<\/p>\n<p>\u201ePhoenix\u201c \u0161iltnamiuose yra keturi stoglangiai.<\/p>\n<p><strong>Skirting\u0173 Phoenix \u0161iltnamio modeli\u0173 dyd\u017ei\u0173 lentel\u0117:<\/strong><\/p>\n<div class=\"tabel-scroll-x\">\n<table class=\"spec\" border=\"0\">\n<tbody>\n<tr>\n<th style=\"text-align: left;\" width=\"90\">Modelis<\/th>\n<th style=\"text-align: left;\" width=\"72\">Plotas<\/th>\n<th style=\"text-align: left;\" width=\"72\">Ilgis<\/th>\n<th style=\"text-align: left;\" width=\"72\">Plotis<\/th>\n<th style=\"text-align: left;\" width=\"72\">\u0160onin\u0117 pus\u0117<\/th>\n<th style=\"text-align: left;\" width=\"72\">Auk\u0161tis<\/th>\n<th style=\"text-align: left;\" width=\"50\">Aknaid<\/th>\n<\/tr>\n<tr>\n<td>Phoenix 9900<\/td>\n<td>9<sup>.9m2<\/sup><\/td>\n<td>3.84m<\/td>\n<td>2.57m<\/td>\n<td>1,54 m<\/td>\n<td>2,48 m<\/td>\n<td>4<\/td>\n<\/tr>\n<tr>\n<td>Phoenix 11500<\/td>\n<td>11<sup>.5m2<\/sup><\/td>\n<td>4.46m<\/td>\n<td>2.57m<\/td>\n<td>1,54 m<\/td>\n<td>2,48 m<\/td>\n<td>4<\/td>\n<\/tr>\n<\/tbody>\n<\/table>\n<\/div>\n<p><em>&#8211; pilka ir juoda kaip spalv\u0173 parinktys<br \/>\n&#8211; 3 mm stiklas kaip dangtelis<br \/>\n&#8211; Dvigubos stumdomos priekin\u0117s durys<br \/>\n&#8211; 4 stoglangiai<br \/>\n&#8211; Standartin\u0117je komplektacijoje visuose modeliuose yra bazinis r\u0117mas su \u017eem\u0173 dur\u0173 komplektu ir kojel\u0117mis \u0161iltnamiui pritvirtinti prie \u017eem\u0117s.<\/em><\/p>\n<p>R\u0117mas pagamintas i\u0161 anoduoto aliuminio (garantuoja ilgalaik\u0119 gra\u017ei\u0105 aliuminio i\u0161vaizd\u0105 ir ilgaam\u017ei\u0161kum\u0105), taip pat yra milteliniu b\u016bdu dengtos juodos spalvos.<\/p>\n<p>Galima u\u017esisakyti \u012fvairi\u0173 pried\u0173: lang\u0105, apatin\u012f ventiliacijos liuk\u0105, automatin\u012f lang\u0173 atidarytuv\u0105, vidines lentynas ir kt.<\/p>\n<p><strong><a href=\"http:\/\/mwlconstruct.eu\/e-pood\/tootekategooria\/kasvuhoone-lisavarustus\/\" target=\"_blank\" rel=\"noopener noreferrer\">\u017dr. priedus<\/a><\/strong><\/p>\n<p><em>Fondas tikrai n\u0117ra b\u016btinas, bet pageidautinas.<br \/>\nJei \u0161iltnamis turi pagrindo r\u0117m\u0105, j\u012f galima pritvirtinti prie \u017eol\u0117s ar bet kokio kito paruo\u0161to pavir\u0161iaus.<br \/>\n\u012e kain\u0105 ne\u012fskai\u010diuotas pagrindinis r\u0117mas.<\/em><\/p>\n<h3><a href=\"https:\/\/youtu.be\/-4zXyeMetnM\" target=\"_blank\" rel=\"noopener noreferrer\">&#8220;Vitavia&#8221; demonstracinis vaizdo \u012fra\u0161as  <\/a><\/h3>\n","protected":false},"excerpt":{"rendered":"<p><span title=\"Visus matmenis \u017er. toliau pateiktoje lentel\u0117je\">2,57 m x 3,83 m = 9,9 m\u00b2<\/span><br \/>\n<span style=\"color: #f5bd2f;\"><strong>M\u0117nesin\u0117 \u012fmoka al. 165,85 \u20ac<\/strong><\/span><\/p>\n","protected":false},"featured_media":15733,"comment_status":"closed","ping_status":"closed","template":"","meta":[],"product_brand":[],"product_cat":[1447],"product_tag":[475,399,1608,400,401,402,403,404,405,1238],"class_list":{"0":"post-19662","1":"product","2":"type-product","3":"status-publish","4":"has-post-thumbnail","6":"product_cat-feniksas","7":"product_tag-vitavia-lt","8":"product_tag-siltnamis","9":"product_tag-stiklo","10":"product_tag-siltnamiai","11":"product_tag-siltnamis-lt","12":"product_tag-siltnamis-lt-2","13":"product_tag-siltnamiai-lt","14":"product_tag-triiphone-lt","15":"product_tag-triplex-lt","16":"product_tag-phoenix-lt","17":"pa_kattematerjal-grudintas-stiklas","18":"pa_kattematerjal-stiklas","19":"pa_kulje-korgus-154-m-lt","20":"pa_laius-257-m-lt","21":"pa_pikkus-383-m-lt","22":"pa_pindala-99-m2-lt","23":"pa_pindala_vahemik-9-12-m-lt","24":"pa_tipu-korgus-248-m-lt","25":"pa_varv-sale","26":"pa_varv-juodas","27":"infinite-scroll-item","28":"no-featured-image-padding","29":"sales-flash-overlay","30":"woocommerce-text-align-left","31":"woocommerce-image-align-center","32":"do-quantity-buttons","34":"first","35":"instock","36":"sale","37":"shipping-taxable","38":"purchasable","39":"product-type-variable"},"_links":{"self":[{"href":"https:\/\/vitavia.lt\/kasvuhoone\/wp-json\/wp\/v2\/product\/19662","targetHints":{"allow":["GET"]}}],"collection":[{"href":"https:\/\/vitavia.lt\/kasvuhoone\/wp-json\/wp\/v2\/product"}],"about":[{"href":"https:\/\/vitavia.lt\/kasvuhoone\/wp-json\/wp\/v2\/types\/product"}],"replies":[{"embeddable":true,"href":"https:\/\/vitavia.lt\/kasvuhoone\/wp-json\/wp\/v2\/comments?post=19662"}],"wp:featuredmedia":[{"embeddable":true,"href":"https:\/\/vitavia.lt\/kasvuhoone\/wp-json\/wp\/v2\/media\/15733"}],"wp:attachment":[{"href":"https:\/\/vitavia.lt\/kasvuhoone\/wp-json\/wp\/v2\/media?parent=19662"}],"wp:term":[{"taxonomy":"product_brand","embeddable":true,"href":"https:\/\/vitavia.lt\/kasvuhoone\/wp-json\/wp\/v2\/product_brand?post=19662"},{"taxonomy":"product_cat","embeddable":true,"href":"https:\/\/vitavia.lt\/kasvuhoone\/wp-json\/wp\/v2\/product_cat?post=19662"},{"taxonomy":"product_tag","embeddable":true,"href":"https:\/\/vitavia.lt\/kasvuhoone\/wp-json\/wp\/v2\/product_tag?post=19662"}],"curies":[{"name":"wp","href":"https:\/\/api.w.org\/{rel}","templated":true}]}}