{"id":19449,"date":"2023-01-28T14:28:19","date_gmt":"2023-05-23T09:44:59","guid":{"rendered":"https:\/\/vitavia.ee\/kasvuhoone\/toode\/siltnamis-vitavia-mars-8300\/"},"modified":"2023-05-23T12:44:59","modified_gmt":"2023-05-23T09:44:59","slug":"siltnamis-vitavia-mars-8300","status":"publish","type":"product","link":"https:\/\/vitavia.lt\/kasvuhoone\/toode\/siltnamis-vitavia-mars-8300\/","title":{"rendered":"\u0160iltnamis Vitavia Mars 8300"},"content":{"rendered":"<h3><strong>Vitavia MARS &#8211; eleganti\u0161kas \u0161iltnamis solid\u017eiam sodui.<\/strong><\/h3>\n<p>2,57 m plo\u010dio \u0161iltnam\u012f galima \u012fsigyti keturi\u0173 skirting\u0173 ilgi\u0173.<br \/>\nPakankamai auk\u0161tame ir pla\u010diame \u0161iltnamyje augalams u\u017etenka vietos augti ir vystytis.<\/p>\n<p>Marso \u0161iltnamiuose taip pat u\u017etenka vietos j\u012f unikaliai ir \u012fdomiai \u012frengti.<\/p>\n<p>\u0160iltnamyje yra 2 stumdomos durys.<\/p>\n<p>Marso \u0161iltnamiuose standartin\u0117je komplektacijoje yra du stoglangiai.<\/p>\n<p><strong>\u012evairi\u0173 Marso \u0161iltnamio modeli\u0173 dyd\u017ei\u0173 lentel\u0117:<\/strong><\/p>\n<div class=\"tabel-scroll-x\">\n<table class=\"spec\" border=\"0\">\n<tbody>\n<tr>\n<th style=\"text-align: left;\" width=\"90\">Modelis<\/th>\n<th style=\"text-align: left;\" width=\"72\">Plotas<\/th>\n<th style=\"text-align: left;\" width=\"72\">Ilgis<\/th>\n<th style=\"text-align: left;\" width=\"72\">Plotis<\/th>\n<th style=\"text-align: left;\" width=\"72\">\u0160onin\u0117 pus\u0117<\/th>\n<th style=\"text-align: left;\" width=\"72\">Auk\u0161tis<\/th>\n<th style=\"text-align: left;\" width=\"50\">Aknaid<\/th>\n<\/tr>\n<tr>\n<td>6700 kovo m\u0117n<\/td>\n<td>6<sup>.7m2<\/sup><\/td>\n<td>2.58m<\/td>\n<td>2.57m<\/td>\n<td>1,37 m<\/td>\n<td>2,32 m<\/td>\n<td>2<\/td>\n<\/tr>\n<tr>\n<td>8300 kovo m\u0117n<\/td>\n<td>8<sup>.3m2<\/sup><\/td>\n<td>3.21m<\/td>\n<td>2.57m<\/td>\n<td>1,37 m<\/td>\n<td>2,32 m<\/td>\n<td>2<\/td>\n<\/tr>\n<tr>\n<td>9900 kovo m\u0117n<\/td>\n<td>9<sup>.9m2<\/sup><\/td>\n<td>3.84m<\/td>\n<td>2.57m<\/td>\n<td>1,37 m<\/td>\n<td>2,32 m<\/td>\n<td>2<\/td>\n<\/tr>\n<tr>\n<td>11500 kovo d<\/td>\n<td>11<sup>.5m2<\/sup><\/td>\n<td>4.46m<\/td>\n<td>2.57m<\/td>\n<td>1,37 m<\/td>\n<td>2,32 m<\/td>\n<td>2<\/td>\n<\/tr>\n<\/tbody>\n<\/table>\n<\/div>\n<p><em>&#8211; pilka, juoda ir \u017ealia kaip spalv\u0173 parinktys<br \/>\n&#8211; 3 mm stiklo, gr\u016bdinto stiklo arba 6 mm polikarbonato dang\u010dio pasirinkimas<br \/>\n&#8211; vienos i\u0161 2 stumdom\u0173 dur\u0173 priekyje<br \/>\n&#8211; 2 stogo langai<br \/>\n&#8211; visi modeliai turi pagrindin\u012f r\u0117m\u0105 su kojomis, kuriuos galima \u012fsigyti kaip pried\u0105<\/em><\/p>\n<p>R\u0117mas pagamintas i\u0161 anoduoto aliuminio (aliuminiui suteikiama ilgalaik\u0117 gra\u017ei i\u0161vaizda ir ilgaam\u017ei\u0161kumas), j\u012f taip pat galima da\u017eyti milteliniu b\u016bdu.<\/p>\n<p>Galima u\u017esisakyti \u012fvairi\u0173 papildom\u0173 pried\u0173: lang\u0105, apatin\u012f v\u0117dinimo liuk\u0105, automatin\u012f lango atidarym\u0105, pagrindo r\u0117m\u0105, vidines lentynas ir t. t.<\/p>\n<p><strong><a href=\"http:\/\/mwlconstruct.eu\/e-pood\/tootekategooria\/kasvuhoone-lisavarustus\/\" target=\"_blank\" rel=\"noopener noreferrer\">\u017dr. priedus<\/a><\/strong><\/p>\n<p><em>Fondas tikrai n\u0117ra b\u016btinas, bet pageidautinas.<br \/>\nJei \u0161iltnamis turi pagrindo r\u0117m\u0105, j\u012f galima pritvirtinti prie \u017eol\u0117s ar bet kokio kito paruo\u0161to pavir\u0161iaus.<br \/>\n\u012e kain\u0105 ne\u012fskai\u010diuotas pagrindinis r\u0117mas.<\/em><\/p>\n<h3><a href=\"https:\/\/youtu.be\/-4zXyeMetnM\" target=\"_blank\" rel=\"noopener noreferrer\">&#8220;Vitavia&#8221; demonstracinis vaizdo \u012fra\u0161as  <\/a><\/h3>\n","protected":false},"excerpt":{"rendered":"<p><span title=\"Visus matmenis \u017er. toliau pateiktoje lentel\u0117je\">2,57 m x 3,21 m = 9,3 m\u00b2<\/span><br \/>\n<span style=\"color: #f5bd2f;\"><strong>M\u0117nesin\u0117 \u012fmoka al. 132,5 \u20ac<\/strong><\/span><\/p>\n","protected":false},"featured_media":15542,"comment_status":"closed","ping_status":"closed","template":"","meta":[],"product_brand":[],"product_cat":[1441],"product_tag":[404,405,475,555,1608,399,1609,400,401,402,403],"class_list":{"0":"post-19449","1":"product","2":"type-product","3":"status-publish","4":"has-post-thumbnail","6":"product_cat-marsas","7":"product_tag-triiphone-lt","8":"product_tag-triplex-lt","9":"product_tag-vitavia-lt","10":"product_tag-neptun-lt","11":"product_tag-stiklo","12":"product_tag-siltnamis","13":"product_tag-polikarbonatas","14":"product_tag-siltnamiai","15":"product_tag-siltnamis-lt","16":"product_tag-siltnamis-lt-2","17":"product_tag-siltnamiai-lt","18":"pa_kattematerjal-stiklas","19":"pa_kattematerjal-grudintas-stiklas","20":"pa_kulje-korgus-135-m-lt","21":"pa_laius-257-m-lt","22":"pa_pikkus-321-m-lt","23":"pa_pindala-83-m2-lt","24":"pa_pindala_vahemik-5-9-m-lt","25":"pa_tipu-korgus-230-m-lt","26":"pa_varv-juodas","27":"infinite-scroll-item","28":"no-featured-image-padding","29":"sales-flash-overlay","30":"woocommerce-text-align-left","31":"woocommerce-image-align-center","32":"do-quantity-buttons","34":"first","35":"instock","36":"shipping-taxable","37":"purchasable","38":"product-type-variable"},"_links":{"self":[{"href":"https:\/\/vitavia.lt\/kasvuhoone\/wp-json\/wp\/v2\/product\/19449","targetHints":{"allow":["GET"]}}],"collection":[{"href":"https:\/\/vitavia.lt\/kasvuhoone\/wp-json\/wp\/v2\/product"}],"about":[{"href":"https:\/\/vitavia.lt\/kasvuhoone\/wp-json\/wp\/v2\/types\/product"}],"replies":[{"embeddable":true,"href":"https:\/\/vitavia.lt\/kasvuhoone\/wp-json\/wp\/v2\/comments?post=19449"}],"wp:featuredmedia":[{"embeddable":true,"href":"https:\/\/vitavia.lt\/kasvuhoone\/wp-json\/wp\/v2\/media\/15542"}],"wp:attachment":[{"href":"https:\/\/vitavia.lt\/kasvuhoone\/wp-json\/wp\/v2\/media?parent=19449"}],"wp:term":[{"taxonomy":"product_brand","embeddable":true,"href":"https:\/\/vitavia.lt\/kasvuhoone\/wp-json\/wp\/v2\/product_brand?post=19449"},{"taxonomy":"product_cat","embeddable":true,"href":"https:\/\/vitavia.lt\/kasvuhoone\/wp-json\/wp\/v2\/product_cat?post=19449"},{"taxonomy":"product_tag","embeddable":true,"href":"https:\/\/vitavia.lt\/kasvuhoone\/wp-json\/wp\/v2\/product_tag?post=19449"}],"curies":[{"name":"wp","href":"https:\/\/api.w.org\/{rel}","templated":true}]}}