{"id":19340,"date":"2023-01-11T14:31:29","date_gmt":"2023-05-22T15:48:20","guid":{"rendered":"https:\/\/vitavia.ee\/kasvuhoone\/toode\/siltnamis-vitavia-fortuna\/"},"modified":"2023-05-22T18:48:20","modified_gmt":"2023-05-22T15:48:20","slug":"siltnamis-vitavia-fortuna","status":"publish","type":"product","link":"https:\/\/vitavia.lt\/kasvuhoone\/toode\/siltnamis-vitavia-fortuna\/","title":{"rendered":"\u0160iltnamis Vitavia Fortuna"},"content":{"rendered":"<h3><strong>\u0160iltnamis &#8211; Vitavia FORTUNA \/ \u0161iltnamis su dviem varstomais durimis \/ 3,21 mx 3,21 m.<\/strong><\/h3>\n<p>\u0160iltnamis ar sodo paviljonas, kuris tinka ir \u017eiemos sodui.<br \/>\nPla\u010dios ir rakinamos \u0161arnyrin\u0117s durys leid\u017eia erdviai ir lengvai patekti.<br \/>\nTvirtas anoduoto aliuminio r\u0117mas ir erdvios 3 mm storio gr\u016bdinto stiklo \u0161onin\u0117s plok\u0161t\u0117s daro j\u012f labai ry\u0161kiu.<br \/>\n\u0160iltnamyje su auk\u0161tais bortais ir stogu galima atsistoti per vis\u0105 \u0161iltnamio ilg\u012f.<br \/>\nFortuna turi 3 \u0161oninius langus ir lietvamzd\u017eius visuose 4 kampuose. Stogo apa\u010dioje yra latakas.angas. <\/p>\n<p><strong>Skirting\u0173 \u0161iltnamio Fortuna modeli\u0173 dyd\u017ei\u0173 lentel\u0117:<\/strong><\/p>\n<div class=\"tabel-scroll-x\">\n<table class=\"spec\" border=\"0\">\n<tbody>\n<tr>\n<th style=\"text-align: left;\" width=\"90\">Modelis<\/th>\n<th style=\"text-align: left;\" width=\"72\">Plotas<\/th>\n<th style=\"text-align: left;\" width=\"72\">Ilgis<\/th>\n<th style=\"text-align: left;\" width=\"72\">Plotis<\/th>\n<th style=\"text-align: left;\" width=\"72\">\u0160onin\u0117 pus\u0117<\/th>\n<th style=\"text-align: left;\" width=\"72\">Auk\u0161tis<\/th>\n<th style=\"text-align: left;\" width=\"50\">Aknaid<\/th>\n<\/tr>\n<td>Fort\u016bna<\/td>\n<td><sup>10,2m2<\/sup><\/td>\n<td>3.21m<\/td>\n<td>3.21m<\/td>\n<td>1,88 m<\/td>\n<td>2,65 m<\/td>\n<td>3<\/td>\n<\/tr>\n<\/tbody>\n<\/table>\n<\/div>\n<p><em>&#8211; juodos spalvos pasirinkimas<br \/>\n&#8211; 3 mm pilno skydo gr\u016bdintas stiklas \u0161onuose kaip dangtis. 10 mm polikarbonatas ant stogo.<br \/>\n&#8211; Priekyje 2 varstomos durys<br \/>\n&#8211; 3 \u0161oniniai langai<br \/>\n&#8211; vis\u0173 modeli\u0173 bazinis r\u0117mas<\/em><\/p>\n<p>R\u0117mas pagamintas i\u0161 aliuminio, da\u017eyto juodais milteliais.<\/p>\n<p>Galima u\u017esisakyti \u012fvairi\u0173 pried\u0173: vidini\u0173 lentyn\u0173, termometr\u0173 ir kt.<\/p>\n<h4><strong><a href=\"https:\/\/vitavia.ee\/kasvuhoone\/tootekategooria\/kasvuhoone-lisavarustus\/\" target=\"_blank\" rel=\"noopener noreferrer\">\u017dr. priedus<\/a><\/strong><\/h4>\n<p><em>Fort\u016bnai \u012frengti reikia arba pamat\u0173, arba i\u0161 anksto paruo\u0161to akmens pavir\u0161iaus \/ medin\u0117s terasos.<br \/>\n\u0160iltnamis turi pagrindin\u012f karkas\u0105, su kuriuo galima tvirtinti arba prie pamat\u0173, arba prie medin\u0117s terasos\/akmens pavir\u0161iaus.<br \/>\n\u012e prek\u0117s kain\u0105 \u012feina bazinis r\u0117mas be koj\u0173.<\/em><\/p>\n<h3><a href=\"https:\/\/youtu.be\/-4zXyeMetnM\" target=\"_blank\" rel=\"noopener noreferrer\">&#8220;Vitavia&#8221; demonstracinis vaizdo \u012fra\u0161as  <\/a><\/h3>\n","protected":false},"excerpt":{"rendered":"<p><span title=\"Visus matmenis \u017er. toliau pateiktoje lentel\u0117je\">3,21 m x 3,21 m = 10,2 m\u00b2<\/span><br \/>\n<span style=\"color: #f5bd2f;\"><strong>M\u0117nesin\u0117 \u012fmoka al. 465 \u20ac<\/strong><\/span><\/p>\n","protected":false},"featured_media":15285,"comment_status":"open","ping_status":"closed","template":"","meta":[],"product_brand":[],"product_cat":[1233],"product_tag":[1660,399,400,401,1402,402,403,1607,475],"class_list":{"0":"post-19340","1":"product","2":"type-product","3":"status-publish","4":"has-post-thumbnail","6":"product_cat-fortuna-lt","7":"product_tag-sonai-is-grudinto-stiklo-ir-stogas-is-polikarbonato","8":"product_tag-siltnamis","9":"product_tag-siltnamiai","10":"product_tag-siltnamis-lt","11":"product_tag-fortuna-lt","12":"product_tag-siltnamis-lt-2","13":"product_tag-siltnamiai-lt","14":"product_tag-grudintas-stiklas","15":"product_tag-vitavia-lt","16":"pa_kattematerjal-stogas-10-mm-polikarbonatas-sonai-3-mm-grudintas-stiklas","17":"pa_kulje-korgus-188-m-lt","18":"pa_laius-314-m-lt","19":"pa_pikkus-314-m-lt","20":"pa_pindala-102-m-lt","21":"pa_pindala_vahemik-9-12-m-lt","22":"pa_tipu-korgus-265-m-lt","23":"pa_varv-juodas","24":"infinite-scroll-item","25":"no-featured-image-padding","26":"sales-flash-overlay","27":"woocommerce-text-align-left","28":"woocommerce-image-align-center","29":"do-quantity-buttons","31":"first","32":"instock","33":"sale","34":"shipping-taxable","35":"purchasable","36":"product-type-variable","37":"has-default-attributes"},"_links":{"self":[{"href":"https:\/\/vitavia.lt\/kasvuhoone\/wp-json\/wp\/v2\/product\/19340","targetHints":{"allow":["GET"]}}],"collection":[{"href":"https:\/\/vitavia.lt\/kasvuhoone\/wp-json\/wp\/v2\/product"}],"about":[{"href":"https:\/\/vitavia.lt\/kasvuhoone\/wp-json\/wp\/v2\/types\/product"}],"replies":[{"embeddable":true,"href":"https:\/\/vitavia.lt\/kasvuhoone\/wp-json\/wp\/v2\/comments?post=19340"}],"wp:featuredmedia":[{"embeddable":true,"href":"https:\/\/vitavia.lt\/kasvuhoone\/wp-json\/wp\/v2\/media\/15285"}],"wp:attachment":[{"href":"https:\/\/vitavia.lt\/kasvuhoone\/wp-json\/wp\/v2\/media?parent=19340"}],"wp:term":[{"taxonomy":"product_brand","embeddable":true,"href":"https:\/\/vitavia.lt\/kasvuhoone\/wp-json\/wp\/v2\/product_brand?post=19340"},{"taxonomy":"product_cat","embeddable":true,"href":"https:\/\/vitavia.lt\/kasvuhoone\/wp-json\/wp\/v2\/product_cat?post=19340"},{"taxonomy":"product_tag","embeddable":true,"href":"https:\/\/vitavia.lt\/kasvuhoone\/wp-json\/wp\/v2\/product_tag?post=19340"}],"curies":[{"name":"wp","href":"https:\/\/api.w.org\/{rel}","templated":true}]}}