{"id":19256,"date":"2020-04-16T17:26:24","date_gmt":"2023-05-22T13:41:25","guid":{"rendered":"https:\/\/vitavia.ee\/kasvuhoone\/toode\/siltnamis-vitavia-apollo-5000\/"},"modified":"2023-05-22T16:41:25","modified_gmt":"2023-05-22T13:41:25","slug":"siltnamis-vitavia-apollo-5000","status":"publish","type":"product","link":"https:\/\/vitavia.lt\/kasvuhoone\/toode\/siltnamis-vitavia-apollo-5000\/","title":{"rendered":"\u0160iltnamis Vitavia Apollo 5000"},"content":{"rendered":"<h3><strong>Vitavia APOLLO 5000 &#8211; idealus ma\u017eas \u0161iltnamis, tinkantis daugumai sodinink\u0173 \/ 1,93 mx 2,57 m.<\/strong><\/h3>\n<p>1,93 m plo\u010dio \u0161iltnamis yra dviej\u0173 skirting\u0173 ilgi\u0173.<\/p>\n<p>\u0160iltnamis turi vienas stumdomas duris, kurias galima atidaryti de\u0161in\u0117je arba kair\u0117je pus\u0117je. Taip pat atviras duris galima pritvirtinti skirtingose pad\u0117tyse, v\u0117jui nepu\u010diant \u0161iltnamio dur\u0173.<\/p>\n<p>Apollo \u0161iltnamiai turi du stoglangius. Jei pageidaujate, galite papildomai sumontuoti automatinius stogo lang\u0173 atidarytuvus. <\/p>\n<p><strong>\u012evairi\u0173 \u201eApollo\u201c \u0161iltnamio modeli\u0173 dyd\u017ei\u0173 lentel\u0117:<\/strong><\/p>\n<div class=\"tabel-scroll-x\">\n<table class=\"spec\" border=\"0\">\n<tbody>\n<tr>\n<th style=\"text-align: left;\" width=\"90\">Modelis<\/th>\n<th style=\"text-align: left;\" width=\"72\">Plotas<\/th>\n<th style=\"text-align: left;\" width=\"72\">Ilgis<\/th>\n<th style=\"text-align: left;\" width=\"72\">Plotis<\/th>\n<th style=\"text-align: left;\" width=\"72\">\u0160onin\u0117 pus\u0117<\/th>\n<th style=\"text-align: left;\" width=\"72\">Auk\u0161tis<\/th>\n<th style=\"text-align: left;\" width=\"50\">Aknaid<\/th>\n<\/tr>\n<td>Apollo 5000<\/td>\n<td>5<sup>.0m2<\/sup><\/td>\n<td>2.57m<\/td>\n<td>1.93m<\/td>\n<td>1,36 m<\/td>\n<td>2,07 m<\/td>\n<td>1<\/td>\n<\/tr>\n<tr>\n<td>Apollo 6200<\/td>\n<td>6<sup>.2m2<\/sup><\/td>\n<td>3.21m<\/td>\n<td>1.93m<\/td>\n<td>1,36 m<\/td>\n<td>2,07 m<\/td>\n<td>2<\/td>\n<\/tr>\n<\/tbody>\n<\/table>\n<\/div>\n<p><em>&#8211; pilka ir juoda kaip spalv\u0173 parinktys<br \/>\n&#8211; kaip dangtel\u012f galite rinktis 3 mm stikl\u0105<br \/>\n&#8211; priekin\u0117s vienos stumdomos durys<br \/>\n&#8211; 2 stogo langai<br \/>\n&#8211; vis\u0173 modeli\u0173 bazinis r\u0117mas<\/em><\/p>\n<p>R\u0117mas pagamintas i\u0161 anoduoto aliuminio (aliuminiui suteikiama ilgalaik\u0117 gra\u017ei i\u0161vaizda ir ilgaam\u017ei\u0161kumas), j\u012f taip pat galima da\u017eyti milteliniu b\u016bdu.<\/p>\n<p>Galima u\u017esisakyti \u012fvairi\u0173 papildom\u0173 pried\u0173: lang\u0105, apatin\u012f v\u0117dinimo liuk\u0105, automatin\u012f lango atidarym\u0105, pagrindo r\u0117m\u0105, vidines lentynas ir t. t.<\/p>\n<h4><strong><a href=\"https:\/\/vitavia.ee\/kasvuhoone\/tootekategooria\/kasvuhoone-lisavarustus\/\" target=\"_blank\" rel=\"noopener noreferrer\">\u017dr. priedus<\/a><\/strong><\/h4>\n<p><em>Fondas tikrai n\u0117ra b\u016btinas, bet pageidautinas.<br \/>\nJei \u0161iltnamis turi pagrindo r\u0117m\u0105, j\u012f galima pritvirtinti prie \u017eol\u0117s ar bet kokio kito paruo\u0161to pavir\u0161iaus.<br \/>\n\u012e gaminio kain\u0105 \u012feina bazinis r\u0117mas.<\/em><\/p>\n<h3><a href=\"https:\/\/youtu.be\/-4zXyeMetnM\" target=\"_blank\" rel=\"noopener noreferrer\">&#8220;Vitavia&#8221; demonstracinis vaizdo \u012fra\u0161as  <\/a><\/h3>\n","protected":false},"excerpt":{"rendered":"<p><span title=\"Visus matmenis \u017er. toliau pateiktoje lentel\u0117je\">1,93 m x 2,57 m = 5,0 m\u00b2<\/span><br \/>\n<span><a href=\"https:\/\/vitavia.ee\/kasvuhoone\/wp-content\/uploads\/2020\/04\/Kasvuhoone-Vitavia-Apollo-2500-5000-Paigaldusjuhend-061.01.1410.pdf#page=12\" class=\"alus_rm\" target=\"blanc\" rel=\"noopener\"><span class=\"alus_rm_bold\">NB!<\/span> \u0160iltnamio pagrindo r\u0117mo i\u0161orinius matmenis \u017er. \u010dia<\/a><\/span><br \/>\n<span style=\"color: #f5bd2f;\"><strong>M\u0117nesin\u0117 \u012fmoka al. 70,42 \u20ac<\/strong><\/span><\/p>\n","protected":false},"featured_media":15499,"comment_status":"open","ping_status":"closed","template":"","meta":[],"product_brand":[],"product_cat":[505],"product_tag":[402,403,475,1608,543,399,400,401],"class_list":{"0":"post-19256","1":"product","2":"type-product","3":"status-publish","4":"has-post-thumbnail","6":"product_cat-apollo-lt","7":"product_tag-siltnamis-lt-2","8":"product_tag-siltnamiai-lt","9":"product_tag-vitavia-lt","10":"product_tag-stiklo","11":"product_tag-apollo-lt","12":"product_tag-siltnamis","13":"product_tag-siltnamiai","14":"product_tag-siltnamis-lt","15":"pa_kattematerjal-stiklas","16":"pa_kulje-korgus-136-m-lt","17":"pa_laius-193-m-lt","18":"pa_pikkus-321-m-lt","19":"pa_pindala-62-m2-lt","20":"pa_pindala_vahemik-5-9-m-lt","21":"pa_tipu-korgus-209-m-lt","22":"pa_varv-juodas","23":"infinite-scroll-item","24":"no-featured-image-padding","25":"sales-flash-overlay","26":"woocommerce-text-align-left","27":"woocommerce-image-align-center","28":"do-quantity-buttons","30":"first","31":"instock","32":"shipping-taxable","33":"purchasable","34":"product-type-variable","35":"has-default-attributes"},"_links":{"self":[{"href":"https:\/\/vitavia.lt\/kasvuhoone\/wp-json\/wp\/v2\/product\/19256","targetHints":{"allow":["GET"]}}],"collection":[{"href":"https:\/\/vitavia.lt\/kasvuhoone\/wp-json\/wp\/v2\/product"}],"about":[{"href":"https:\/\/vitavia.lt\/kasvuhoone\/wp-json\/wp\/v2\/types\/product"}],"replies":[{"embeddable":true,"href":"https:\/\/vitavia.lt\/kasvuhoone\/wp-json\/wp\/v2\/comments?post=19256"}],"wp:featuredmedia":[{"embeddable":true,"href":"https:\/\/vitavia.lt\/kasvuhoone\/wp-json\/wp\/v2\/media\/15499"}],"wp:attachment":[{"href":"https:\/\/vitavia.lt\/kasvuhoone\/wp-json\/wp\/v2\/media?parent=19256"}],"wp:term":[{"taxonomy":"product_brand","embeddable":true,"href":"https:\/\/vitavia.lt\/kasvuhoone\/wp-json\/wp\/v2\/product_brand?post=19256"},{"taxonomy":"product_cat","embeddable":true,"href":"https:\/\/vitavia.lt\/kasvuhoone\/wp-json\/wp\/v2\/product_cat?post=19256"},{"taxonomy":"product_tag","embeddable":true,"href":"https:\/\/vitavia.lt\/kasvuhoone\/wp-json\/wp\/v2\/product_tag?post=19256"}],"curies":[{"name":"wp","href":"https:\/\/api.w.org\/{rel}","templated":true}]}}