{"id":19184,"date":"2015-12-27T20:45:36","date_gmt":"2023-05-20T08:21:14","guid":{"rendered":"https:\/\/vitavia.ee\/kasvuhoone\/toode\/siltnamis-sodo-paviljonas-vitavia-hera-4500-r-m\/"},"modified":"2025-08-24T18:08:27","modified_gmt":"2025-08-24T15:08:27","slug":"siltnamis-sodo-paviljonas-hera-4500-r","status":"publish","type":"product","link":"https:\/\/vitavia.lt\/kasvuhoone\/toode\/siltnamis-sodo-paviljonas-hera-4500-r\/","title":{"rendered":"\u0160iltnamis \/ sodo paviljonas Vitavia Hera 4500 M"},"content":{"rendered":"<h3><strong>Vitavia HERA 4500 &#8211; \u0161iltnamio \/ sodo paviljonas, skirtas tiek poilsiui, tiek augal\u0173 auginimui.<\/strong><\/h3>\n<p>Hera \u2013 patraukli sodo namelis pagerina, puo\u0161ia ir papildo bet kur\u012f sod\u0105.<br \/>\nTai ideali vieta poilsiui, sve\u010di\u0173 pri\u0117mimui ar augal\u0173 auginimui.<\/p>\n<p><strong>Plotas: 4,5 m2<\/strong><br \/>\n<strong> Ilgis: 2,19 m<\/strong><br \/>\n<strong> Plotis: 2,69 m<\/strong><br \/>\n<strong> Smail\u0117s auk\u0161tis: 2,57 m<br \/>\n1,82 m \u0161ono auk\u0161tis suteikia pakankamai vietos laisvai stov\u0117ti.<br \/>\n<\/strong><\/p>\n<h3><strong>\u012e kain\u0105 \u012feina r\u0117mas, dangtis ir du apatiniai ventiliacijos liukai.<\/strong><\/h3>\n<div class=\"wpb_text_column wpb_content_element wpb_animate_when_almost_visible wpb_bottom-to-top wpb_start_animation\">\n<div class=\"wpb_wrapper\">\n<ul>\n<li>anoduoto aliuminio korpusas<\/li>\n<li>3 mm storio stiklas<\/li>\n<li>galimos spalvos<br \/>\n&#8211; anoduoto pilko aliuminio<br \/>\n&#8211; \u017dalias miltelinis da\u017eymas<\/li>\n<li>2 apatiniai ventiliacijos liukai<\/li>\n<li>1 stumdomos durys<\/li>\n<\/ul>\n<\/div>\n<\/div>\n<p>R\u0117mas pagamintas i\u0161 anoduoto aliuminio (ilgaam\u017e\u0117 gra\u017ei i\u0161vaizda ir aliuminio patvarumas), taip pat galima \u012fsigyti milteliniu b\u016bdu da\u017eyt\u0105.<\/p>\n<p>Galima u\u017esisakyti \u012fvairi\u0105 papildom\u0105 \u012frang\u0105: automatin\u012f apatinio v\u0117dinimo liuko atidarytuv\u0105, pagrindo r\u0117m\u0105, vidines lentynas, termometrus ir kt.<br \/>\n\u012e prek\u0117s kain\u0105 bazinis r\u0117mas ne\u012fskai\u010diuotas, yra u\u017e papildom\u0105 mokest\u012f ir kainuoja 170 eur.<\/p>\n<h4><strong><a href=\"https:\/\/vitavia.lt\/kasvuhoone\/tootekategooria\/siltnamio-priedas\/\" target=\"_blank\" rel=\"noopener noreferrer\">\u017dr. priedus<\/a><\/strong><\/h4>\n<p><em>Fondas tikrai n\u0117ra b\u016btinas, bet pageidautinas. \u012e kain\u0105 ne\u012fskai\u010diuota pamat\u0173 statyba ir montavimas.<\/em><br \/>\n<em> U\u017esisakius paviljono pagrindo karkas\u0105, j\u012f galima pritvirtinti prie vejos ar bet kokio kito paruo\u0161to pavir\u0161iaus.<\/em><\/p>\n<p>NB! Geriausia pristatymo pa\u0161to kaina bus apskai\u010diuota pagal j\u016bs\u0173 nurodyt\u0105 adres\u0105 ir i\u0161si\u0173sta jums el. pa\u0161tu.<\/p>\n<h3><a href=\"https:\/\/youtu.be\/-4zXyeMetnM\" target=\"_blank\" rel=\"noopener noreferrer\">&#8220;Vitavia&#8221; demonstracinis vaizdo \u012fra\u0161as <\/a><\/h3>\n","protected":false},"excerpt":{"rendered":"<p><span title=\"Visus matmenis \u017er. toliau pateiktoje lentel\u0117je\">2,19 m x 2,69 m = 4,5 m\u00b2<\/span><br \/>\n<a class=\"alus_rm\" href=\"https:\/\/vitavia.ee\/wp-content\/uploads\/2017\/10\/Kasvuhoone-Hera-4500-paigaldusjuhend.pdf#page=14\" target=\"blanc\" rel=\"noopener\"><span class=\"alus_rm_bold\">NB!<\/span> \u0160iltnamio pagrindo r\u0117mo i\u0161orinius matmenis \u017er. \u010dia<\/a><br \/>\n<span style=\"color: #f5bd2f;\"><strong>M\u0117nesin\u0117 \u012fmoka al. 124,58 \u20ac<\/strong><\/span><\/p>\n","protected":false},"featured_media":20754,"comment_status":"closed","ping_status":"closed","template":"","meta":[],"product_brand":[],"product_cat":[509],"product_tag":[399,547,400,401,402,403,431,1608,432,475],"class_list":{"0":"post-19184","1":"product","2":"type-product","3":"status-publish","4":"has-post-thumbnail","6":"product_cat-hera-lt","7":"product_tag-siltnamis","8":"product_tag-hera-lt","9":"product_tag-siltnamiai","10":"product_tag-siltnamis-lt","11":"product_tag-siltnamis-lt-2","12":"product_tag-siltnamiai-lt","13":"product_tag-sodo-namelis","14":"product_tag-stiklo","15":"product_tag-aiapaviljonas","16":"product_tag-vitavia-lt","17":"pa_kattematerjal-grudintas-stiklas","18":"pa_kulje-korgus-182-m-lt","19":"pa_laius-221-m-lt","20":"pa_pikkus-253-m-lt","21":"pa_pindala-45-m2-lt","22":"pa_pindala_vahemik-09-5-m-lt","23":"pa_tipu-korgus-257-m-lt","24":"pa_varv-juodas","25":"infinite-scroll-item","26":"no-featured-image-padding","27":"sales-flash-overlay","28":"woocommerce-text-align-left","29":"woocommerce-image-align-center","30":"do-quantity-buttons","32":"first","33":"instock","34":"sale","35":"shipping-taxable","36":"purchasable","37":"product-type-variable"},"_links":{"self":[{"href":"https:\/\/vitavia.lt\/kasvuhoone\/wp-json\/wp\/v2\/product\/19184","targetHints":{"allow":["GET"]}}],"collection":[{"href":"https:\/\/vitavia.lt\/kasvuhoone\/wp-json\/wp\/v2\/product"}],"about":[{"href":"https:\/\/vitavia.lt\/kasvuhoone\/wp-json\/wp\/v2\/types\/product"}],"replies":[{"embeddable":true,"href":"https:\/\/vitavia.lt\/kasvuhoone\/wp-json\/wp\/v2\/comments?post=19184"}],"wp:featuredmedia":[{"embeddable":true,"href":"https:\/\/vitavia.lt\/kasvuhoone\/wp-json\/wp\/v2\/media\/20754"}],"wp:attachment":[{"href":"https:\/\/vitavia.lt\/kasvuhoone\/wp-json\/wp\/v2\/media?parent=19184"}],"wp:term":[{"taxonomy":"product_brand","embeddable":true,"href":"https:\/\/vitavia.lt\/kasvuhoone\/wp-json\/wp\/v2\/product_brand?post=19184"},{"taxonomy":"product_cat","embeddable":true,"href":"https:\/\/vitavia.lt\/kasvuhoone\/wp-json\/wp\/v2\/product_cat?post=19184"},{"taxonomy":"product_tag","embeddable":true,"href":"https:\/\/vitavia.lt\/kasvuhoone\/wp-json\/wp\/v2\/product_tag?post=19184"}],"curies":[{"name":"wp","href":"https:\/\/api.w.org\/{rel}","templated":true}]}}