{"id":19177,"date":"2015-12-27T20:17:14","date_gmt":"2015-12-27T20:17:14","guid":{"rendered":"https:\/\/vitavia.ee\/kasvuhoone\/toode\/siltnamis-sodo-paviljonas-vitavia-hera-4500-h\/"},"modified":"2024-01-24T15:40:16","modified_gmt":"2024-01-24T12:40:16","slug":"siltnamis-sodo-paviljonas-hera-4500-h","status":"publish","type":"product","link":"https:\/\/vitavia.lt\/kasvuhoone\/toode\/siltnamis-sodo-paviljonas-hera-4500-h\/","title":{"rendered":"\u0160iltnamis \/ sodo paviljonas Vitavia Hera 4500 H"},"content":{"rendered":"<h3><strong>Vitavia HERA 4500 &#8211; \u0161iltnamio \/ sodo paviljonas, skirtas tiek poilsiui, tiek augal\u0173 auginimui.<\/strong><\/h3>\n<p>Hera \u2013 patraukli sodo namelis pagerina, puo\u0161ia ir papildo bet kur\u012f sod\u0105.<br \/>\nTai ideali vieta poilsiui, sve\u010di\u0173 pri\u0117mimui ar augal\u0173 auginimui.<\/p>\n<p><strong>Plotas: 4,5 m2<\/strong><br \/>\n<strong>Ilgis: 2,19 m<\/strong><br \/>\n<strong>Plotis: 2,69 m<\/strong><br \/>\n<strong>Smail\u0117s auk\u0161tis: 2,57 m<br \/>\n1,82 m \u0161ono auk\u0161tis suteikia pakankamai vietos laisvai stov\u0117ti.<br \/>\n<\/strong><\/p>\n<h3><strong>\u012e kain\u0105 \u012feina r\u0117mas, dangtis ir du apatiniai ventiliacijos liukai.<\/strong><\/h3>\n<div class=\"wpb_text_column wpb_content_element wpb_animate_when_almost_visible wpb_bottom-to-top wpb_start_animation\">\n<div class=\"wpb_wrapper\">\n<ul>\n<li>anoduoto aliuminio korpusas<\/li>\n<li>3 mm storio stiklas<\/li>\n<li>galimos spalvos<br \/>\n&#8211; anoduoto pilko aliuminio<br \/>\n\u2013 nuda\u017eytas milteliniu b\u016bdu \u017ealiai ir juodai<\/li>\n<li>2 apatiniai ventiliacijos liukai<\/li>\n<li>1 stumdomos durys<\/li>\n<\/ul>\n<\/div>\n<\/div>\n<p>R\u0117mas pagamintas i\u0161 anoduoto aliuminio (ilgaam\u017e\u0117 gra\u017ei i\u0161vaizda ir aliuminio patvarumas), taip pat galima \u012fsigyti milteliniu b\u016bdu da\u017eyt\u0105.<\/p>\n<p>Galima u\u017esisakyti \u012fvairi\u0105 papildom\u0105 \u012frang\u0105: automatin\u012f apatinio v\u0117dinimo liuko atidarytuv\u0105, pagrindo r\u0117m\u0105, vidines lentynas, termometrus ir kt.<\/p>\n<h4><strong><a href=\"https:\/\/vitavia.ee\/kasvuhoone\/tootekategooria\/kasvuhoone-lisavarustus\/\" target=\"_blank\" rel=\"noopener noreferrer\">\u017dr. priedus<\/a><\/strong><\/h4>\n<p><em>Fondas tikrai n\u0117ra b\u016btinas, bet pageidautinas. \u012e kain\u0105 ne\u012fskai\u010diuota pamat\u0173 statyba ir montavimas.<\/em><br \/>\n<em>U\u017esisakius paviljono pagrindo karkas\u0105, j\u012f galima pritvirtinti prie vejos ar bet kokio kito paruo\u0161to pavir\u0161iaus.<\/em><\/p>\n<p>NB! Geriausia pristatymo pa\u0161to kaina bus apskai\u010diuota pagal j\u016bs\u0173 nurodyt\u0105 adres\u0105 ir i\u0161si\u0173sta jums el. pa\u0161tu.<\/p>\n<h3><a href=\"https:\/\/youtu.be\/-4zXyeMetnM\" target=\"_blank\" rel=\"noopener noreferrer\">&#8220;Vitavia&#8221; demonstracinis vaizdo \u012fra\u0161as<\/a><\/h3>\n","protected":false},"excerpt":{"rendered":"<p><span title=\"Visus matmenis \u017er. toliau pateiktoje lentel\u0117je\">2,19 m x 2,69 m = 4,5 m\u00b2<\/span><br \/>\n<a class=\"alus_rm\" href=\"https:\/\/vitavia.ee\/wp-content\/uploads\/2017\/10\/Kasvuhoone-Hera-4500-paigaldusjuhend.pdf#page=14\" target=\"blanc\" rel=\"noopener\"><span class=\"alus_rm_bold\">NB!<\/span> \u0160iltnamio pagrindo r\u0117mo i\u0161orinius matmenis \u017er. \u010dia<\/a><br \/>\n<span style=\"color: #f5bd2f;\"><strong>M\u0117nesin\u0117 \u012fmoka al. 102,08 \u20ac<\/strong><\/span><\/p>\n","protected":false},"featured_media":11756,"comment_status":"closed","ping_status":"closed","template":"","meta":[],"product_brand":[],"product_cat":[509],"product_tag":[1608],"class_list":{"0":"post-19177","1":"product","2":"type-product","3":"status-publish","4":"has-post-thumbnail","6":"product_cat-hera-lt","7":"product_tag-stiklo","8":"pa_kattematerjal-stiklas","9":"pa_kulje-korgus-182-m-lt","10":"pa_laius-221-m-lt","11":"pa_pikkus-253-m-lt","12":"pa_pindala-45-m2-lt","13":"pa_pindala_vahemik-09-5-m-lt","14":"pa_tipu-korgus-257-m-lt","15":"pa_varv-sale","16":"infinite-scroll-item","17":"no-featured-image-padding","18":"sales-flash-overlay","19":"woocommerce-text-align-left","20":"woocommerce-image-align-center","21":"do-quantity-buttons","23":"first","24":"instock","25":"sale","26":"shipping-taxable","27":"purchasable","28":"product-type-variable"},"_links":{"self":[{"href":"https:\/\/vitavia.lt\/kasvuhoone\/wp-json\/wp\/v2\/product\/19177","targetHints":{"allow":["GET"]}}],"collection":[{"href":"https:\/\/vitavia.lt\/kasvuhoone\/wp-json\/wp\/v2\/product"}],"about":[{"href":"https:\/\/vitavia.lt\/kasvuhoone\/wp-json\/wp\/v2\/types\/product"}],"replies":[{"embeddable":true,"href":"https:\/\/vitavia.lt\/kasvuhoone\/wp-json\/wp\/v2\/comments?post=19177"}],"wp:featuredmedia":[{"embeddable":true,"href":"https:\/\/vitavia.lt\/kasvuhoone\/wp-json\/wp\/v2\/media\/11756"}],"wp:attachment":[{"href":"https:\/\/vitavia.lt\/kasvuhoone\/wp-json\/wp\/v2\/media?parent=19177"}],"wp:term":[{"taxonomy":"product_brand","embeddable":true,"href":"https:\/\/vitavia.lt\/kasvuhoone\/wp-json\/wp\/v2\/product_brand?post=19177"},{"taxonomy":"product_cat","embeddable":true,"href":"https:\/\/vitavia.lt\/kasvuhoone\/wp-json\/wp\/v2\/product_cat?post=19177"},{"taxonomy":"product_tag","embeddable":true,"href":"https:\/\/vitavia.lt\/kasvuhoone\/wp-json\/wp\/v2\/product_tag?post=19177"}],"curies":[{"name":"wp","href":"https:\/\/api.w.org\/{rel}","templated":true}]}}