{"id":19174,"date":"2015-12-27T22:01:18","date_gmt":"2023-05-20T08:21:13","guid":{"rendered":"https:\/\/vitavia.ee\/kasvuhoone\/toode\/siltnamis-sodo-paviljonas-vitavia-hera-9000-m\/"},"modified":"2023-05-20T11:21:13","modified_gmt":"2023-05-20T08:21:13","slug":"siltnamis-sodo-paviljonas-vitavia-hera-9000-m","status":"publish","type":"product","link":"https:\/\/vitavia.lt\/kasvuhoone\/toode\/siltnamis-sodo-paviljonas-vitavia-hera-9000-m\/","title":{"rendered":"\u0160iltnamis \/ sodo paviljonas Vitavia Hera 9000 M"},"content":{"rendered":"<h3><strong>Vitavia HERA 9000 &#8211; patrauklus \u0161iltnamis \/ sodo namelis pagerina, puo\u0161ia ir papildo bet kur\u012f sod\u0105.<\/strong><\/h3>\n<p>Tai ideali vieta poilsiui, sve\u010di\u0173 pri\u0117mimui ar augal\u0173 auginimui.<\/p>\n<p><strong>Plotas: 9,0 m2.<\/strong><br \/>\n<strong>Ilgis: 3,3 m<\/strong><br \/>\n<strong>Plotis: 3,8 m<br \/>\n1,82 m \u0161ono auk\u0161tis suteikia pakankamai vietos laisvai stov\u0117ti.<\/strong><br \/>\n<strong>Smail\u0117s auk\u0161tis: 2,88 m<\/strong><\/p>\n<h3><strong>\u012e kain\u0105 \u012feina r\u0117mas, dangtis ir trys \u0161oniniai langai.<\/strong><\/h3>\n<ul>\n<li>anoduoto aliuminio korpusas<\/li>\n<li>\u0161onai 3mm gr\u016bdintas stiklas<\/li>\n<li>stogas 6mm polikarbonatas<\/li>\n<li>galimos spalvos:<br \/>\n&#8211; anoduoto pilko aliuminio<br \/>\n&#8211; \u017dalias miltelinis da\u017eymas<br \/>\n&#8211; Juodos spalvos milteliniu b\u016bdu dengtas<br \/>\n\u2013 baltos spalvos milteliniu b\u016bdu<\/li>\n<li>lietaus vandens vamzd\u017eiai<\/li>\n<li>3 \u0161oniniai langai<\/li>\n<li>2 rakinamos ir abipusiai atsidaran\u010dios stumdomos durys<\/li>\n<\/ul>\n<p>R\u0117mas pagamintas i\u0161 anoduoto aliuminio (garantuoja ilgalaik\u0119 gra\u017ei\u0105 aliuminio i\u0161vaizd\u0105 ir ilgaam\u017ei\u0161kum\u0105).<\/p>\n<p>Galima u\u017esisakyti \u012fvairios papildomos \u012frangos: vidini\u0173 lentyn\u0173, automatikos, termometr\u0173 ir kt.<br \/>\n\u012e prek\u0117s kain\u0105 apdovanojimo r\u0117melis ne\u012fskai\u010diuotas, yra u\u017e papildom\u0105 mokest\u012f ir kainuoja 210 eur.<\/p>\n<h4><strong><a href=\"https:\/\/vitavia.ee\/kasvuhoone\/tootekategooria\/kasvuhoone-lisavarustus\/\" target=\"_blank\" rel=\"noopener noreferrer\">\u017dr. priedus<\/a><\/strong><\/h4>\n<p><em>Fondas tikrai n\u0117ra b\u016btinas, bet pageidautinas. \u012e kain\u0105 ne\u012fskai\u010diuota pamat\u0173 statyba ir montavimas.<br \/>\nU\u017esisakius paviljono pagrindo karkas\u0105, j\u012f galima pritvirtinti prie vejos ar bet kokio kito paruo\u0161to pavir\u0161iaus.<br \/>\n<\/em><\/p>\n<p>NB! Geriausia pristatymo pa\u0161to kaina bus apskai\u010diuota pagal j\u016bs\u0173 nurodyt\u0105 adres\u0105 ir i\u0161si\u0173sta jums el. pa\u0161tu.<\/p>\n<h3><a href=\"https:\/\/youtu.be\/-4zXyeMetnM\" target=\"_blank\" rel=\"noopener noreferrer\">&#8220;Vitavia&#8221; demonstracinis vaizdo \u012fra\u0161as<\/a><\/h3>\n","protected":false},"excerpt":{"rendered":"<p><span title=\"Visus matmenis \u017er. toliau pateiktoje lentel\u0117je\">3,3 m x 3,8 m = 9 m\u00b2<\/span><br \/>\n<a class=\"alus_rm\" href=\"https:\/\/vitavia.ee\/wp-content\/uploads\/2017\/10\/Kasvuhoone-Hera-9000-paigaldusjuhend.pdf#page=12\" target=\"blanc\" rel=\"noopener\"><span class=\"alus_rm_bold\">NB!<\/span> \u0160iltnamio pagrindo r\u0117mo i\u0161orinius matmenis \u017er. \u010dia<\/a><br \/>\n<span style=\"color: #f5bd2f;\"><strong>M\u0117nesin\u0117 \u012fmoka al. 229,17 \u20ac<\/strong><\/span><\/p>\n","protected":false},"featured_media":11611,"comment_status":"closed","ping_status":"closed","template":"","meta":[],"product_brand":[],"product_cat":[509],"product_tag":[401,402,403,431,432,433,1607,475,399,547,1660,400],"class_list":{"0":"post-19174","1":"product","2":"type-product","3":"status-publish","4":"has-post-thumbnail","6":"product_cat-hera-lt","7":"product_tag-siltnamis-lt","8":"product_tag-siltnamis-lt-2","9":"product_tag-siltnamiai-lt","10":"product_tag-sodo-namelis","11":"product_tag-aiapaviljonas","12":"product_tag-stiklinis-paviljonas","13":"product_tag-grudintas-stiklas","14":"product_tag-vitavia-lt","15":"product_tag-siltnamis","16":"product_tag-hera-lt","17":"product_tag-sonai-is-grudinto-stiklo-ir-stogas-is-polikarbonato","18":"product_tag-siltnamiai","19":"pa_kattematerjal-stogas-6-mm-polikarbonato-sonai-3-mm-stiklas","20":"pa_kulje-korgus-188-m-lt","21":"pa_laius-33-m-lt","22":"pa_pikkus-383-m-lt","23":"pa_pindala-9-m2-lt","24":"pa_pindala_vahemik-5-9-m-lt","25":"pa_tipu-korgus-283-m-lt","26":"pa_varv-juodas","27":"infinite-scroll-item","28":"no-featured-image-padding","29":"sales-flash-overlay","30":"woocommerce-text-align-left","31":"woocommerce-image-align-center","32":"do-quantity-buttons","34":"first","35":"instock","36":"sale","37":"featured","38":"shipping-taxable","39":"purchasable","40":"product-type-variable"},"_links":{"self":[{"href":"https:\/\/vitavia.lt\/kasvuhoone\/wp-json\/wp\/v2\/product\/19174","targetHints":{"allow":["GET"]}}],"collection":[{"href":"https:\/\/vitavia.lt\/kasvuhoone\/wp-json\/wp\/v2\/product"}],"about":[{"href":"https:\/\/vitavia.lt\/kasvuhoone\/wp-json\/wp\/v2\/types\/product"}],"replies":[{"embeddable":true,"href":"https:\/\/vitavia.lt\/kasvuhoone\/wp-json\/wp\/v2\/comments?post=19174"}],"wp:featuredmedia":[{"embeddable":true,"href":"https:\/\/vitavia.lt\/kasvuhoone\/wp-json\/wp\/v2\/media\/11611"}],"wp:attachment":[{"href":"https:\/\/vitavia.lt\/kasvuhoone\/wp-json\/wp\/v2\/media?parent=19174"}],"wp:term":[{"taxonomy":"product_brand","embeddable":true,"href":"https:\/\/vitavia.lt\/kasvuhoone\/wp-json\/wp\/v2\/product_brand?post=19174"},{"taxonomy":"product_cat","embeddable":true,"href":"https:\/\/vitavia.lt\/kasvuhoone\/wp-json\/wp\/v2\/product_cat?post=19174"},{"taxonomy":"product_tag","embeddable":true,"href":"https:\/\/vitavia.lt\/kasvuhoone\/wp-json\/wp\/v2\/product_tag?post=19174"}],"curies":[{"name":"wp","href":"https:\/\/api.w.org\/{rel}","templated":true}]}}