{"id":19019,"date":"2016-01-02T18:14:20","date_gmt":"2016-01-02T18:14:20","guid":{"rendered":"https:\/\/vitavia.ee\/kasvuhoone\/toode\/siltnamis-vitavia-saturn-9900-99-m%c2%b2\/"},"modified":"2023-05-20T08:36:59","modified_gmt":"2023-05-20T05:36:59","slug":"siltnamis-vitavia-saturnas-9900","status":"publish","type":"product","link":"https:\/\/vitavia.lt\/kasvuhoone\/toode\/siltnamis-vitavia-saturnas-9900\/","title":{"rendered":"\u0160iltnamis Vitavia Saturn 9900 9,9 m\u00b2"},"content":{"rendered":"<h3><strong>Vitavia SATRUN &#8211; \u0161iltnamis su patraukliu dizainu ir rytieti\u0161ku bei pasaki\u0161ku poj\u016b\u010diu.<\/strong><\/h3>\n<p>2,64 m plo\u010dio ir 2,55 m auk\u0161\u010dio \u0161iltnamis yra penki\u0173 skirting\u0173 ilgi\u0173.<br \/>\nJaukus ir \u0161viesus \u0161iltnamis suteikia pakankamai vietos augalams auginti bei poilsio kampel\u012f su \u0161eima ir draugais.<\/p>\n<p>\u0160iltnamio priekyje yra dvigubos stumdomos durys, kurios gali b\u016bti tvirtinamos skirtingose atvirose pad\u0117tyse.<\/p>\n<p>Priklausomai nuo dyd\u017eio, Saturno \u0161iltnamiai turi nuo vieno iki keturi\u0173 stoglangi\u0173.<br \/>\nStandartin\u0117je komplektacijoje taip pat yra lietaus vamzd\u017eiai.<\/p>\n<p><strong>Skirting\u0173 Saturno \u0161iltnamio modeli\u0173 dyd\u017ei\u0173 lentel\u0117:<\/strong><\/p>\n<div class=\"tabel-scroll-x\">\n<table class=\"spec\" border=\"0\">\n<tbody>\n<tr>\n<th style=\"text-align: left;\" width=\"90\">Modelis<\/th>\n<th style=\"text-align: left;\" width=\"72\">Plotas<\/th>\n<th style=\"text-align: left;\" width=\"72\">Ilgis<\/th>\n<th style=\"text-align: left;\" width=\"72\">Plotis<\/th>\n<th style=\"text-align: left;\" width=\"72\">\u0160onin\u0117 pus\u0117<\/th>\n<th style=\"text-align: left;\" width=\"72\">Auk\u0161tis<\/th>\n<th style=\"text-align: left;\" width=\"50\">Aknaid<\/th>\n<\/tr>\n<tr>\n<td>Satrun 5000<\/td>\n<td>5<sup>.0m2<\/sup><\/td>\n<td>1.95m<\/td>\n<td>2,64 m<\/td>\n<td><\/td>\n<td>2,55 m<\/td>\n<td>1<\/td>\n<\/tr>\n<tr>\n<td>Saturnas 6700<\/td>\n<td>6<sup>.7m2<\/sup><\/td>\n<td>2.58m<\/td>\n<td>2,64 m<\/td>\n<td><\/td>\n<td>2,55 m<\/td>\n<td>2<\/td>\n<\/tr>\n<tr>\n<td>Saturnas 8300<\/td>\n<td>8<sup>.3m2<\/sup><\/td>\n<td>3.21m<\/td>\n<td>2,64 m<\/td>\n<td><\/td>\n<td>2,55 m<\/td>\n<td>2<\/td>\n<\/tr>\n<tr>\n<td>Saturnas 9900<\/td>\n<td>9<sup>.9m2<\/sup><\/td>\n<td>3,83 m<\/td>\n<td>2,64 m<\/td>\n<td><\/td>\n<td>2,55 m<\/td>\n<td>4<\/td>\n<\/tr>\n<tr>\n<td>Saturnas 11500<\/td>\n<td>11<sup>.5m2<\/sup><\/td>\n<td>4,45 m<\/td>\n<td>2,64 m<\/td>\n<td><\/td>\n<td>2,55 m<\/td>\n<td>4<\/td>\n<\/tr>\n<\/tbody>\n<\/table>\n<\/div>\n<p><em>&#8211; galima \u012fsigyti pilkos ir \u017ealios spalvos<br \/>\n&#8211; priklausomai nuo modelio, galima rinktis 3 mm stikl\u0105 arba gr\u016bdint\u0105 dang\u0105<br \/>\n&#8211; priekyje dvi stumdomos durys<br \/>\n&#8211; priklausomai nuo dyd\u017eio, nuo 1 iki 4 stoglangi\u0173<br \/>\n&#8211; vis\u0173 modeli\u0173 bazinis r\u0117mas<\/em><\/p>\n<p>R\u0117mas pagamintas i\u0161 anoduoto aliuminio (aliuminiui suteikiama ilgalaik\u0117 gra\u017ei i\u0161vaizda ir ilgaam\u017ei\u0161kumas), j\u012f taip pat galima da\u017eyti milteliniu b\u016bdu.<\/p>\n<p>Galima u\u017esisakyti \u012fvairi\u0173 papildom\u0173 pried\u0173: lang\u0105, apatin\u012f v\u0117dinimo liuk\u0105, automatin\u012f lango atidarym\u0105, pagrindo r\u0117m\u0105, vidines lentynas ir t. t.<\/p>\n<p><strong><a href=\"http:\/\/mwlconstruct.eu\/e-pood\/tootekategooria\/kasvuhoone-lisavarustus\/\" target=\"_blank\" rel=\"noopener noreferrer\">\u017dr. priedus<\/a><\/strong><\/p>\n<p><em>Fondas tikrai n\u0117ra b\u016btinas, bet pageidautinas.<br \/>\nJei \u0161iltnamis turi pagrindo r\u0117m\u0105, j\u012f galima pritvirtinti prie \u017eol\u0117s ar bet kokio kito paruo\u0161to pavir\u0161iaus.<br \/>\n\u012e kain\u0105 ne\u012fskai\u010diuotas pagrindinis r\u0117mas.<\/em><\/p>\n<h3><a href=\"https:\/\/youtu.be\/-4zXyeMetnM\" target=\"_blank\" rel=\"noopener noreferrer\">&#8220;Vitavia&#8221; demonstracinis vaizdo \u012fra\u0161as  <\/a><\/h3>\n","protected":false},"excerpt":{"rendered":"<p><span>Bendri \u0161iltnamio matmenys 2,64m x 3,84m<\/span><br \/>\n<span><a href=\"https:\/\/vitavia.ee\/wp-content\/uploads\/2017\/10\/Kasvuhoone-Saturn-paigaldusjuhend.pdf#page=18\" class=\"alus_rm\" target=\"blanc\" rel=\"noopener\"><span class=\"alus_rm_bold\">NB!<\/span> \u0160iltnamio pagrindo r\u0117mo i\u0161orinius matmenis \u017er. \u010dia<\/a><\/span><br \/>\n<span style=\"color: #f5bd2f;\"><strong>M\u0117nesin\u0117 \u012fmoka al. 118,25 \u20ac<\/strong><\/span><\/p>\n","protected":false},"featured_media":13206,"comment_status":"closed","ping_status":"closed","template":"","meta":[],"product_brand":[],"product_cat":[982],"product_tag":[559,1607,1608,399,400,401,402,403,475],"class_list":{"0":"post-19019","1":"product","2":"type-product","3":"status-publish","4":"has-post-thumbnail","6":"product_cat-saturn-lt","7":"product_tag-saturn-lt","8":"product_tag-grudintas-stiklas","9":"product_tag-stiklo","10":"product_tag-siltnamis","11":"product_tag-siltnamiai","12":"product_tag-siltnamis-lt","13":"product_tag-siltnamis-lt-2","14":"product_tag-siltnamiai-lt","15":"product_tag-vitavia-lt","16":"pa_kattematerjal-stiklas","17":"pa_kattematerjal-grudintas-stiklas","18":"pa_kulje-korgus-182-m-lt","19":"pa_laius-264-m-lt","20":"pa_pikkus-384-m-lt","21":"pa_pindala-99-m2-lt","22":"pa_pindala_vahemik-9-12-m-lt","23":"pa_tipu-korgus-255-m-lt","24":"pa_varv-sale","25":"infinite-scroll-item","26":"no-featured-image-padding","27":"sales-flash-overlay","28":"woocommerce-text-align-left","29":"woocommerce-image-align-center","30":"do-quantity-buttons","32":"first","33":"instock","34":"shipping-taxable","35":"purchasable","36":"product-type-variable"},"_links":{"self":[{"href":"https:\/\/vitavia.lt\/kasvuhoone\/wp-json\/wp\/v2\/product\/19019","targetHints":{"allow":["GET"]}}],"collection":[{"href":"https:\/\/vitavia.lt\/kasvuhoone\/wp-json\/wp\/v2\/product"}],"about":[{"href":"https:\/\/vitavia.lt\/kasvuhoone\/wp-json\/wp\/v2\/types\/product"}],"replies":[{"embeddable":true,"href":"https:\/\/vitavia.lt\/kasvuhoone\/wp-json\/wp\/v2\/comments?post=19019"}],"wp:featuredmedia":[{"embeddable":true,"href":"https:\/\/vitavia.lt\/kasvuhoone\/wp-json\/wp\/v2\/media\/13206"}],"wp:attachment":[{"href":"https:\/\/vitavia.lt\/kasvuhoone\/wp-json\/wp\/v2\/media?parent=19019"}],"wp:term":[{"taxonomy":"product_brand","embeddable":true,"href":"https:\/\/vitavia.lt\/kasvuhoone\/wp-json\/wp\/v2\/product_brand?post=19019"},{"taxonomy":"product_cat","embeddable":true,"href":"https:\/\/vitavia.lt\/kasvuhoone\/wp-json\/wp\/v2\/product_cat?post=19019"},{"taxonomy":"product_tag","embeddable":true,"href":"https:\/\/vitavia.lt\/kasvuhoone\/wp-json\/wp\/v2\/product_tag?post=19019"}],"curies":[{"name":"wp","href":"https:\/\/api.w.org\/{rel}","templated":true}]}}