{"id":18311,"date":"2015-12-30T19:31:14","date_gmt":"2023-05-18T18:06:24","guid":{"rendered":"https:\/\/vitavia.ee\/kasvuhoone\/toode\/siltnamis-vitavia-venus-7500\/"},"modified":"2025-03-19T23:19:27","modified_gmt":"2025-03-19T20:19:27","slug":"siltnamis-vitavija-venus","status":"publish","type":"product","link":"https:\/\/vitavia.lt\/kasvuhoone\/toode\/siltnamis-vitavija-venus\/","title":{"rendered":"\u0160iltnamis Vitavia Venus 7500"},"content":{"rendered":"<h3><strong>Vitavia VENUS &#8211; idealus \u0161iltnamis, tinkantis daugumai sodinink\u0173 \/ 1,93 mx 3,84 m.<\/strong><\/h3>\n<p>1,93 m plo\u010dio \u0161iltnam\u012f galima \u012fsigyti penki\u0173 skirting\u0173 ilgi\u0173.<br \/>\nTod\u0117l ma\u017eesni\u0173 dyd\u017ei\u0173 jis tinka pradedantiesiems, o didesni\u0173 dyd\u017ei\u0173 &#8211; pa\u017eengusiems ir patyrusiems sodininkams.<\/p>\n<p><em>&#8211; Galima \u012fsigyti i\u0161 3 mm stiklo, gr\u016bdinto stiklo ir 4 mm polikarbonato.<\/em><br \/>\n<em>  &#8211; Galimos spalvos: anoduota pilka ir milteliniu b\u016bdu da\u017eyta \u017ealia arba juoda<\/em><br \/>\n<em>  &#8211; Galima rinktis i\u0161 penki\u0173 skirting\u0173 dyd\u017ei\u0173.<br \/>\n&#8211; Taip pat galima atskirai u\u017esakyti r\u0117m\u0105, dangt\u012f ir pagrindo r\u0117m\u0105. Jei susidom\u0117jote, papra\u0161ykite pateikti pasi\u016blym\u0105.<\/em><\/p>\n<p>\u0160iltnamis turi vienas stumdomas duris, kurias galima atidaryti de\u0161in\u0117je arba kair\u0117je pus\u0117je. Atidarytas duris taip pat galima u\u017efiksuoti skirtingose atidarytose pad\u0117tyse.<\/p>\n<p>Priklausomai nuo dyd\u017eio, Venus \u0161iltnamiuose yra vienas arba du stoglangiai.<\/p>\n<p><strong>Dyd\u017ei\u0173 lentel\u0117 skirtingiems Venus \u0161iltnamio modeliams:<\/strong><\/p>\n<div class=\"tabel-scroll-x\">\n<table class=\"spec\" border=\"0\">\n<tbody>\n<tr>\n<th style=\"text-align: left;\" width=\"90\">Modelis<\/th>\n<th style=\"text-align: left;\" width=\"72\">Plotas<\/th>\n<th style=\"text-align: left;\" width=\"72\">Ilgis<\/th>\n<th style=\"text-align: left;\" width=\"72\">Plotis<\/th>\n<th style=\"text-align: left;\" width=\"72\">\u0160onin\u0117 pus\u0117<\/th>\n<th style=\"text-align: left;\" width=\"72\">Auk\u0161tis<\/th>\n<th style=\"text-align: left;\" width=\"50\">Aknaid<\/th>\n<\/tr>\n<tr>\n<td>Venus 2500<\/td>\n<td>2<sup>.5m2<\/sup><\/td>\n<td>1.31m<\/td>\n<td>1.93m<\/td>\n<td>1.24m<\/td>\n<td>1.97m<\/td>\n<td>1<\/td>\n<\/tr>\n<tr>\n<td>Venus 3800<\/td>\n<td>3<sup>.8m2<\/sup><\/td>\n<td>1.95m<\/td>\n<td>1.93m<\/td>\n<td>1.24m<\/td>\n<td>1.97m<\/td>\n<td>1<\/td>\n<\/tr>\n<tr>\n<td>Venus 5000<\/td>\n<td>5<sup>.0m2<\/sup><\/td>\n<td>2.57m<\/td>\n<td>1.93m<\/td>\n<td>1.24m<\/td>\n<td>1.97m<\/td>\n<td>1<\/td>\n<\/tr>\n<tr>\n<td>Venus 6200<\/td>\n<td>6<sup>.2m2<\/sup><\/td>\n<td>3.21m<\/td>\n<td>1.93m<\/td>\n<td>1.24m<\/td>\n<td>1.97m<\/td>\n<td>2<\/td>\n<\/tr>\n<tr>\n<td>Venus 7500<\/td>\n<td>7<sup>.5m2<\/sup><\/td>\n<td>3.84m<\/td>\n<td>1.93m<\/td>\n<td>1.24m<\/td>\n<td>1.97m<\/td>\n<td>2<\/td>\n<\/tr>\n<\/tbody>\n<\/table>\n<\/div>\n<p><em>&#8211; spalv\u0173 pasirinkimas yra pilka ir milteliniu b\u016bdu padengta juoda arba \u017ealia<br \/>\n &#8211; kaip dang\u0105 galite rinktis 3 mm stikl\u0105, gr\u016bdint\u0105 stikl\u0105 arba 4 mm polikarbonat\u0105<br \/>\n &#8211; vienos stumdomos durys priekyje<br \/>\n &#8211; 1 arba 2 stoglangiai, priklausomai nuo dyd\u017eio<br \/>\n &#8211; Pagrindinis r\u0117mas visuose modeliuose<\/em><\/p>\n<p>R\u0117mas pagamintas i\u0161 anoduoto aliuminio (ilgaam\u017e\u0117 gra\u017ei i\u0161vaizda ir aliuminio patvarumas), taip pat galima \u012fsigyti milteliniu b\u016bdu da\u017eyt\u0105.<\/p>\n<p>Galima u\u017esisakyti \u012fvairi\u0173 papildom\u0173 pried\u0173: lang\u0105, apatin\u012f v\u0117dinimo liuk\u0105, automatin\u012f lango atidarym\u0105, pagrindo r\u0117m\u0105, vidines lentynas ir t. t.<\/p>\n<h4><strong><a href=\"http:\/\/mwlconstruct.eu\/e-pood\/tootekategooria\/kasvuhoone-lisavarustus\/\" target=\"_blank\" rel=\"noopener noreferrer\">\u017dr. priedus<\/a><\/strong><\/h4>\n<p><em>Pamatas n\u0117ra grie\u017etai b\u016btinas, bet rekomenduojamas.<br \/>\n Jei \u0161iltnamis turi pagrindin\u012f karkas\u0105, j\u012f galima pritvirtinti prie \u017eem\u0117s arba ant kito paruo\u0161to pavir\u0161iaus (medin\u0117s terasos ar akmeninio pavir\u0161iaus).<br \/>\n \u012e prek\u0117s kain\u0105 bazinis r\u0117mas ne\u012fskai\u010diuotas.<\/em><\/p>\n<h3><a href=\"https:\/\/youtu.be\/-4zXyeMetnM\" target=\"_blank\" rel=\"noopener noreferrer\">&#8220;Vitavia&#8221; demonstracinis vaizdo \u012fra\u0161as  <\/a><\/h3>\n","protected":false},"excerpt":{"rendered":"<p><span title=\"Visus matmenis \u017er. toliau pateiktoje lentel\u0117je\">1,93 m x 3,84 m = 7,5 m\u00b2<\/span><br \/>\n <a class=\"alus_rm\" href=\"https:\/\/vitavia.ee\/wp-content\/uploads\/2020\/05\/Kasvuhoone-Venus-6200-7500-paigaldusjuhend.pdf#page=42\" target=\"blanc\" rel=\"noopener\"><span class=\"alus_rm_bold\">NB!<\/span> \u0160iltnamio pagrindo r\u0117mo i\u0161orinius matmenis \u017ei\u016br\u0117kite \u010dia.<\/a><br \/>\n <span style=\"color: #f5bd2f;\"><strong>M\u0117nesio \u012fmokos prad\u017eia. 82,17 \u20ac<\/strong><\/span><\/p>\n","protected":false},"featured_media":11522,"comment_status":"closed","ping_status":"closed","template":"","meta":[],"product_brand":[],"product_cat":[984],"product_tag":[997,1607,399,1608,400,1609,401,402,403],"class_list":{"0":"post-18311","1":"product","2":"type-product","3":"status-publish","4":"has-post-thumbnail","6":"product_cat-venus-lt","7":"product_tag-venus-lt","8":"product_tag-grudintas-stiklas","9":"product_tag-siltnamis","10":"product_tag-stiklo","11":"product_tag-siltnamiai","12":"product_tag-polikarbonatas","13":"product_tag-siltnamis-lt","14":"product_tag-siltnamis-lt-2","15":"product_tag-siltnamiai-lt","16":"pa_kattematerjal-polikarbonatas","17":"pa_kattematerjal-stiklas","18":"pa_kattematerjal-grudintas-stiklas","19":"pa_kulje-korgus-124-m-lt","20":"pa_laius-193-m-lt","21":"pa_pikkus-384-m-lt","22":"pa_pindala-75-m2-lt","23":"pa_pindala_vahemik-5-9-m-lt","24":"pa_tipu-korgus-197-m-lt","25":"pa_varv-sale","26":"pa_varv-juodas","27":"infinite-scroll-item","28":"no-featured-image-padding","29":"sales-flash-overlay","30":"woocommerce-text-align-left","31":"woocommerce-image-align-center","32":"do-quantity-buttons","34":"first","35":"instock","36":"shipping-taxable","37":"purchasable","38":"product-type-variable"},"_links":{"self":[{"href":"https:\/\/vitavia.lt\/kasvuhoone\/wp-json\/wp\/v2\/product\/18311","targetHints":{"allow":["GET"]}}],"collection":[{"href":"https:\/\/vitavia.lt\/kasvuhoone\/wp-json\/wp\/v2\/product"}],"about":[{"href":"https:\/\/vitavia.lt\/kasvuhoone\/wp-json\/wp\/v2\/types\/product"}],"replies":[{"embeddable":true,"href":"https:\/\/vitavia.lt\/kasvuhoone\/wp-json\/wp\/v2\/comments?post=18311"}],"wp:featuredmedia":[{"embeddable":true,"href":"https:\/\/vitavia.lt\/kasvuhoone\/wp-json\/wp\/v2\/media\/11522"}],"wp:attachment":[{"href":"https:\/\/vitavia.lt\/kasvuhoone\/wp-json\/wp\/v2\/media?parent=18311"}],"wp:term":[{"taxonomy":"product_brand","embeddable":true,"href":"https:\/\/vitavia.lt\/kasvuhoone\/wp-json\/wp\/v2\/product_brand?post=18311"},{"taxonomy":"product_cat","embeddable":true,"href":"https:\/\/vitavia.lt\/kasvuhoone\/wp-json\/wp\/v2\/product_cat?post=18311"},{"taxonomy":"product_tag","embeddable":true,"href":"https:\/\/vitavia.lt\/kasvuhoone\/wp-json\/wp\/v2\/product_tag?post=18311"}],"curies":[{"name":"wp","href":"https:\/\/api.w.org\/{rel}","templated":true}]}}