{"id":18298,"date":"2015-12-30T13:19:49","date_gmt":"2015-12-30T13:19:49","guid":{"rendered":"https:\/\/vitavia.ee\/kasvuhoone\/toode\/siltnamis-vitavia-venus-5000\/"},"modified":"2023-05-18T21:06:22","modified_gmt":"2023-05-18T18:06:22","slug":"kasvuhoone-vitavia-venus-5000-5-m2","status":"publish","type":"product","link":"https:\/\/vitavia.lt\/kasvuhoone\/toode\/kasvuhoone-vitavia-venus-5000-5-m2\/","title":{"rendered":"\u0160iltnamis &#8220;Vitavia Venus 5000"},"content":{"rendered":"<h3><strong>&#8220;Vitavia VENUS&#8221; &#8211; idealus \u0161iltnamis daugumai sodinink\u0173 \/ 1,93 m x 2,57 m.<\/strong><\/h3>\n<p>1,93 m plo\u010dio \u0161iltnam\u012f galima \u012fsigyti penki\u0173 skirting\u0173 ilgi\u0173.<br \/>\nTod\u0117l ma\u017eesni\u0173 dyd\u017ei\u0173 jis tinka pradedantiesiems, o didesni\u0173 dyd\u017ei\u0173 &#8211; pa\u017eengusiems ir patyrusiems sodininkams.<\/p>\n<p>\u0160iltnamyje yra vienos stumdomos durys, kurias galima pastumti \u012f de\u0161in\u0119 arba \u012f kair\u0119 ir atidaryti. Atidarytas duris taip pat galima u\u017efiksuoti skirtingose atidarytose pad\u0117tyse.<\/p>\n<p>Priklausomai nuo dyd\u017eio, &#8220;Venus&#8221; \u0161iltnamiuose yra vienas arba du stoglangiai.<\/p>\n<p><strong>&#8220;Venus&#8221; \u0161iltnami\u0173 dyd\u017ei\u0173 lentel\u0117 skirtingiems modeliams:<\/strong><\/p>\n<div class=\"tabel-scroll-x\">\n<table class=\"spec\" border=\"0\">\n<tbody>\n<tr>\n<th style=\"text-align: left;\" width=\"90\">Modelis<\/th>\n<th style=\"text-align: left;\" width=\"72\">Plotas<\/th>\n<th style=\"text-align: left;\" width=\"72\">Ilgis<\/th>\n<th style=\"text-align: left;\" width=\"72\">Plotis<\/th>\n<th style=\"text-align: left;\" width=\"72\">\u0160onin\u0117 pus\u0117<\/th>\n<th style=\"text-align: left;\" width=\"72\">Auk\u0161tis<\/th>\n<th style=\"text-align: left;\" width=\"50\">Aknaid<\/th>\n<\/tr>\n<tr>\n<td>Venera 2500<\/td>\n<td>2<sup>.5m2<\/sup><\/td>\n<td>1.31m<\/td>\n<td>1.93m<\/td>\n<td>1.24m<\/td>\n<td>1.97m<\/td>\n<td>1<\/td>\n<\/tr>\n<tr>\n<td>Venus 3800<\/td>\n<td>3<sup>.8m2<\/sup><\/td>\n<td>1.95m<\/td>\n<td>1.93m<\/td>\n<td>1.24m<\/td>\n<td>1.97m<\/td>\n<td>1<\/td>\n<\/tr>\n<tr>\n<td>Venus 5000<\/td>\n<td>5<sup>.0m2<\/sup><\/td>\n<td>2.57m<\/td>\n<td>1.93m<\/td>\n<td>1.24m<\/td>\n<td>1.97m<\/td>\n<td>1<\/td>\n<\/tr>\n<tr>\n<td>Venus 6200<\/td>\n<td>6<sup>.2m2<\/sup><\/td>\n<td>3.21m<\/td>\n<td>1.93m<\/td>\n<td>1.24m<\/td>\n<td>1.97m<\/td>\n<td>2<\/td>\n<\/tr>\n<tr>\n<td>Venus 7500<\/td>\n<td>7<sup>.5m2<\/sup><\/td>\n<td>3.84m<\/td>\n<td>1.93m<\/td>\n<td>1.24m<\/td>\n<td>1.97m<\/td>\n<td>2<\/td>\n<\/tr>\n<\/tbody>\n<\/table>\n<\/div>\n<p><em>&#8211; galima \u012fsigyti pilkos ir \u017ealios spalvos<br \/>\n&#8211; 3 mm stiklo, gr\u016bdinto stiklo arba 4 mm polikarbonato dang\u010dio pasirinkimas<br \/>\n&#8211; priekin\u0117s vienos stumdomos durys<br \/>\n&#8211; 1 arba 2 stoglangiai, priklausomai nuo dyd\u017eio<br \/>\n&#8211; vis\u0173 modeli\u0173 bazinis r\u0117mas<\/em><\/p>\n<p>R\u0117mas pagamintas i\u0161 anoduoto aliuminio (aliuminiui suteikiama ilgalaik\u0117 gra\u017ei i\u0161vaizda ir ilgaam\u017ei\u0161kumas), j\u012f taip pat galima da\u017eyti milteliniu b\u016bdu.<\/p>\n<p>Galima u\u017esisakyti \u012fvairi\u0173 papildom\u0173 pried\u0173: lang\u0105, apatin\u012f v\u0117dinimo liuk\u0105, automatin\u012f lango atidarym\u0105, pagrindo r\u0117m\u0105, vidines lentynas ir t. t.<\/p>\n<h4><strong><a href=\"http:\/\/mwlconstruct.eu\/e-pood\/tootekategooria\/kasvuhoone-lisavarustus\/\" target=\"_blank\" rel=\"noopener noreferrer\">\u017dr. priedus<\/a><\/strong><\/h4>\n<p><em>Fondas tikrai n\u0117ra b\u016btinas, bet pageidautinas.<br \/>\nJei \u0161iltnamis turi pagrindo r\u0117m\u0105, j\u012f galima pritvirtinti prie \u017eol\u0117s ar bet kokio kito paruo\u0161to pavir\u0161iaus.<br \/>\n\u012e kain\u0105 ne\u012fskai\u010diuotas pagrindinis r\u0117mas.<\/em><\/p>\n<h3><a href=\"https:\/\/youtu.be\/-4zXyeMetnM\" target=\"_blank\" rel=\"noopener noreferrer\">&#8220;Vitavia&#8221; demonstracinis vaizdo \u012fra\u0161as  <\/a><\/h3>\n","protected":false},"excerpt":{"rendered":"<p><span title=\"Visus matmenis \u017er. toliau pateiktoje lentel\u0117je\">1,93 m x 2,57 m = 5 m\u00b2<\/span><br \/>\n<a class=\"alus_rm\" href=\"https:\/\/vitavia.ee\/wp-content\/uploads\/2018\/04\/Paigaldusjuhend_venus-2500-5000.pdf#page=42\" target=\"blanc\" rel=\"noopener\">NB! \u0160iltnamio pagrindo r\u0117mo i\u0161orinius matmenis \u017er. \u010dia<\/a><br \/>\n<span style=\"color: #f5bd2f;\"><strong>M\u0117nesinis mokestis nuo 41,33 \u20ac<\/strong><\/span><\/p>\n","protected":false},"featured_media":11691,"comment_status":"open","ping_status":"closed","template":"","meta":[],"product_brand":[],"product_cat":[984],"product_tag":[997,399,400,1607,401,1608,402,1609,403],"class_list":{"0":"post-18298","1":"product","2":"type-product","3":"status-publish","4":"has-post-thumbnail","6":"product_cat-venus-lt","7":"product_tag-venus-lt","8":"product_tag-siltnamis","9":"product_tag-siltnamiai","10":"product_tag-grudintas-stiklas","11":"product_tag-siltnamis-lt","12":"product_tag-stiklo","13":"product_tag-siltnamis-lt-2","14":"product_tag-polikarbonatas","15":"product_tag-siltnamiai-lt","16":"pa_kattematerjal-polikarbonatas","17":"pa_kattematerjal-stiklas","18":"pa_kattematerjal-grudintas-stiklas","19":"pa_kulje-korgus-124-m-lt","20":"pa_laius-193-m-lt","21":"pa_pikkus-258-m-lt","22":"pa_pindala-5-m2-lt","23":"pa_pindala_vahemik-09-5-m-lt","24":"pa_tipu-korgus-197-m-lt","25":"pa_varv-zalias","26":"pa_varv-sale","27":"pa_varv-juodas","28":"infinite-scroll-item","29":"no-featured-image-padding","30":"sales-flash-overlay","31":"woocommerce-text-align-left","32":"woocommerce-image-align-center","33":"do-quantity-buttons","35":"first","36":"instock","37":"shipping-taxable","38":"purchasable","39":"product-type-variable"},"_links":{"self":[{"href":"https:\/\/vitavia.lt\/kasvuhoone\/wp-json\/wp\/v2\/product\/18298","targetHints":{"allow":["GET"]}}],"collection":[{"href":"https:\/\/vitavia.lt\/kasvuhoone\/wp-json\/wp\/v2\/product"}],"about":[{"href":"https:\/\/vitavia.lt\/kasvuhoone\/wp-json\/wp\/v2\/types\/product"}],"replies":[{"embeddable":true,"href":"https:\/\/vitavia.lt\/kasvuhoone\/wp-json\/wp\/v2\/comments?post=18298"}],"wp:featuredmedia":[{"embeddable":true,"href":"https:\/\/vitavia.lt\/kasvuhoone\/wp-json\/wp\/v2\/media\/11691"}],"wp:attachment":[{"href":"https:\/\/vitavia.lt\/kasvuhoone\/wp-json\/wp\/v2\/media?parent=18298"}],"wp:term":[{"taxonomy":"product_brand","embeddable":true,"href":"https:\/\/vitavia.lt\/kasvuhoone\/wp-json\/wp\/v2\/product_brand?post=18298"},{"taxonomy":"product_cat","embeddable":true,"href":"https:\/\/vitavia.lt\/kasvuhoone\/wp-json\/wp\/v2\/product_cat?post=18298"},{"taxonomy":"product_tag","embeddable":true,"href":"https:\/\/vitavia.lt\/kasvuhoone\/wp-json\/wp\/v2\/product_tag?post=18298"}],"curies":[{"name":"wp","href":"https:\/\/api.w.org\/{rel}","templated":true}]}}