{"id":17878,"date":"2016-01-01T17:15:03","date_gmt":"2016-01-01T17:15:03","guid":{"rendered":"https:\/\/vitavia.ee\/kasvuhoone\/toode\/siltnamis-vitavia-jupiter-11500-115m%c2%b2\/"},"modified":"2023-05-18T20:37:36","modified_gmt":"2023-05-18T17:37:36","slug":"siltnamiai-vitavija-jupiteris-11500","status":"publish","type":"product","link":"https:\/\/vitavia.lt\/kasvuhoone\/toode\/siltnamiai-vitavija-jupiteris-11500\/","title":{"rendered":"\u0160iltnamis &#8220;Vitavia Jupiter&#8221; 11500 \/ 11,5m\u00b2"},"content":{"rendered":"<h3><strong>&#8220;Vitavia JUPITER&#8221; &#8211; eleganti\u0161kas dani\u0161kas \u0161iltnamis su erdviu \u012f\u0117jimu.<\/strong><\/h3>\n<p>2,57 m plo\u010dio \u0161iltnam\u012f galima \u012fsigyti keturi\u0173 skirting\u0173 ilgi\u0173.<br \/>\nErdviame \u0161iltnamyje yra vietos ir augalams, ir patogiai poilsio zonai.<\/p>\n<p>Jupiterio \u0161iltnamiuose taip pat yra daug erdv\u0117s b\u016bti unikaliems ir \u012fdomiems.<\/p>\n<p>\u0160iltnamio priekyje yra dvigubos stumdomos 1,75 m auk\u0161\u010dio durys. Durys gali b\u016bti fiksuojamos skirtingose atidarymo pad\u0117tyse.<\/p>\n<p>Priklausomai nuo dyd\u017eio, &#8220;Jupiter&#8221; \u0161iltnamiai standarti\u0161kai turi nuo dviej\u0173 iki keturi\u0173 stoglangi\u0173.<\/p>\n<p><strong>&#8220;Jupiter&#8221; \u0161iltnami\u0173 dyd\u017ei\u0173 lentel\u0117 skirtingiems modeliams:<\/strong><\/p>\n<div class=\"tabel-scroll-x\">\n<table class=\"spec\" border=\"0\">\n<tbody>\n<tr>\n<th style=\"text-align: left;\" width=\"90\">Modelis<\/th>\n<th style=\"text-align: left;\" width=\"72\">Plotas<\/th>\n<th style=\"text-align: left;\" width=\"72\">Ilgis<\/th>\n<th style=\"text-align: left;\" width=\"72\">Plotis<\/th>\n<th style=\"text-align: left;\" width=\"72\">\u0160onin\u0117 pus\u0117<\/th>\n<th style=\"text-align: left;\" width=\"72\">Auk\u0161tis<\/th>\n<th style=\"text-align: left;\" width=\"50\">Aknaid<\/th>\n<\/tr>\n<tr>\n<td>Jupiter 6700<\/td>\n<td>6<sup>.7m2<\/sup><\/td>\n<td>2.58m<\/td>\n<td>2.57m<\/td>\n<td>1.51m<\/td>\n<td>2.46m<\/td>\n<td>2<\/td>\n<\/tr>\n<tr>\n<td>Jupiter 8300<\/td>\n<td>8<sup>.3m2<\/sup><\/td>\n<td>3.21m<\/td>\n<td>2.57m<\/td>\n<td>1.51m<\/td>\n<td>2.46m<\/td>\n<td>4<\/td>\n<\/tr>\n<tr>\n<td>Jupiter 9900<\/td>\n<td>9<sup>.9m2<\/sup><\/td>\n<td>3.84m<\/td>\n<td>2.57m<\/td>\n<td>1.51m<\/td>\n<td>2.46m<\/td>\n<td>4<\/td>\n<\/tr>\n<tr>\n<td>Jupiter 11500<\/td>\n<td>11<sup>.5m2<\/sup><\/td>\n<td>4.46m<\/td>\n<td>2.57m<\/td>\n<td>1.51m<\/td>\n<td>2.46m<\/td>\n<td>4<\/td>\n<\/tr>\n<\/tbody>\n<\/table>\n<\/div>\n<p><em>&#8211; Galimos pilkos ir \u017ealios spalvos. Dviej\u0173 didesni\u0173 modeli\u0173 juoda spalva.<br \/>\n&#8211; Galima dengti 3 mm stiklu arba 6 mm polikarbonatu.<br \/>\n&#8211; Dvigubos stumdomos priekin\u0117s durys<br \/>\n&#8211; 2-4 stogo langai<br \/>\n&#8211; Visuose modeliuose galima \u012fsigyti bazin\u012f r\u0117m\u0105<br \/>\n<\/em><\/p>\n<p>R\u0117mas pagamintas i\u0161 anoduoto aliuminio (aliuminiui suteikiama ilgalaik\u0117 gra\u017ei i\u0161vaizda ir ilgaam\u017ei\u0161kumas), j\u012f taip pat galima da\u017eyti milteliniu b\u016bdu.<\/p>\n<p>Galima u\u017esisakyti \u012fvairi\u0173 papildom\u0173 pried\u0173: lang\u0105, apatin\u012f v\u0117dinimo liuk\u0105, automatin\u012f lango atidarym\u0105, pagrindo r\u0117m\u0105, vidines lentynas ir t. t.<\/p>\n<p><strong><a href=\"http:\/\/mwlconstruct.eu\/e-pood\/tootekategooria\/kasvuhoone-lisavarustus\/\" target=\"_blank\" rel=\"noopener noreferrer\">\u017dr. priedus<\/a><\/strong><\/p>\n<p><em>Fondas tikrai n\u0117ra b\u016btinas, bet pageidautinas.<br \/>\nJei \u0161iltnamis turi pagrindo r\u0117m\u0105, j\u012f galima pritvirtinti prie \u017eol\u0117s ar bet kokio kito paruo\u0161to pavir\u0161iaus.<br \/>\n\u012e kain\u0105 ne\u012fskai\u010diuotas pagrindinis r\u0117mas.<\/em><\/p>\n<h3><a href=\"https:\/\/youtu.be\/-4zXyeMetnM\" target=\"_blank\" rel=\"noopener noreferrer\">&#8220;Vitavia&#8221; demonstracinis vaizdo \u012fra\u0161as<\/a><\/h3>\n","protected":false},"excerpt":{"rendered":"<p><span title=\"Visus matmenis \u017er. toliau pateiktoje lentel\u0117je\">2,57 m x 4,46 m = 11,5 m\u00b2<\/span><br \/>\n<a style=\"color: #3a3a3a;\" href=\"https:\/\/vitavia.ee\/wp-content\/uploads\/2020\/05\/Kasvuhoone-Jupiter-paigaldusjuhend.pdf#page=20\" target=\"blanc\" rel=\"noopener\">NB! \u0160iltnamio pagrindo r\u0117mo i\u0161oriniai matmenys 2544 mm x 4410 mm<\/a><br \/>\n<span style=\"color: #f5bd2f;\"><strong>M\u0117nesinis mokestis nuo 118,75 \u20ac<\/strong><\/span><\/p>\n","protected":false},"featured_media":12866,"comment_status":"closed","ping_status":"closed","template":"","meta":[],"product_brand":[],"product_cat":[507],"product_tag":[1660,399,400,1607,401,1608,402,1704,1609,403,404,405,1017,1048,475],"class_list":{"0":"post-17878","1":"product","2":"type-product","3":"status-publish","4":"has-post-thumbnail","6":"product_cat-jupiter-lt","7":"product_tag-sonai-is-grudinto-stiklo-ir-stogas-is-polikarbonato","8":"product_tag-siltnamis","9":"product_tag-siltnamiai","10":"product_tag-grudintas-stiklas","11":"product_tag-siltnamis-lt","12":"product_tag-stiklo","13":"product_tag-siltnamis-lt-2","14":"product_tag-sonai-stiklas-ir-stogas-polikarbonatas","15":"product_tag-polikarbonatas","16":"product_tag-siltnamiai-lt","17":"product_tag-triiphone-lt","18":"product_tag-triplex-lt","19":"product_tag-jupiter-lt","20":"product_tag-danijos-siltnamis","21":"product_tag-vitavia-lt","22":"pa_kattematerjal-polikarbonatas-6-mm","23":"pa_kattematerjal-stiklas","24":"pa_kattematerjal-grudintas-stiklas","25":"pa_kulje-korgus-151-m-lt","26":"pa_laius-257-m-lt","27":"pa_pikkus-446-m-lt","28":"pa_pindala-115-m2-lt","29":"pa_pindala_vahemik-9-12-m-lt","30":"pa_tipu-korgus-246-m-lt","31":"pa_varv-juodas","32":"infinite-scroll-item","33":"no-featured-image-padding","34":"sales-flash-overlay","35":"woocommerce-text-align-left","36":"woocommerce-image-align-center","37":"do-quantity-buttons","39":"first","40":"instock","41":"shipping-taxable","42":"purchasable","43":"product-type-variable","44":"has-default-attributes"},"_links":{"self":[{"href":"https:\/\/vitavia.lt\/kasvuhoone\/wp-json\/wp\/v2\/product\/17878","targetHints":{"allow":["GET"]}}],"collection":[{"href":"https:\/\/vitavia.lt\/kasvuhoone\/wp-json\/wp\/v2\/product"}],"about":[{"href":"https:\/\/vitavia.lt\/kasvuhoone\/wp-json\/wp\/v2\/types\/product"}],"replies":[{"embeddable":true,"href":"https:\/\/vitavia.lt\/kasvuhoone\/wp-json\/wp\/v2\/comments?post=17878"}],"wp:featuredmedia":[{"embeddable":true,"href":"https:\/\/vitavia.lt\/kasvuhoone\/wp-json\/wp\/v2\/media\/12866"}],"wp:attachment":[{"href":"https:\/\/vitavia.lt\/kasvuhoone\/wp-json\/wp\/v2\/media?parent=17878"}],"wp:term":[{"taxonomy":"product_brand","embeddable":true,"href":"https:\/\/vitavia.lt\/kasvuhoone\/wp-json\/wp\/v2\/product_brand?post=17878"},{"taxonomy":"product_cat","embeddable":true,"href":"https:\/\/vitavia.lt\/kasvuhoone\/wp-json\/wp\/v2\/product_cat?post=17878"},{"taxonomy":"product_tag","embeddable":true,"href":"https:\/\/vitavia.lt\/kasvuhoone\/wp-json\/wp\/v2\/product_tag?post=17878"}],"curies":[{"name":"wp","href":"https:\/\/api.w.org\/{rel}","templated":true}]}}