{"id":17668,"date":"2023-01-29T16:04:08","date_gmt":"2023-05-18T17:08:46","guid":{"rendered":"https:\/\/vitavia.ee\/kasvuhoone\/toode\/siltnamis-vitavia-urban\/"},"modified":"2023-05-18T20:08:46","modified_gmt":"2023-05-18T17:08:46","slug":"siltnamio-vitavijos-miesto","status":"publish","type":"product","link":"https:\/\/vitavia.lt\/kasvuhoone\/toode\/siltnamio-vitavijos-miesto\/","title":{"rendered":"\u0160iltnamis &#8220;Vitavia Urban"},"content":{"rendered":"<h3><strong>\u0160iltnamis &#8211; Vitavia URBAN \/ stumdomas stoglangis \/ 0,43 m x 0,81 m.<\/strong><\/h3>\n<p>\u0160iltnamis ypa\u010d tinka kaip miesto \u0161iltnamis ir balkono \u0161iltnamis, kuriame galima auginti smulkias dar\u017eoves, prieskonines \u017eoleles ar g\u0117les ribotoje erdv\u0117je.<br \/>\nMiesto \u0161iltnamio priekyje yra stumdomos durys &#8211; 4 stiklo paketai, kuri\u0173 apatinis yra apatiniame tre\u010ddalyje, o vir\u0161utinis &#8211; vir\u0161utin\u0117je dalyje.<br \/>\n\u0160iltnamio apa\u010dioje yra tvirti guma dengti ratai, kuriais prireikus j\u012f lengva perkelti. Ratai turi stabd\u017eius, kad \u0161iltnam\u012f b\u016bt\u0173 galima u\u017efiksuoti vietoje.<br \/>\nD\u0117l tvirto juodu milteliniu b\u016bdu dengto aliuminio r\u0117mo ir 3 mm storio gr\u016bdinto stiklo dang\u010dio jis yra \u0161viesus.<br \/>\n\u0160iltnamio auk\u0161tis &#8211; 1,68 m.<br \/>\n\u0160iltnamis turi lentyn\u0105, kuri\u0105 galima padalyti \u012f sekcijas, pavyzd\u017eiui, 40 cm vir\u0161uje ir 1 m apa\u010dioje. \u0160iltnamis sudarytas i\u0161 atskir\u0173 nuimam\u0173 plok\u0161\u010di\u0173, kurias nu\u0117mus galima auginti augalus visame \u0161iltnamyje.<br \/>\n\u0160iltnamyje taip pat yra 4 pakabinami mai\u0161ai augalams.<\/p>\n<p>Miesto \u0161iltnamyje yra 1 stogo langas.<\/p>\n<p><strong>Miesto \u0161iltnami\u0173 dyd\u017eio lentel\u0117:<\/strong><\/p>\n<div class=\"tabel-scroll-x\">\n<table class=\"spec\" border=\"0\">\n<tbody>\n<tr>\n<th style=\"text-align: left;\" width=\"90\">Modelis<\/th>\n<th style=\"text-align: left;\" width=\"72\">Plotas<\/th>\n<th style=\"text-align: left;\" width=\"72\">Ilgis<\/th>\n<th style=\"text-align: left;\" width=\"72\">Plotis<\/th>\n<th style=\"text-align: left;\" width=\"72\">\u0160onin\u0117 pus\u0117<\/th>\n<th style=\"text-align: left;\" width=\"72\">Auk\u0161tis<\/th>\n<th style=\"text-align: left;\" width=\"50\">Aknaid<\/th>\n<\/tr>\n<tr>\n<td>Miesto<\/td>\n<td>0<sup>.35m2<\/sup><\/td>\n<td>0.43m<\/td>\n<td>0.81m<\/td>\n<td>1.58m<\/td>\n<td>1.68m<\/td>\n<td>1<\/td>\n<\/tr>\n<\/tbody>\n<\/table>\n<\/div>\n<p><em>&#8211; Spalvos pasirinkimas: milteliniu b\u016bdu dengtas juodas aliuminio profili\u0173 r\u0117mas<br \/>\n&#8211; Dengtas 3 mm gr\u016bdintu stiklu<br \/>\n&#8211; 4 stumdomos stiklin\u0117s durys<br \/>\n&#8211; 1 vir\u0161utin\u0117 ventiliacijos anga<br \/>\n&#8211; Pagrindo r\u0117mas su u\u017efiksuojamais ratukais<br \/>\n&#8211; Vidin\u0117s lentynos ir augal\u0173 kabinimo laikikliai<\/em><\/p>\n<p>R\u0117mas pagamintas i\u0161 aliuminio, da\u017eyto juodais milteliais.<\/p>\n<p><strong><a href=\"http:\/\/mwlconstruct.eu\/e-pood\/tootekategooria\/kasvuhoone-lisavarustus\/\" target=\"_blank\" rel=\"noopener noreferrer\">\u017dr. priedus<\/a><\/strong><\/p>\n<h3><a href=\"https:\/\/youtu.be\/-4zXyeMetnM\" target=\"_blank\" rel=\"noopener noreferrer\">&#8220;Vitavia&#8221; demonstracinis vaizdo \u012fra\u0161as  <\/a><\/h3>\n","protected":false},"excerpt":{"rendered":"<p><span title=\"Visus matmenis \u017er. toliau pateiktoje lentel\u0117je\">0,91 m x 0,43 m = 0,35 m\u00b2<\/span><br \/>\n<span style=\"color: #f5bd2f;\"><strong>M\u0117nesinis mokestis nuo 63,25 \u20ac<\/strong><\/span><\/p>\n","protected":false},"featured_media":15756,"comment_status":"closed","ping_status":"closed","template":"","meta":[],"product_brand":[],"product_cat":[1416],"product_tag":[475,1398,399,400,401,402,403,404,405],"class_list":{"0":"post-17668","1":"product","2":"type-product","3":"status-publish","4":"has-post-thumbnail","6":"product_cat-urban-lt","7":"product_tag-vitavia-lt","8":"product_tag-urban-lt","9":"product_tag-siltnamis","10":"product_tag-siltnamiai","11":"product_tag-siltnamis-lt","12":"product_tag-siltnamis-lt-2","13":"product_tag-siltnamiai-lt","14":"product_tag-triiphone-lt","15":"product_tag-triplex-lt","16":"pa_kattematerjal-grudintas-stiklas","17":"pa_kulje-korgus-1-58-m-lt","18":"pa_laius-081-m-lt","19":"pa_pikkus-043m-lt","20":"pa_pindala-032-m-lt","21":"pa_pindala_vahemik-01-09-m-lt","22":"pa_tipu-korgus-168-m-lt","23":"pa_varv-juodas","24":"infinite-scroll-item","25":"no-featured-image-padding","26":"sales-flash-overlay","27":"woocommerce-text-align-left","28":"woocommerce-image-align-center","29":"do-quantity-buttons","31":"first","32":"instock","33":"shipping-taxable","34":"purchasable","35":"product-type-simple"},"_links":{"self":[{"href":"https:\/\/vitavia.lt\/kasvuhoone\/wp-json\/wp\/v2\/product\/17668","targetHints":{"allow":["GET"]}}],"collection":[{"href":"https:\/\/vitavia.lt\/kasvuhoone\/wp-json\/wp\/v2\/product"}],"about":[{"href":"https:\/\/vitavia.lt\/kasvuhoone\/wp-json\/wp\/v2\/types\/product"}],"replies":[{"embeddable":true,"href":"https:\/\/vitavia.lt\/kasvuhoone\/wp-json\/wp\/v2\/comments?post=17668"}],"wp:featuredmedia":[{"embeddable":true,"href":"https:\/\/vitavia.lt\/kasvuhoone\/wp-json\/wp\/v2\/media\/15756"}],"wp:attachment":[{"href":"https:\/\/vitavia.lt\/kasvuhoone\/wp-json\/wp\/v2\/media?parent=17668"}],"wp:term":[{"taxonomy":"product_brand","embeddable":true,"href":"https:\/\/vitavia.lt\/kasvuhoone\/wp-json\/wp\/v2\/product_brand?post=17668"},{"taxonomy":"product_cat","embeddable":true,"href":"https:\/\/vitavia.lt\/kasvuhoone\/wp-json\/wp\/v2\/product_cat?post=17668"},{"taxonomy":"product_tag","embeddable":true,"href":"https:\/\/vitavia.lt\/kasvuhoone\/wp-json\/wp\/v2\/product_tag?post=17668"}],"curies":[{"name":"wp","href":"https:\/\/api.w.org\/{rel}","templated":true}]}}