{"id":17107,"date":"2021-02-22T17:49:04","date_gmt":"2023-05-17T09:42:12","guid":{"rendered":"https:\/\/vitavia.ee\/kasvuhoone\/toode\/siltnamio-r4-plotis-380-m\/"},"modified":"2023-05-17T12:42:12","modified_gmt":"2023-05-17T09:42:12","slug":"greenhouse-r4-width-380-m","status":"publish","type":"product","link":"https:\/\/vitavia.lt\/kasvuhoone\/toode\/greenhouse-r4-width-380-m\/","title":{"rendered":"\u0160iltnamio R4 plotis 3,80 m"},"content":{"rendered":"<p style=\"text-align: left;\">Patrauklus, auk\u0161tos kokyb\u0117s \u0161iltnamis sodininkyst\u0117s entuziastams, kuriems \u0161iltnamis yra <strong>ne tik praktin\u0117 b\u016btinyb\u0117<\/strong>, bet ir <strong>b\u016bdas pagra\u017einti sod\u0105 ir harmoningai prie jo pritapti<\/strong>.<br \/>\nM\u016bs\u0173 <strong>auk\u0161tos klas\u0117s \u0161iltnamiai<\/strong> puikiai tinka visiems sodininkams &#8211; ir tiems, kurie planuoja auginti tik dar\u017eoves, ir tiems, kurie nori juos naudoti kaip viet\u0105 poilsiui ir atsipalaidavimui.<br \/>\nIr visa tai u\u017e <strong>geriausi\u0105<\/strong> kainos ir kokyb\u0117s santyk\u012f!<br \/>\n<strong>R\u0117mo spalva:<\/strong> \u0161iltnam\u012f galima rinktis su pilku aliuminio arba juodu milteliniu b\u016bdu dengtu r\u0117mu. U\u017e papildom\u0105 mokest\u012f \u0161iltnamio r\u0117m\u0105 galime nuda\u017eyti ir kitomis RAL spalvomis.<\/p>\n<p><strong>MATMENYS IR INFORMACIJA:<\/strong><\/p>\n<ul>\n<li>Klasikinis 380 cm plo\u010dio \u0161iltnamis, kur\u012f galima rinktis i\u0161 7 skirting\u0173 ilgi\u0173 arba 7 skirting\u0173 dyd\u017ei\u0173.<\/li>\n<li>Vien\u0173 dur\u0173 matmenys 185 x 68 cm. \u0160iltnam\u012f galima u\u017esakyti su papildomomis durimis, tod\u0117l \u012f\u0117jimas bus platus ir erdvus, o durys atsidarys viena \u012f kit\u0105. Taip pat galima u\u017esisakyti papildomas duris \u0161oninei arba galinei sienelei.<\/li>\n<li>Dideli 78 cm x 73 cm stogo langai u\u017etikrina ger\u0105 oro cirkuliacij\u0105. Stoglangi\u0173 skai\u010dius priklauso nuo \u0161iltnamio dyd\u017eio. Jei reikia, galima u\u017esisakyti papildom\u0173 stoglangi\u0173.<\/li>\n<li>Stogo kraigo auk\u0161tis, \u012fskaitant pagrindo r\u0117m\u0105, yra 283 cm, o \u0161onin\u0117s sienos auk\u0161tis, \u012fskaitant pagrindo r\u0117m\u0105, yra 183 cm.<\/li>\n<li>\u0160iltnamiui suteikiama 12 met\u0173 gamyklin\u0117 garantija.<\/li>\n<\/ul>\n<p><strong>\u0160iltnamis gali b\u016bti tvirtinamas tiesiai prie \u017eem\u0117s su pagrindo r\u0117mu, prie bet kokio paruo\u0161to akmeninio ar medinio pavir\u0161iaus ir, \u017einoma, prie betoninio ar blokinio pamato.<\/strong><br \/>\nTvirtas aliuminio pagrindo r\u0117mas suteikia \u0161iltnamiui daugiau stabilumo ir palengvina surinkim\u0105. Pagrindo r\u0117mas pagamintas i\u0161 tvirto karpinio ir yra dviej\u0173 kamer\u0173, tod\u0117l yra ypa\u010d tvirtas, pavyzd\u017eiui, prie\u0161 \u0161alt\u012f. Prie pagrindo r\u0117mo pritvirtinti inkariniai lynai, kuriuos galima \u012fkasti \u012f \u017eem\u0119 arba supilti \u012f mi\u0161in\u012f. Tod\u0117l subr\u0117mas taip pat gali b\u016bti atskiro pamato pakaitalas.<\/p>\n<p>\u0160iltnamio <strong>4 mm gr\u016bdintas stiklas<\/strong> yra iki 7 kart\u0173 tvirtesnis u\u017e \u012fprast\u0105 \u0161iltnamio stikl\u0105. Tai rei\u0161kia didesn\u012f saugum\u0105 montuojant ir v\u0117liau naudojant. Jei stiklas sudu\u017et\u0173, nelikt\u0173 pavojing\u0173 a\u0161tri\u0173 \u0161uki\u0173, o tik stiklo \u0161uk\u0117s, kaip kad sudu\u017eus automobilio langui. \u0160ios skaldos nepa\u017eeis ir nesutrikdys \u0161iltnamio dirvo\u017eemio.<\/p>\n<p><img loading=\"lazy\" decoding=\"async\" class=\"alignnone size-medium wp-image-10160\" src=\"https:\/\/mwlconstruct.eu\/e-pood\/wp-content\/uploads\/2020\/10\/Tugeva_raamiga_kasvuhoone-300x202.jpg\" alt=\"\" width=\"300\" height=\"202\"><a href=\"https:\/\/mwlconstruct.eu\/e-pood\/wp-content\/uploads\/2020\/10\/ACD-kasvuhooned-ja-aiapaviljonid.jpg\"><img loading=\"lazy\" decoding=\"async\" class=\"alignnone wp-image-10172 size-medium\" src=\"https:\/\/mwlconstruct.eu\/e-pood\/wp-content\/uploads\/2020\/10\/ACD-kasvuhooned-ja-aiapaviljonid-300x225.jpg\" alt=\"\" width=\"300\" height=\"225\"><\/a><\/p>\n<table id=\"customers\">\n<tbody>\n<tr>\n<td class=\"r3ptp\" colspan=\"4\">R4 tipo \u0161iltnamiai yra 7 skirting\u0173 ilgi\u0173:<\/td>\n<\/tr>\n<tr>\n<th>Modelis<\/th>\n<th>Ilgis<\/th>\n<th>M\u00b2<\/th>\n<th>Ventiliacijos liukas<\/th>\n<\/tr>\n<tr>\n<td>R404H<\/td>\n<td>2,98 m<\/td>\n<td>11,32<\/td>\n<td>2<\/td>\n<\/tr>\n<tr>\n<td>R405H<\/td>\n<td>3,71 m<\/td>\n<td>14,10<\/td>\n<td>2<\/td>\n<\/tr>\n<tr>\n<td>R406H<\/td>\n<td>4,45 m<\/td>\n<td>16,91<\/td>\n<td>3<\/td>\n<\/tr>\n<tr>\n<td>R407H<\/td>\n<td>5,19 m<\/td>\n<td>19,72<\/td>\n<td>4<\/td>\n<\/tr>\n<tr>\n<td>R408H<\/td>\n<td>5,93 m<\/td>\n<td>22,53<\/td>\n<td>5<\/td>\n<\/tr>\n<tr>\n<td>R409H<\/td>\n<td>6,67 m<\/td>\n<td>25,35<\/td>\n<td>6<\/td>\n<\/tr>\n<tr>\n<td>R410H<\/td>\n<td>7,41 m<\/td>\n<td>28,16<\/td>\n<td>7<\/td>\n<\/tr>\n<\/tbody>\n<\/table>\n","protected":false},"excerpt":{"rendered":"<p>Plotis 3,80 m x ilgis 2,98-7,41 m = 11,32-28,16 m\u00b2<\/p>\n","protected":false},"featured_media":14562,"comment_status":"closed","ping_status":"closed","template":"","meta":[],"product_brand":[],"product_cat":[408],"product_tag":[405,1607,399,400,401,402,403,1768,404],"class_list":{"0":"post-17107","1":"product","2":"type-product","3":"status-publish","4":"has-post-thumbnail","6":"product_cat-star","7":"product_tag-triplex-lt","8":"product_tag-grudintas-stiklas","9":"product_tag-siltnamis","10":"product_tag-siltnamiai","11":"product_tag-siltnamis-lt","12":"product_tag-siltnamis-lt-2","13":"product_tag-siltnamiai-lt","14":"product_tag-sonai-is-grudinto-stiklo-ir-stogas-is-grudinto-matinio-stiklo","15":"product_tag-triiphone-lt","16":"pa_kattematerjal-sonai-4-mm-grudintas-stiklas-ir-stogas-4-mm-grudintas-matinis-stiklas","17":"pa_kulje-korgus-183-m-lt","18":"pa_laius-38-m-lt","19":"pa_pikkus-741-m-lt","20":"pa_pikkus-371-m-lt","21":"pa_pikkus-519-m-lt","22":"pa_pikkus-593-m-lt","23":"pa_pikkus-445-m-lt","24":"pa_pikkus-298-m-lt","25":"pa_pikkus-667-m-lt","26":"pa_tipu-korgus-283-m-lt","27":"pa_varv-juodos-spalvos-miltelinis-dazymas-ral-9005","28":"pa_varv-milteliniu-budu-dengtas-kitomis-ral-spalvomis","29":"pa_varv-standartinis-aliuminis","30":"infinite-scroll-item","31":"no-featured-image-padding","32":"sales-flash-overlay","33":"woocommerce-text-align-left","34":"woocommerce-image-align-center","35":"do-quantity-buttons","37":"first","38":"instock","39":"sale","40":"shipping-taxable","41":"purchasable","42":"product-type-variable","43":"has-default-attributes"},"_links":{"self":[{"href":"https:\/\/vitavia.lt\/kasvuhoone\/wp-json\/wp\/v2\/product\/17107","targetHints":{"allow":["GET"]}}],"collection":[{"href":"https:\/\/vitavia.lt\/kasvuhoone\/wp-json\/wp\/v2\/product"}],"about":[{"href":"https:\/\/vitavia.lt\/kasvuhoone\/wp-json\/wp\/v2\/types\/product"}],"replies":[{"embeddable":true,"href":"https:\/\/vitavia.lt\/kasvuhoone\/wp-json\/wp\/v2\/comments?post=17107"}],"wp:featuredmedia":[{"embeddable":true,"href":"https:\/\/vitavia.lt\/kasvuhoone\/wp-json\/wp\/v2\/media\/14562"}],"wp:attachment":[{"href":"https:\/\/vitavia.lt\/kasvuhoone\/wp-json\/wp\/v2\/media?parent=17107"}],"wp:term":[{"taxonomy":"product_brand","embeddable":true,"href":"https:\/\/vitavia.lt\/kasvuhoone\/wp-json\/wp\/v2\/product_brand?post=17107"},{"taxonomy":"product_cat","embeddable":true,"href":"https:\/\/vitavia.lt\/kasvuhoone\/wp-json\/wp\/v2\/product_cat?post=17107"},{"taxonomy":"product_tag","embeddable":true,"href":"https:\/\/vitavia.lt\/kasvuhoone\/wp-json\/wp\/v2\/product_tag?post=17107"}],"curies":[{"name":"wp","href":"https:\/\/api.w.org\/{rel}","templated":true}]}}