{"id":17060,"date":"2020-06-02T09:55:21","date_gmt":"2023-05-17T09:42:06","guid":{"rendered":"https:\/\/vitavia.ee\/kasvuhoone\/toode\/geliu-vazonas-su-drekinimo-sistema-pagrindinis-s\/"},"modified":"2023-05-17T12:42:06","modified_gmt":"2023-05-17T09:42:06","slug":"drekinimo-geliu-vazonai-baziniai-s","status":"publish","type":"product","link":"https:\/\/vitavia.lt\/kasvuhoone\/toode\/drekinimo-geliu-vazonai-baziniai-s\/","title":{"rendered":"G\u0117li\u0173 vazonas su dr\u0117kinimo sistema Pagrindinis S"},"content":{"rendered":"<p>Moduliniai vazonai su dr\u0117kinimo sistema leid\u017eia augalus auginti nereikalaujant daug prie\u017ei\u016bros ir taupant viet\u0105. J\u016bs\u0173 augalais bus r\u016bpinamasi 1-6 savaites, o j\u016bs gal\u0117site laisvai ir ramiai i\u0161vykti atostogauti.<\/p>\n<p>Modulinius puodus lengva pastatyti ant stalo, \u017eem\u0117s ar sienos. Dekoratyvus ir taupantis viet\u0105 namuose, sode, <a href=\"https:\/\/vitavia.ee\/kasvuhoone\/tootekategooria\/kasvuhooned\/\">\u0161iltnamyje<\/a> ar biure.<br \/>\nNaudodami modulin\u012f vazon\u0105 su dr\u0117kinimo sistema, galite k\u0105 nors auginti ir ma\u017eoje erdv\u0117je.<\/p>\n<p><a href=\"https:\/\/youtu.be\/hzagEpO7FHI\">G\u0117li\u0173 vazono su dr\u0117kinimo sistema demonstracinis vaizdo \u012fra\u0161as<\/a><\/p>\n","protected":false},"excerpt":{"rendered":"<p>Du vazonai + laistytuvas \/ indas su vandeniu<br \/>\n&#8211; matmenys: 39,4 x 14,4 x 21,5 cm<\/p>\n","protected":false},"featured_media":14459,"comment_status":"closed","ping_status":"closed","template":"","meta":[],"product_brand":[],"product_cat":[1108],"product_tag":[534,537,531],"class_list":{"0":"post-17060","1":"product","2":"type-product","3":"status-publish","4":"has-post-thumbnail","6":"product_cat-geliu-vazonai-su-laistymo-sistema","7":"product_tag-sodinami-vazonai-su-laistymo-sistema","8":"product_tag-geliu-vazonai","9":"product_tag-geliu-vazonai-su-laistymo-sistema","10":"infinite-scroll-item","11":"no-featured-image-padding","12":"sales-flash-overlay","13":"woocommerce-text-align-left","14":"woocommerce-image-align-center","15":"do-quantity-buttons","17":"first","18":"instock","19":"shipping-taxable","20":"purchasable","21":"product-type-simple"},"_links":{"self":[{"href":"https:\/\/vitavia.lt\/kasvuhoone\/wp-json\/wp\/v2\/product\/17060","targetHints":{"allow":["GET"]}}],"collection":[{"href":"https:\/\/vitavia.lt\/kasvuhoone\/wp-json\/wp\/v2\/product"}],"about":[{"href":"https:\/\/vitavia.lt\/kasvuhoone\/wp-json\/wp\/v2\/types\/product"}],"replies":[{"embeddable":true,"href":"https:\/\/vitavia.lt\/kasvuhoone\/wp-json\/wp\/v2\/comments?post=17060"}],"wp:featuredmedia":[{"embeddable":true,"href":"https:\/\/vitavia.lt\/kasvuhoone\/wp-json\/wp\/v2\/media\/14459"}],"wp:attachment":[{"href":"https:\/\/vitavia.lt\/kasvuhoone\/wp-json\/wp\/v2\/media?parent=17060"}],"wp:term":[{"taxonomy":"product_brand","embeddable":true,"href":"https:\/\/vitavia.lt\/kasvuhoone\/wp-json\/wp\/v2\/product_brand?post=17060"},{"taxonomy":"product_cat","embeddable":true,"href":"https:\/\/vitavia.lt\/kasvuhoone\/wp-json\/wp\/v2\/product_cat?post=17060"},{"taxonomy":"product_tag","embeddable":true,"href":"https:\/\/vitavia.lt\/kasvuhoone\/wp-json\/wp\/v2\/product_tag?post=17060"}],"curies":[{"name":"wp","href":"https:\/\/api.w.org\/{rel}","templated":true}]}}