{"id":16923,"date":"2023-02-17T17:50:39","date_gmt":"2023-05-17T08:03:30","guid":{"rendered":"https:\/\/vitavia.ee\/kasvuhoone\/toode\/306-m-plocio-siltnamis-bora-bora\/"},"modified":"2023-05-17T11:03:30","modified_gmt":"2023-05-17T08:03:30","slug":"siltnamiu-bora-bora-plotis-306-m","status":"publish","type":"product","link":"https:\/\/vitavia.lt\/kasvuhoone\/toode\/siltnamiu-bora-bora-plotis-306-m\/","title":{"rendered":"3,06 m plo\u010dio \u0161iltnamis &#8220;Bora-Bora"},"content":{"rendered":"<p style=\"text-align: left;\">Idealus sprendimas visiems sodininkyst\u0117s entuziastams, kurie ne tik u\u017esiima sodininkyste, bet ir tiesiog m\u0117gaujasi buvimu sode su augalais &#8211; nepriklausomai nuo oro s\u0105lyg\u0173.<br \/>\nBelgijoje gaminami ACD auk\u0161\u010diausios klas\u0117s \u0161iltnamiai ir sodo nameliai puikiai tinka ir dar\u017eov\u0117ms auginti, ir kaip sodo paviljonas.<br \/>\nIr visa tai u\u017e geriausi\u0105 kainos ir kokyb\u0117s santyk\u012f!<\/p>\n<p><strong>MATMENYS IR INFORMACIJA:<\/strong><\/p>\n<ul>\n<li>Specialios formos \u0161iltnam\u012f arba sodo paviljon\u0105 sudaro dvi dalys &#8211; u\u017edaras \u0161iltnamis gale ir atvira, stogu dengta poilsio zona priekyje. \u0160iltnamis yra 306 cm plo\u010dio ir 445 cm ilgio.<\/li>\n<li>U\u017edara \u0161iltnamio dalis yra 6,73 m\u00b2 (306 cm x 220 cm).<\/li>\n<li>Poilsio zonos plotas &#8211; 6,73 m\u00b2 (306 cm x 220 cm).<\/li>\n<li>Stogo kraigo auk\u0161tis, \u012fskaitant pagrindo r\u0117m\u0105, yra 283 cm, o \u0161onin\u0117s sienos auk\u0161tis, \u012fskaitant pagrindo r\u0117m\u0105, yra 203 cm.<\/li>\n<li>Juodais milteliais dengtas aliuminio r\u0117mas ir 4 mm gr\u016bdinto stiklo dangtis.<\/li>\n<li>Didel\u0117 stogo anga u\u017edaroje \u0161iltnamio dalyje, kurios dydis 78 cm x 73 cm.<\/li>\n<li>Tarp poilsio zonos ir \u0161iltnamio yra 1 stumdomos 68 cm x 185 cm dyd\u017eio durys.<\/li>\n<li>\u0160iltnamis komplektuojamas su dviem aliuminio lietaus vamzd\u017eiais, da\u017eytais milteliniu b\u016bdu juoda spalva.<\/li>\n<\/ul>\n<p><strong>\u0160iltnamiui reikalingas pamatas arba i\u0161 anksto paruo\u0161tas akmeninis pavir\u0161ius, arba medin\u0117 veja.<\/strong><br \/>\nTvirtas aliuminio pagrindo r\u0117mas suteikia \u0161iltnamiui daugiau stabilumo ir palengvina surinkim\u0105. Pagrindo r\u0117mas pagamintas i\u0161 tvirto karpinio ir yra dviej\u0173 kamer\u0173, tod\u0117l yra ypa\u010d tvirtas, pavyzd\u017eiui, prie\u0161 \u0161alt\u012f. Prie pagrindo r\u0117mo pritvirtinti inkariniai lynai, kuriuos galima \u012fkasti \u012f \u017eem\u0119 arba supilti \u012f mi\u0161in\u012f. Tod\u0117l subr\u0117mas taip pat gali b\u016bti atskiro pamato pakaitalas.<\/p>\n<p>\u0160iltnamio <strong>4 mm gr\u016bdintas stiklas<\/strong> yra iki 7 kart\u0173 tvirtesnis u\u017e \u012fprast\u0105 \u0161iltnamio stikl\u0105. Tai rei\u0161kia didesn\u012f saugum\u0105 montuojant ir v\u0117liau naudojant. Jei stiklas sudu\u017et\u0173, nelikt\u0173 pavojing\u0173 a\u0161tri\u0173 \u0161uki\u0173, o tik stiklo \u0161uk\u0117s, kaip kad sudu\u017eus automobilio langui. \u0160ios skaldos nepa\u017eeis ir nesutrikdys \u0161iltnamio dirvo\u017eemio.<\/p>\n","protected":false},"excerpt":{"rendered":"<p>Plotis 3,06 m x ilgis 4,45 m = 13,46 m\u00b2<\/p>\n","protected":false},"featured_media":15964,"comment_status":"closed","ping_status":"closed","template":"","meta":[],"product_brand":[],"product_cat":[408],"product_tag":[1607,399,400,401,402,403,404,405],"class_list":{"0":"post-16923","1":"product","2":"type-product","3":"status-publish","4":"has-post-thumbnail","6":"product_cat-star","7":"product_tag-grudintas-stiklas","8":"product_tag-siltnamis","9":"product_tag-siltnamiai","10":"product_tag-siltnamis-lt","11":"product_tag-siltnamis-lt-2","12":"product_tag-siltnamiai-lt","13":"product_tag-triiphone-lt","14":"product_tag-triplex-lt","15":"pa_varv-juodos-spalvos-miltelinis-dazymas-ral-9005","16":"pa_varv-milteliniu-budu-dengtas-kitomis-ral-spalvomis","17":"infinite-scroll-item","18":"no-featured-image-padding","19":"sales-flash-overlay","20":"woocommerce-text-align-left","21":"woocommerce-image-align-center","22":"do-quantity-buttons","24":"first","25":"instock","26":"sale","27":"shipping-taxable","28":"purchasable","29":"product-type-variable","30":"has-default-attributes"},"_links":{"self":[{"href":"https:\/\/vitavia.lt\/kasvuhoone\/wp-json\/wp\/v2\/product\/16923","targetHints":{"allow":["GET"]}}],"collection":[{"href":"https:\/\/vitavia.lt\/kasvuhoone\/wp-json\/wp\/v2\/product"}],"about":[{"href":"https:\/\/vitavia.lt\/kasvuhoone\/wp-json\/wp\/v2\/types\/product"}],"replies":[{"embeddable":true,"href":"https:\/\/vitavia.lt\/kasvuhoone\/wp-json\/wp\/v2\/comments?post=16923"}],"wp:featuredmedia":[{"embeddable":true,"href":"https:\/\/vitavia.lt\/kasvuhoone\/wp-json\/wp\/v2\/media\/15964"}],"wp:attachment":[{"href":"https:\/\/vitavia.lt\/kasvuhoone\/wp-json\/wp\/v2\/media?parent=16923"}],"wp:term":[{"taxonomy":"product_brand","embeddable":true,"href":"https:\/\/vitavia.lt\/kasvuhoone\/wp-json\/wp\/v2\/product_brand?post=16923"},{"taxonomy":"product_cat","embeddable":true,"href":"https:\/\/vitavia.lt\/kasvuhoone\/wp-json\/wp\/v2\/product_cat?post=16923"},{"taxonomy":"product_tag","embeddable":true,"href":"https:\/\/vitavia.lt\/kasvuhoone\/wp-json\/wp\/v2\/product_tag?post=16923"}],"curies":[{"name":"wp","href":"https:\/\/api.w.org\/{rel}","templated":true}]}}