{"id":16922,"date":"2021-02-08T15:44:05","date_gmt":"2023-05-17T08:03:30","guid":{"rendered":"https:\/\/vitavia.ee\/kasvuhoone\/toode\/siltnamis-hanneli-158-m%c2%b2\/"},"modified":"2023-05-17T11:03:30","modified_gmt":"2023-05-17T08:03:30","slug":"siltnamis-hanneli","status":"publish","type":"product","link":"https:\/\/vitavia.lt\/kasvuhoone\/toode\/siltnamis-hanneli\/","title":{"rendered":"\u0160iltnamis Hanneli &#8211; 15,8 m\u00b2"},"content":{"rendered":"<p style=\"text-align: left;\">Idealus sprendimas visiems sodininkyst\u0117s entuziastams, kurie ne tik dirba sode, bet ir tiesiog m\u0117gaujasi buvimu sode su augalais &#8211; nepriklausomai nuo oro s\u0105lyg\u0173.<br \/>\nM\u016bs\u0173 auk\u0161\u010diausios klas\u0117s \u0161iltnamiai ir sodo nameliai idealiai tinka ir dar\u017eov\u0117ms auginti, ir sodo pastogei naudoti.<br \/>\nGalvokite apie j\u0105 kaip apie nuo v\u0117jo ir lietaus apsaugot\u0105 teras\u0105 &#8211; \u012f\u0117j\u0119 \u012f vid\u0173, jausit\u0117s tarsi lauke.<br \/>\nIr visa tai u\u017e geriausi\u0105 kainos ir kokyb\u0117s santyk\u012f!<\/p>\n<p><strong>I\u0160MATUOTA:<\/strong><\/p>\n<ul>\n<li>Specialios formos \u0161iltnamis arba sodo paviljonas yra T formos plano. \u0160iltnamio gabaritinis plotis &#8211; 377 cm, gabaritinis ilgis &#8211; 445 cm. Galini\u0173 sien\u0173 plotis &#8211; 306 cm, pavir\u0161iaus plotas &#8211; 15,79 m\u00b2, t\u016bris &#8211; 33,1 m\u00b3.<\/li>\n<li>Stogo kraigo auk\u0161tis, \u012fskaitant pagrindo r\u0117m\u0105, yra 259 cm, o \u0161onin\u0117s sienos auk\u0161tis, \u012fskaitant pagrindo r\u0117m\u0105, yra 179 cm.<\/li>\n<li>Didel\u0117s 78 cm x 73 cm dyd\u017eio stogo ventiliacin\u0117s angos u\u017etikrina ger\u0105 oro cirkuliacij\u0105.<\/li>\n<li>\u0160iltnamyje taip pat yra lietaus vandens vamzd\u017eiai.<\/li>\n<li>Bendras stiklo plotas yra 41,44 m\u00b2.<\/li>\n<\/ul>\n<p><strong>\u0160iltnamis gali b\u016bti tvirtinamas tiesiai prie \u017eem\u0117s su pagrindo r\u0117mu, prie bet kokio paruo\u0161to akmeninio ar medinio pavir\u0161iaus ir, \u017einoma, prie betoninio ar blokinio pamato.<\/strong><br \/>\nTvirtas aliuminio pagrindo r\u0117mas suteikia \u0161iltnamiui daugiau stabilumo ir palengvina surinkim\u0105. Pagrindo r\u0117mas pagamintas i\u0161 tvirto karpinio ir yra dviej\u0173 kamer\u0173, tod\u0117l yra ypa\u010d tvirtas, pavyzd\u017eiui, prie\u0161 \u0161alt\u012f. Prie pagrindo r\u0117mo pritvirtinti inkariniai lynai, kuriuos galima \u012fkasti \u012f \u017eem\u0119 arba supilti \u012f mi\u0161in\u012f. Tod\u0117l subr\u0117mas taip pat gali b\u016bti atskiro pamato pakaitalas.<\/p>\n<p>\u0160iltnamio <strong>4 mm gr\u016bdintas stiklas<\/strong> yra iki 7 kart\u0173 tvirtesnis u\u017e \u012fprast\u0105 \u0161iltnamio stikl\u0105. Tai rei\u0161kia didesn\u012f saugum\u0105 montuojant ir v\u0117liau naudojant. Jei stiklas sudu\u017et\u0173, nelikt\u0173 pavojing\u0173 a\u0161tri\u0173 \u0161uki\u0173, o tik stiklo \u0161uk\u0117s, kaip kad sudu\u017eus automobilio langui. \u0160ios skaldos nepa\u017eeis ir nesutrikdys \u0161iltnamio dirvo\u017eemio.<\/p>\n","protected":false},"excerpt":{"rendered":"<p>4,45 m x 3,77 m = 15,8 m\u00b2<\/p>\n","protected":false},"featured_media":14496,"comment_status":"closed","ping_status":"closed","template":"","meta":[],"product_brand":[],"product_cat":[990],"product_tag":[399,400,1607,401,402,403,404,405],"class_list":{"0":"post-16922","1":"product","2":"type-product","3":"status-publish","4":"has-post-thumbnail","6":"product_cat-prestige-lt","7":"product_tag-siltnamis","8":"product_tag-siltnamiai","9":"product_tag-grudintas-stiklas","10":"product_tag-siltnamis-lt","11":"product_tag-siltnamis-lt-2","12":"product_tag-siltnamiai-lt","13":"product_tag-triiphone-lt","14":"product_tag-triplex-lt","15":"pa_kattematerjal-grudintas-stiklas","16":"pa_kulje-korgus-179-m-lt","17":"pa_laius-377-m-lt","18":"pa_pikkus-445-m-lt","19":"pa_pindala-1579-m-lt","20":"pa_pindala_vahemik-15-18-m-lt","21":"pa_tipu-korgus-259-m-lt","22":"pa_varv-juodos-spalvos-miltelinis-dazymas-ral-9005","23":"pa_varv-milteliniu-budu-dengtas-kitomis-ral-spalvomis","24":"infinite-scroll-item","25":"no-featured-image-padding","26":"sales-flash-overlay","27":"woocommerce-text-align-left","28":"woocommerce-image-align-center","29":"do-quantity-buttons","31":"first","32":"instock","33":"sale","34":"shipping-taxable","35":"purchasable","36":"product-type-variable","37":"has-default-attributes"},"_links":{"self":[{"href":"https:\/\/vitavia.lt\/kasvuhoone\/wp-json\/wp\/v2\/product\/16922","targetHints":{"allow":["GET"]}}],"collection":[{"href":"https:\/\/vitavia.lt\/kasvuhoone\/wp-json\/wp\/v2\/product"}],"about":[{"href":"https:\/\/vitavia.lt\/kasvuhoone\/wp-json\/wp\/v2\/types\/product"}],"replies":[{"embeddable":true,"href":"https:\/\/vitavia.lt\/kasvuhoone\/wp-json\/wp\/v2\/comments?post=16922"}],"wp:featuredmedia":[{"embeddable":true,"href":"https:\/\/vitavia.lt\/kasvuhoone\/wp-json\/wp\/v2\/media\/14496"}],"wp:attachment":[{"href":"https:\/\/vitavia.lt\/kasvuhoone\/wp-json\/wp\/v2\/media?parent=16922"}],"wp:term":[{"taxonomy":"product_brand","embeddable":true,"href":"https:\/\/vitavia.lt\/kasvuhoone\/wp-json\/wp\/v2\/product_brand?post=16922"},{"taxonomy":"product_cat","embeddable":true,"href":"https:\/\/vitavia.lt\/kasvuhoone\/wp-json\/wp\/v2\/product_cat?post=16922"},{"taxonomy":"product_tag","embeddable":true,"href":"https:\/\/vitavia.lt\/kasvuhoone\/wp-json\/wp\/v2\/product_tag?post=16922"}],"curies":[{"name":"wp","href":"https:\/\/api.w.org\/{rel}","templated":true}]}}