{"id":16912,"date":"2021-02-25T12:37:53","date_gmt":"2021-02-25T09:37:53","guid":{"rendered":"https:\/\/vitavia.ee\/kasvuhoone\/toode\/automatinis-soniniu-langu-atidarymas\/"},"modified":"2023-05-17T11:03:29","modified_gmt":"2023-05-17T08:03:29","slug":"automatinis-langu-atidarymas","status":"publish","type":"product","link":"https:\/\/vitavia.lt\/kasvuhoone\/toode\/automatinis-langu-atidarymas\/","title":{"rendered":"Automatinis \u0161onini\u0173 lang\u0173 atidarymas"},"content":{"rendered":"<p><strong>Automatinis \u0161onini\u0173 lang\u0173 atidarymas &#8220;Hera 9000&#8221; ir &#8220;Freya&#8221; modeliams<\/strong><\/p>\n<p>Automatiniam lang\u0173 atidarymo \u012frenginiui nereikia elektros energijos.<\/p>\n<p>Automatinio k\u0117limo keliamoji galia yra 8 kg, o atidarymo auk\u0161tis &#8211; 40 cm.<\/p>\n<p><a href=\"https:\/\/www.pinterest.com\/mwlconstruct\/kasvuhoone\/\">Pinterest<\/a><br \/>\n<a href=\"http:\/\/www.vitavia.ee\/\" rel=\"nofollow\">Vitavia<\/a><\/p>\n","protected":false},"excerpt":{"rendered":"<p>Automatinis \u0161onini\u0173 lang\u0173 atidarymas &#8220;Hera 9000&#8221; ir &#8220;Freya&#8221; modeliams Automatiniam lang\u0173 atidarymo \u012frenginiui nereikia elektros energijos. Automatinio k\u0117limo keliamoji galia yra 8 kg, o atidarymo auk\u0161tis &#8211; 40 cm. Pinterest Vitavia<\/p>\n","protected":false},"featured_media":14570,"comment_status":"closed","ping_status":"closed","template":"","meta":[],"product_brand":[],"product_cat":[993],"product_tag":[],"class_list":{"0":"post-16912","1":"product","2":"type-product","3":"status-publish","4":"has-post-thumbnail","6":"product_cat-siltnamio-priedas","7":"infinite-scroll-item","8":"no-featured-image-padding","9":"sales-flash-overlay","10":"woocommerce-text-align-left","11":"woocommerce-image-align-center","12":"do-quantity-buttons","14":"first","15":"instock","16":"shipping-taxable","17":"purchasable","18":"product-type-simple"},"_links":{"self":[{"href":"https:\/\/vitavia.lt\/kasvuhoone\/wp-json\/wp\/v2\/product\/16912","targetHints":{"allow":["GET"]}}],"collection":[{"href":"https:\/\/vitavia.lt\/kasvuhoone\/wp-json\/wp\/v2\/product"}],"about":[{"href":"https:\/\/vitavia.lt\/kasvuhoone\/wp-json\/wp\/v2\/types\/product"}],"replies":[{"embeddable":true,"href":"https:\/\/vitavia.lt\/kasvuhoone\/wp-json\/wp\/v2\/comments?post=16912"}],"wp:featuredmedia":[{"embeddable":true,"href":"https:\/\/vitavia.lt\/kasvuhoone\/wp-json\/wp\/v2\/media\/14570"}],"wp:attachment":[{"href":"https:\/\/vitavia.lt\/kasvuhoone\/wp-json\/wp\/v2\/media?parent=16912"}],"wp:term":[{"taxonomy":"product_brand","embeddable":true,"href":"https:\/\/vitavia.lt\/kasvuhoone\/wp-json\/wp\/v2\/product_brand?post=16912"},{"taxonomy":"product_cat","embeddable":true,"href":"https:\/\/vitavia.lt\/kasvuhoone\/wp-json\/wp\/v2\/product_cat?post=16912"},{"taxonomy":"product_tag","embeddable":true,"href":"https:\/\/vitavia.lt\/kasvuhoone\/wp-json\/wp\/v2\/product_tag?post=16912"}],"curies":[{"name":"wp","href":"https:\/\/api.w.org\/{rel}","templated":true}]}}