{"id":16909,"date":"2017-01-22T10:29:41","date_gmt":"2017-01-22T10:29:41","guid":{"rendered":"https:\/\/vitavia.ee\/kasvuhoone\/toode\/automatinis-langu-atidarymas\/"},"modified":"2023-05-17T11:03:29","modified_gmt":"2023-05-17T08:03:29","slug":"automatinis-atidarymas","status":"publish","type":"product","link":"https:\/\/vitavia.lt\/kasvuhoone\/toode\/automatinis-atidarymas\/","title":{"rendered":"Automatinis lang\u0173 atidarymas"},"content":{"rendered":"<p><strong>Automatinis lang\u0173 atidarymas \u0161iltnami\u0173 ir sodo paviljon\u0173 stogo langams.<\/strong><\/p>\n<p>Automatiniam lang\u0173 atidarymo \u012frenginiui nereikia elektros energijos.<\/p>\n<p>Automatinio k\u0117limo keliamoji galia yra 8 kg, o atidarymo auk\u0161tis &#8211; 40 cm.<\/p>\n<h3><a href=\"https:\/\/youtu.be\/c1puKg73kmg\">Per\u017ei\u016br\u0117kite demonstracin\u012f vaizdo \u012fra\u0161\u0105 ir pamatysite, kaip veikia automatinis stoglangi\u0173 atidarymo \u012ftaisas.<\/a><\/h3>\n<p><a href=\"https:\/\/www.pinterest.com\/mwlconstruct\/kasvuhoone\/\">Pinterest<\/a><br \/>\n<a href=\"http:\/\/www.vitavia.ee\/\" rel=\"nofollow\">Vitavia<\/a><\/p>\n","protected":false},"excerpt":{"rendered":"<p>Automatinis lang\u0173 atidarymas \u0161iltnami\u0173 ir sodo paviljon\u0173 stogo langams. Automatiniam lang\u0173 atidarymo \u012frenginiui nereikia elektros energijos. Automatinio k\u0117limo keliamoji galia yra 8 kg, o atidarymo auk\u0161tis &#8211; 40 cm. Per\u017ei\u016br\u0117kite demonstracin\u012f vaizdo \u012fra\u0161\u0105 ir pamatysite, kaip veikia automatinis stoglangi\u0173 atidarymo \u012ftaisas. Pinterest Vitavia<\/p>\n","protected":false},"featured_media":13856,"comment_status":"closed","ping_status":"closed","template":"","meta":[],"product_brand":[],"product_cat":[993],"product_tag":[],"class_list":{"0":"post-16909","1":"product","2":"type-product","3":"status-publish","4":"has-post-thumbnail","6":"product_cat-siltnamio-priedas","7":"infinite-scroll-item","8":"no-featured-image-padding","9":"sales-flash-overlay","10":"woocommerce-text-align-left","11":"woocommerce-image-align-center","12":"do-quantity-buttons","14":"first","15":"instock","16":"shipping-taxable","17":"purchasable","18":"product-type-simple"},"_links":{"self":[{"href":"https:\/\/vitavia.lt\/kasvuhoone\/wp-json\/wp\/v2\/product\/16909","targetHints":{"allow":["GET"]}}],"collection":[{"href":"https:\/\/vitavia.lt\/kasvuhoone\/wp-json\/wp\/v2\/product"}],"about":[{"href":"https:\/\/vitavia.lt\/kasvuhoone\/wp-json\/wp\/v2\/types\/product"}],"replies":[{"embeddable":true,"href":"https:\/\/vitavia.lt\/kasvuhoone\/wp-json\/wp\/v2\/comments?post=16909"}],"wp:featuredmedia":[{"embeddable":true,"href":"https:\/\/vitavia.lt\/kasvuhoone\/wp-json\/wp\/v2\/media\/13856"}],"wp:attachment":[{"href":"https:\/\/vitavia.lt\/kasvuhoone\/wp-json\/wp\/v2\/media?parent=16909"}],"wp:term":[{"taxonomy":"product_brand","embeddable":true,"href":"https:\/\/vitavia.lt\/kasvuhoone\/wp-json\/wp\/v2\/product_brand?post=16909"},{"taxonomy":"product_cat","embeddable":true,"href":"https:\/\/vitavia.lt\/kasvuhoone\/wp-json\/wp\/v2\/product_cat?post=16909"},{"taxonomy":"product_tag","embeddable":true,"href":"https:\/\/vitavia.lt\/kasvuhoone\/wp-json\/wp\/v2\/product_tag?post=16909"}],"curies":[{"name":"wp","href":"https:\/\/api.w.org\/{rel}","templated":true}]}}