{"id":14664,"date":"2015-12-28T00:28:16","date_gmt":"2022-11-01T15:07:28","guid":{"rendered":"https:\/\/vitavia.ee\/kasvuhoone\/toode\/siltnamis-sodo-paviljonas-vitavia-sirius-m\/"},"modified":"2022-11-01T18:07:28","modified_gmt":"2022-11-01T15:07:28","slug":"siltnamis-sodo-paviljonas-vitavija-sirius-m","status":"publish","type":"product","link":"https:\/\/vitavia.lt\/kasvuhoone\/toode\/siltnamis-sodo-paviljonas-vitavija-sirius-m\/","title":{"rendered":"\u0160iltnamis \/ sodo paviljonas Vitavia Sirius M"},"content":{"rendered":"<h3><strong>&#8220;Vitavia SIRIUS&#8221; &#8211; lieknos formos sodo paviljonas arba \u0161iltnamis, kuris praturtins j\u016bs\u0173 sod\u0105.<\/strong><\/h3>\n<p>Tai ideali vieta poilsiui, sve\u010di\u0173 pri\u0117mimui ar augal\u0173 auginimui.<strong><br \/>\n<\/strong><strong><br \/>\nPlotas: 13,0 m2.<\/strong><br \/>\n<strong>Ilgis: 3,84 m<\/strong><br \/>\n<strong>Plotis: 3,84 m<br \/>\n\u0160oninis auk\u0161tis 1,56 m<\/strong><br \/>\n<strong>Vir\u0161\u016bn\u0117s auk\u0161tis: 2,52 m<\/strong><\/p>\n<h3><strong>\u012e kain\u0105 \u012fskai\u010diuotas r\u0117mas, pagrindo r\u0117mas, stogas ir keturi stogo langai.<\/strong><\/h3>\n<div class=\"wpb_text_column wpb_content_element wpb_animate_when_almost_visible wpb_bottom-to-top wpb_start_animation\">\n<div class=\"wpb_wrapper\">\n<ul>\n<li>dengtas 3 mm gr\u016bdintu stiklu<\/li>\n<li>anoduoto aliuminio korpusas<\/li>\n<li>galimos spalvos:<br \/>\n&#8211; anoduoto pilko aliuminio<br \/>\n&#8211; \u017dalias miltelinis da\u017eymas<br \/>\n&#8211; Juodos spalvos milteliniu b\u016bdu dengtas<\/li>\n<li>metalinis pagrindo r\u0117mas<\/li>\n<li>guminiai sandarikliai<\/li>\n<li>lietaus vandens vamzd\u017eiai<\/li>\n<li>4 stogo langai<\/li>\n<li>2 stumdomos stumdomos durys, atsidaran\u010dios prie\u0161ingomis kryptimis<\/li>\n<\/ul>\n<\/div>\n<\/div>\n<p>R\u0117mas pagamintas i\u0161 anoduoto aliuminio (ilgaam\u017e\u0117 gra\u017ei i\u0161vaizda ir aliuminio patvarumas), taip pat galima \u012fsigyti milteliniu b\u016bdu da\u017eyt\u0105.<\/p>\n<p>Galima u\u017esisakyti \u012fvairi\u0173 pried\u0173:<br \/>\n&#8211; \u017ealias ir juodas baldakimas <strong>199 eur<\/strong><br \/>\n&#8211; stogo langas: pilkas <strong>35 eur<\/strong>, juodas ir \u017ealias <strong>50 eur<\/strong><br \/>\n&#8211; automatinis lang\u0173 atidarymo \u012frenginys <strong>39 eur<\/strong><br \/>\n&#8211; \u012fvairios vidin\u0117s lentynos ir pad\u0117klai, lietaus vamzd\u017eiai, dr\u0117kinimo sistema, \u0161ilumin\u0117s sistemos, augal\u0173 tvirtinimo elementai ir kt.<\/p>\n<h4><strong><a href=\"https:\/\/vitavia.ee\/kasvuhoone\/tootekategooria\/kasvuhoone-lisavarustus\/\" target=\"_blank\" rel=\"noopener noreferrer\">\u017dr. turimus priedus<\/a><\/strong><\/h4>\n<p><em>Fondas tikrai n\u0117ra b\u016btinas, bet pageidautinas. \u012e kain\u0105 ne\u012fskai\u010diuota pamat\u0173 statyba ir montavimas.<br \/>\n\u012e gaminio kain\u0105 \u012fskai\u010diuotas r\u0117mas, skirtas pritvirtinti prie vejos ar bet kokio kito paruo\u0161to pavir\u0161iaus.<br \/>\nNB! Geriausia pristatymo pa\u0161to kaina bus apskai\u010diuota pagal j\u016bs\u0173 nurodyt\u0105 adres\u0105 ir i\u0161si\u0173sta jums el. pa\u0161tu.<\/em><\/p>\n<h3><a href=\"https:\/\/youtu.be\/-4zXyeMetnM\" target=\"_blank\" rel=\"noopener noreferrer\">&#8220;Vitavia&#8221; demonstracinis vaizdo \u012fra\u0161as<\/a><\/h3>\n","protected":false},"excerpt":{"rendered":"<p><span title=\"Visus matmenis \u017er. toliau pateiktoje lentel\u0117je\">3,84 m x 3,84 m = 13 m\u00b2<\/span><br \/>\n<a class=\"alus_rm\" href=\"https:\/\/vitavia.ee\/wp-content\/uploads\/2017\/10\/Kasvuhoone-Sirius-paigaldusjuhend.pdf#page=14\" target=\"blanc\" rel=\"noopener\">NB! \u0160iltnamio pagrindo r\u0117mo i\u0161orinius matmenis \u017er. \u010dia<\/a><br \/>\n<span style=\"color: #f5bd2f;\"><strong>M\u0117nesinis mokestis nuo 245,83 \u20ac<\/strong><\/span><\/p>\n","protected":false},"featured_media":12081,"comment_status":"closed","ping_status":"closed","template":"","meta":[],"product_brand":[],"product_cat":[424],"product_tag":[400,432,401,433,1607,399,431],"class_list":{"0":"post-14664","1":"product","2":"type-product","3":"status-publish","4":"has-post-thumbnail","6":"product_cat-sirius-lt","7":"product_tag-siltnamiai","8":"product_tag-aiapaviljonas","9":"product_tag-siltnamis-lt","10":"product_tag-stiklinis-paviljonas","11":"product_tag-grudintas-stiklas","12":"product_tag-siltnamis","13":"product_tag-sodo-namelis","14":"pa_kattematerjal-grudintas-stiklas","15":"pa_kulje-korgus-156-m-lt","16":"pa_laius-384-m-lt","17":"pa_pikkus-384-m-lt","18":"pa_pindala-13-m2-lt","19":"pa_pindala_vahemik-12-16-m-lt","20":"pa_tipu-korgus-252-m-lt","21":"pa_varv-juodas","22":"infinite-scroll-item","23":"no-featured-image-padding","24":"sales-flash-overlay","25":"woocommerce-text-align-left","26":"woocommerce-image-align-center","27":"do-quantity-buttons","29":"first","30":"instock","31":"sale","32":"shipping-taxable","33":"purchasable","34":"product-type-simple"},"_links":{"self":[{"href":"https:\/\/vitavia.lt\/kasvuhoone\/wp-json\/wp\/v2\/product\/14664","targetHints":{"allow":["GET"]}}],"collection":[{"href":"https:\/\/vitavia.lt\/kasvuhoone\/wp-json\/wp\/v2\/product"}],"about":[{"href":"https:\/\/vitavia.lt\/kasvuhoone\/wp-json\/wp\/v2\/types\/product"}],"replies":[{"embeddable":true,"href":"https:\/\/vitavia.lt\/kasvuhoone\/wp-json\/wp\/v2\/comments?post=14664"}],"wp:featuredmedia":[{"embeddable":true,"href":"https:\/\/vitavia.lt\/kasvuhoone\/wp-json\/wp\/v2\/media\/12081"}],"wp:attachment":[{"href":"https:\/\/vitavia.lt\/kasvuhoone\/wp-json\/wp\/v2\/media?parent=14664"}],"wp:term":[{"taxonomy":"product_brand","embeddable":true,"href":"https:\/\/vitavia.lt\/kasvuhoone\/wp-json\/wp\/v2\/product_brand?post=14664"},{"taxonomy":"product_cat","embeddable":true,"href":"https:\/\/vitavia.lt\/kasvuhoone\/wp-json\/wp\/v2\/product_cat?post=14664"},{"taxonomy":"product_tag","embeddable":true,"href":"https:\/\/vitavia.lt\/kasvuhoone\/wp-json\/wp\/v2\/product_tag?post=14664"}],"curies":[{"name":"wp","href":"https:\/\/api.w.org\/{rel}","templated":true}]}}